{"id":3749,"date":"2025-09-20T09:20:37","date_gmt":"2025-09-20T09:20:37","guid":{"rendered":"https:\/\/dutchchemlabs.com\/?post_type=product&#038;p=3749"},"modified":"2025-11-08T07:39:12","modified_gmt":"2025-11-08T07:39:12","slug":"poppers-rush-zero-24ml","status":"publish","type":"product","link":"https:\/\/dutchchemlabs.com\/lv\/product\/poppers-rush-zero-24ml\/","title":{"rendered":"Poppers Rush Zero 24ml"},"content":{"rendered":"<h1><strong>Poppers Rush Zero 24ml<\/strong><\/h1>\n<p>Ervaar de kracht van puur genot met de Poppers Rush Zero 24ml, verkrijgbaar bij dutchchemlabs.com! Deze unieke formule is speciaal ontwikkeld om je te laten genieten van een ongekende sensatie zonder toegevoegde aroma&#8217;s, voor een pure en intense ervaring.<\/p>\n<p>Met zijn krachtige mix van isopropyl nitriet biedt de Poppers Rush Zero een snelle en intense rush die je zintuigen zal prikkelen en je naar nieuwe hoogten van genot zal brengen. Of je nu op zoek bent naar een extra stimulans tijdens intieme momenten of naar een spannende toevoeging aan je feestjes, deze poppers zorgen voor een explosie van plezier zonder afleiding.<\/p>\n<p>De handige fles van 24ml zorgt ervoor dat je altijd genoeg Poppers Rush Zero bij de hand hebt voor al je avonturen. Of je nu een avondje uitgaat met vrienden, een feestje hebt of gewoon wat extra pit wilt toevoegen aan je priv\u00e9momenten, deze poppers zijn jouw ultieme metgezel.<\/p>\n<p>Kies voor een pure sensatie met de Poppers Rush Zero 24ml van dutchchemlabs.com. Bestel vandaag nog en laat je verrassen door de intense en zuivere ervaring van deze sensationele poppers!<\/p>\n<h2>Pas\u016bt\u012bts pirms 18:00 = pieg\u0101d\u0101ts r\u012bt!<\/h2>\n<p><strong>Pas\u016bt\u012bts pirms 18:00 = pieg\u0101d\u0101ts r\u012bt! <\/strong>J\u016bsu pas\u016bt\u012bjums tiks nos\u016bt\u012bts anon\u012bmi un diskr\u0113ti ar m\u016bsu past\u0101v\u012bg\u0101 partnera PostNL starpniec\u012bbu. Turkl\u0101t j\u016bs varat viegli un \u0101tri nor\u0113\u0137in\u0101ties ar iDEAL vai Bancontact. Lai pas\u016bt\u012btu liel\u0101kus daudzumus, l\u016bdzu, s\u016btiet e-pastu uz info@dutchchemlabs.com. Gaid\u0101m j\u016bsu pas\u016bt\u012bjumu!<\/p>\n<p>dutchchemlabs.com p\u0101rdod <a href=\"https:\/\/dutchchemlabs.com\/product-categorie\/research-chemicals\/\">P\u0113tniec\u012bbas \u0137imik\u0101lijas<\/a> un daudz ko citu.<\/p>\n<p>&nbsp;<\/p>\n<div id=\"ConnectiveDocSignExtentionInstalled\" data-extension-version=\"1.0.4\"><\/div>","protected":false},"excerpt":{"rendered":"<ul>\n<li><strong>Diskr\u0113ta un anon\u012bma pieg\u0101de<\/strong><\/li>\n<li><strong>Pas\u016bt\u012bts pirms 18:00 = pieg\u0101d\u0101ts r\u012bt!<\/strong><\/li>\n<li><strong>Bezmaksas pieg\u0101de virs 50 \u20ac<\/strong><\/li>\n<\/ul>\n<div id=\"ConnectiveDocSignExtentionInstalled\" data-extension-version=\"1.0.4\"><\/div>","protected":false},"featured_media":3777,"comment_status":"open","ping_status":"closed","template":"","meta":[],"product_brand":[],"product_cat":[206,207],"product_tag":[],"class_list":{"0":"post-3749","1":"product","2":"type-product","3":"status-publish","4":"has-post-thumbnail","6":"product_cat-poppers","7":"product_cat-poppers-large","9":"first","10":"instock","11":"taxable","12":"shipping-taxable","13":"purchasable","14":"product-type-simple"},"jetpack_sharing_enabled":true,"_links":{"self":[{"href":"https:\/\/dutchchemlabs.com\/lv\/wp-json\/wp\/v2\/product\/3749","targetHints":{"allow":["GET"]}}],"collection":[{"href":"https:\/\/dutchchemlabs.com\/lv\/wp-json\/wp\/v2\/product"}],"about":[{"href":"https:\/\/dutchchemlabs.com\/lv\/wp-json\/wp\/v2\/types\/product"}],"replies":[{"embeddable":true,"href":"https:\/\/dutchchemlabs.com\/lv\/wp-json\/wp\/v2\/comments?post=3749"}],"version-history":[{"count":1,"href":"https:\/\/dutchchemlabs.com\/lv\/wp-json\/wp\/v2\/product\/3749\/revisions"}],"predecessor-version":[{"id":3778,"href":"https:\/\/dutchchemlabs.com\/lv\/wp-json\/wp\/v2\/product\/3749\/revisions\/3778"}],"wp:featuredmedia":[{"embeddable":true,"href":"https:\/\/dutchchemlabs.com\/lv\/wp-json\/wp\/v2\/media\/3777"}],"wp:attachment":[{"href":"https:\/\/dutchchemlabs.com\/lv\/wp-json\/wp\/v2\/media?parent=3749"}],"wp:term":[{"taxonomy":"product_brand","embeddable":true,"href":"https:\/\/dutchchemlabs.com\/lv\/wp-json\/wp\/v2\/product_brand?post=3749"},{"taxonomy":"product_cat","embeddable":true,"href":"https:\/\/dutchchemlabs.com\/lv\/wp-json\/wp\/v2\/product_cat?post=3749"},{"taxonomy":"product_tag","embeddable":true,"href":"https:\/\/dutchchemlabs.com\/lv\/wp-json\/wp\/v2\/product_tag?post=3749"}],"curies":[{"name":"wp","href":"https:\/\/api.w.org\/{rel}","templated":true}]}}