{"id":5535,"date":"2025-09-20T11:29:54","date_gmt":"2025-09-20T11:29:54","guid":{"rendered":"https:\/\/dutchchemlabs.com\/?post_type=product&#038;p=5535"},"modified":"2025-11-08T07:39:10","modified_gmt":"2025-11-08T07:39:10","slug":"2cmc-kristallen","status":"publish","type":"product","link":"https:\/\/dutchchemlabs.com\/lv\/product\/2cmc-kristallen\/","title":{"rendered":"2CMC krist\u0101li"},"content":{"rendered":"<h1>2CMC kristallen kopen<strong><br \/>\n<\/strong><\/h1>\n<p>2CMC is een onderzoekschemische stof en niet bedoeld voor menselijke consumptie. Je kunt 2CMC kopen bij dutchchemlabs.com. Als je v\u00f3\u00f3r 18:00 uur bestelt, wordt het de volgende dag al geleverd! Bij ons kun je veilig en gemakkelijk betalen met iDEAL, CreditCard, bankoverschrijving en crypto, zoals je gewend bent. We verkopen ook <a href=\"https:\/\/dutchchemlabs.com\/product\/2cmc-poeder-kopen-morgen-in-huis\/\">2CMC poeder<\/a> en <a href=\"https:\/\/dutchchemlabs.com\/product\/2cmc-capsules-kopen-morgen-in-huis\/\">2CMC capsules<\/a>.<\/p>\n<h2>2CMC effecten in een notendop<\/h2>\n<div class=\"flex flex-grow flex-col gap-3\">\n<div class=\"min-h-[20px] flex flex-col items-start gap-4 whitespace-pre-wrap break-words\">\n<div class=\"markdown prose w-full break-words dark:prose-invert light\">\n<p>Wat is 2CMC? Als je overweegt om 2CMC te kopen, is het belangrijk om op de hoogte te zijn van de effecten van deze synthetische cathinonen. Over het algemeen worden de effecten van 2CMC Kristallen beschreven als stimulerend, vergelijkbaar met andere stimulerende middelen zoals 3-MMC, 3-CMC en 4-MMC. Gebruikers delen hun ervaringen online, waarbij ze vaak een warm, blij en relaxed gevoel melden, terwijl ze toch scherp van geest blijven.<\/p>\n<\/div>\n<\/div>\n<\/div>\n<div class=\"flex flex-grow flex-col gap-3\">\n<div class=\"min-h-[20px] flex flex-col items-start gap-4 whitespace-pre-wrap break-words\">\n<div class=\"markdown prose w-full break-words dark:prose-invert light\">\n<p>Enkele van de belangrijkste effecten van 2CMC zijn onder andere:<\/p>\n<ul>\n<li>Een gevoel van verbondenheid en empathie met anderen.<\/li>\n<li>Een goed humeur en een verhoogde nieuwsgierigheid.<\/li>\n<li>Euforische gevoelens en zelfverzekerdheid.<\/li>\n<li>Mogelijk tandenknarsen en een licht verhoogde hartslag.<\/li>\n<li>Mogelijke irritatie van de luchtwegen en ogen.<\/li>\n<\/ul>\n<p>Het stimulerende karakter van 2CMC maakt het geliefd voor gebruik tijdens het uitgaan, waar gebruikers vreugde en opgewektheid ervaren. Het is echter belangrijk op te merken dat 2CMC niet geschikt is voor menselijke consumptie, en dutchchemlabs.com draagt geen verantwoordelijkheid voor onjuist gebruik. Bewaar 2CMC op een donkere, koele en droge plaats, buiten het bereik van kinderen en huisdieren.<\/p>\n<p>De effecten van 2CMC kunnen tot 2 tot 4 uur aanhouden, met een nawerking van mogelijk tot wel 12 uur. Het is belangrijk om voorzichtig te zijn bij het doseren van dit middel en bewust te zijn van mogelijke bijwerkingen, zoals vasoconstrictie en cognitieve effecten zoals paranoia en geheugenverlies.<\/p>\n<p>Let op! Aan 2CMC en andere research chemicals is verantwoordelijkheid en voorzichtigheid geboden, en het is altijd verstandig om jezelf goed te informeren over de mogelijke effecten en risico\u2019s van deze stoffen.<\/p>\n<\/div>\n<\/div>\n<\/div>\n<h2>Voor 18:00 besteld = morgen in huis!<\/h2>\n<p><strong>Voor 18:00 besteld = morgen in huis! <\/strong>Je bestelling wordt anoniem en discreet verzonden met onze vaste partner, PostNL. Daarnaast kun je gemakkelijk en snel betalen met iDEAL of Bancontact. Bestel via de site of neem contact met ons op via de chat. Ook voor vragen en\/of opmerkingen kun je altijd met een van onze experts bellen, appen of mailen. Voor bestellingen in grotere hoeveelheden kun je een mail sturen naar info@dutchchemlabs.com. We zien graag je bestelling tegemoet!<\/p>\n<h2>We leveren ook grote hoeveelheden<\/h2>\n<p>Wil je graag 2CMC poeder bestellen in grotere hoeveelheden? Neem dan via de chat contact met ons op. dutchchemlabs.com biedt scherpe tarieven voor grote hoeveelheden Research Chemicals. Wacht niet langer en neem vandaag nog contact met onze experts op.<\/p>\n<div id=\"ConnectiveDocSignExtentionInstalled\" data-extension-version=\"1.0.4\"><\/div>\n","protected":false},"excerpt":{"rendered":"<ul>\n<li><strong>Diskr\u0113ta un anon\u012bma pieg\u0101de<\/strong><\/li>\n<li><strong>Pas\u016bt\u012bts pirms 18:00 = pieg\u0101d\u0101ts r\u012bt!<\/strong><\/li>\n<li><strong>Bezmaksas pieg\u0101de virs 50 \u20ac<\/strong><\/li>\n<\/ul>\n<div id=\"ConnectiveDocSignExtentionInstalled\" data-extension-version=\"1.0.4\"><\/div>","protected":false},"featured_media":8823,"comment_status":"open","ping_status":"closed","template":"","meta":[],"product_brand":[],"product_cat":[318,102,187],"product_tag":[],"class_list":{"0":"post-5535","1":"product","2":"type-product","3":"status-publish","4":"has-post-thumbnail","6":"product_cat-2cmc","7":"product_cat-cathinonen","8":"product_cat-populair","10":"first","11":"instock","12":"sale","13":"taxable","14":"shipping-taxable","15":"purchasable","16":"product-type-variable"},"jetpack_sharing_enabled":true,"_links":{"self":[{"href":"https:\/\/dutchchemlabs.com\/lv\/wp-json\/wp\/v2\/product\/5535","targetHints":{"allow":["GET"]}}],"collection":[{"href":"https:\/\/dutchchemlabs.com\/lv\/wp-json\/wp\/v2\/product"}],"about":[{"href":"https:\/\/dutchchemlabs.com\/lv\/wp-json\/wp\/v2\/types\/product"}],"replies":[{"embeddable":true,"href":"https:\/\/dutchchemlabs.com\/lv\/wp-json\/wp\/v2\/comments?post=5535"}],"version-history":[{"count":2,"href":"https:\/\/dutchchemlabs.com\/lv\/wp-json\/wp\/v2\/product\/5535\/revisions"}],"predecessor-version":[{"id":8824,"href":"https:\/\/dutchchemlabs.com\/lv\/wp-json\/wp\/v2\/product\/5535\/revisions\/8824"}],"wp:featuredmedia":[{"embeddable":true,"href":"https:\/\/dutchchemlabs.com\/lv\/wp-json\/wp\/v2\/media\/8823"}],"wp:attachment":[{"href":"https:\/\/dutchchemlabs.com\/lv\/wp-json\/wp\/v2\/media?parent=5535"}],"wp:term":[{"taxonomy":"product_brand","embeddable":true,"href":"https:\/\/dutchchemlabs.com\/lv\/wp-json\/wp\/v2\/product_brand?post=5535"},{"taxonomy":"product_cat","embeddable":true,"href":"https:\/\/dutchchemlabs.com\/lv\/wp-json\/wp\/v2\/product_cat?post=5535"},{"taxonomy":"product_tag","embeddable":true,"href":"https:\/\/dutchchemlabs.com\/lv\/wp-json\/wp\/v2\/product_tag?post=5535"}],"curies":[{"name":"wp","href":"https:\/\/api.w.org\/{rel}","templated":true}]}}