{"id":5814,"date":"2025-09-20T11:31:37","date_gmt":"2025-09-20T11:31:37","guid":{"rendered":"https:\/\/dutchchemlabs.com\/?post_type=product&#038;p=5814"},"modified":"2025-11-08T07:39:10","modified_gmt":"2025-11-08T07:39:10","slug":"o-dsmt-pellets-30mg","status":"publish","type":"product","link":"https:\/\/dutchchemlabs.com\/lv\/product\/o-dsmt-pellets-30mg\/","title":{"rendered":"O-DSMT pellets 30mg"},"content":{"rendered":"<p>O-DSMT kopen? Bestel vandaag nog de allerhoogste kwaliteit O-DSMT pellets bij dutchchemlabs.com. Voor 18:00 besteld is morgen al in huis! We doen er alles aan om onze producten zo snel mogelijk bij je te krijgen. Daarnaast kun je gemakkelijk en veilig betalen met iDEAL. O-DSMT pellets kopen doe je bij dutchchemlabs.com, de snelste, beste en goedkoopste!<\/p>\n<h2>Wat is O-DSMT?<\/h2>\n<div class=\"flex flex-grow flex-col max-w-full gap-3 gizmo:gap-0\">\n<div class=\"min-h-[20px] text-message flex flex-col items-start gap-3 whitespace-pre-wrap break-words [.text-message+&amp;]:mt-5 overflow-x-auto\" data-message-author-role=\"assistant\" data-message-id=\"16465ac7-22f7-4a94-9340-be1ef3a8ec79\">\n<div class=\"markdown prose w-full break-words dark:prose-invert dark\">\n<p>O-DSMT is een krachtige opio\u00efde en analoog van tramadol. Het staat bekend om zijn pijnstillende eigenschappen en wordt vaak gebruikt als een opio\u00efde analgeticum. Als een afgeleide van tramadol deelt O-DSMT enkele van zijn therapeutische toepassingen, maar het heeft ook een potentere werking. Vanwege zijn opio\u00efde aard be\u00efnvloedt O-DSMT de receptoren in de hersenen die verantwoordelijk zijn voor pijnperceptie, waardoor het effectief is bij het verlichten van matige tot ernstige pijn. Het wordt soms ook gewaardeerd vanwege zijn milde stimulerende effecten en positieve invloed op de stemming.<\/p>\n<p>Wij bieden ook <a href=\"https:\/\/dutchchemlabs.com\/product-categorie\/research-chemicals\/cathinonen\/2mmc-kopen\/\">2MMC<\/a>, <a href=\"https:\/\/dutchchemlabs.com\/product-categorie\/research-chemicals\/cathinonen\/pentedrone-nep\/\">Pentedrone (NEP)<\/a>,\u00a0<a href=\"https:\/\/dutchchemlabs.com\/product-categorie\/research-chemicals\/cathinonen\/3fmc\/\">3FMC<\/a> en andere research chemicals aan.<\/p>\n<\/div>\n<\/div>\n<\/div>\n<h2>Voor 18:00 besteld = morgen in huis!<\/h2>\n<p>O-DSMT kopen? Bestel vandaag nog de allerhoogste kwaliteit O-DSMT bij dutchchemlabs.com.<strong> Voor 18:00 besteld = morgen in huis! <\/strong>Je bestelling wordt anoniem en discreet verzonden met onze vaste koeriersdienst. Daarnaast kun je gemakkelijk en snel betalen met iDEAL, Bancontact of Crypto. Bestel via de site of neem contact met ons op via de chat. Ook voor vragen en\/of opmerkingen kun je ons altijd bellen, appen of mailen. Voor bestellingen in grotere hoeveelheden kun je een mail sturen naar info@dutchchemlabs.com. We zien graag je bestelling tegemoet!<\/p>\n<h2>We leveren ook grote hoeveelheden<\/h2>\n<p>Wil je graag O-DSMT pellets bestellen in grotere hoeveelheden? Neem dan contact op via de chat. dutchchemlabs.com bied scherpe tarieven voor grotere hoeveelheden. Wacht niet langer en neem vandaag nog contact op. Contacteer ons via de chat. dutchchemlabs.com biedt scherpe tarieven voor grotere hoeveelheden.<\/p>\n<div id=\"ConnectiveDocSignExtentionInstalled\" data-extension-version=\"1.0.4\"><\/div>\n","protected":false},"excerpt":{"rendered":"<ul>\n<li><strong>Diskr\u0113ta un anon\u012bma pieg\u0101de<\/strong><\/li>\n<li><strong>Pas\u016bt\u012bts pirms 18:00 = pieg\u0101d\u0101ts r\u012bt!<\/strong><\/li>\n<li><strong>Bezmaksas pieg\u0101de virs 50 \u20ac<\/strong><\/li>\n<\/ul>\n<div id=\"ConnectiveDocSignExtentionInstalled\" data-extension-version=\"1.0.4\"><\/div>","protected":false},"featured_media":8872,"comment_status":"open","ping_status":"closed","template":"","meta":[],"product_brand":[],"product_cat":[230,231,573,187],"product_tag":[],"class_list":{"0":"post-5814","1":"product","2":"type-product","3":"status-publish","4":"has-post-thumbnail","6":"product_cat-cyclohexanol","7":"product_cat-o-dsmt","8":"product_cat-pellets","9":"product_cat-populair","11":"first","12":"instock","13":"taxable","14":"shipping-taxable","15":"purchasable","16":"product-type-variable"},"jetpack_sharing_enabled":true,"_links":{"self":[{"href":"https:\/\/dutchchemlabs.com\/lv\/wp-json\/wp\/v2\/product\/5814","targetHints":{"allow":["GET"]}}],"collection":[{"href":"https:\/\/dutchchemlabs.com\/lv\/wp-json\/wp\/v2\/product"}],"about":[{"href":"https:\/\/dutchchemlabs.com\/lv\/wp-json\/wp\/v2\/types\/product"}],"replies":[{"embeddable":true,"href":"https:\/\/dutchchemlabs.com\/lv\/wp-json\/wp\/v2\/comments?post=5814"}],"version-history":[{"count":2,"href":"https:\/\/dutchchemlabs.com\/lv\/wp-json\/wp\/v2\/product\/5814\/revisions"}],"predecessor-version":[{"id":8873,"href":"https:\/\/dutchchemlabs.com\/lv\/wp-json\/wp\/v2\/product\/5814\/revisions\/8873"}],"wp:featuredmedia":[{"embeddable":true,"href":"https:\/\/dutchchemlabs.com\/lv\/wp-json\/wp\/v2\/media\/8872"}],"wp:attachment":[{"href":"https:\/\/dutchchemlabs.com\/lv\/wp-json\/wp\/v2\/media?parent=5814"}],"wp:term":[{"taxonomy":"product_brand","embeddable":true,"href":"https:\/\/dutchchemlabs.com\/lv\/wp-json\/wp\/v2\/product_brand?post=5814"},{"taxonomy":"product_cat","embeddable":true,"href":"https:\/\/dutchchemlabs.com\/lv\/wp-json\/wp\/v2\/product_cat?post=5814"},{"taxonomy":"product_tag","embeddable":true,"href":"https:\/\/dutchchemlabs.com\/lv\/wp-json\/wp\/v2\/product_tag?post=5814"}],"curies":[{"name":"wp","href":"https:\/\/api.w.org\/{rel}","templated":true}]}}