{"id":6454,"date":"2025-09-20T11:34:31","date_gmt":"2025-09-20T11:34:31","guid":{"rendered":"https:\/\/dutchchemlabs.com\/?post_type=product&#038;p=6454"},"modified":"2025-11-08T07:39:08","modified_gmt":"2025-11-08T07:39:08","slug":"4-ho-met-pellets-21mg","status":"publish","type":"product","link":"https:\/\/dutchchemlabs.com\/lv\/product\/4-ho-met-pellets-21mg\/","title":{"rendered":"4-HO-MET Pellets (21mg)"},"content":{"rendered":"<h1>4-HO-MET pellets kopen<\/h1>\n<p>4-HO-MET is een onderzoekschemische stof en niet bedoeld voor menselijke consumptie. Je kunt 4-HO-MET kopen bij dutchchemlabs.com. Als je v\u00f3\u00f3r 18:00 uur bestelt, wordt het de volgende dag al geleverd! Bij ons kun je veilig en gemakkelijk betalen met iDEAL, CreditCard, bankoverschrijving en crypto, zoals je gewend bent. 4-HO-MET bestellen doe je bij dutchchemlabs.com. Wij bieden ook <a href=\"https:\/\/dutchchemlabs.com\/product-categorie\/research-chemicals\/cathinonen\/2mmc-kopen\/\">2MMC<\/a>, <a href=\"https:\/\/dutchchemlabs.com\/product-categorie\/research-chemicals\/cathinonen\/pentedrone-nep\/\">Pentedrone (NEP)<\/a>,\u00a0<a href=\"https:\/\/dutchchemlabs.com\/product-categorie\/research-chemicals\/cathinonen\/3fmc\/\">3FMC<\/a> en andere research chemicals aan.<\/p>\n<h2>Wat is 4-HO-MET<\/h2>\n<p>4-Hydroxy-N-methyl-N-ethyltryptamine, ook bekend als 4-HO-MET, is een weinig bekende psychedelische stof behorend tot de tryptamineklasse en structureel verwant aan psilocin, het actieve bestanddeel in psilocybine paddenstoelen. Gesynthetiseerd door Alexander Shulgin, wordt het beschreven in zijn boek TiHKAL uit 1997. Met rapporten van menselijk gebruik sinds de late jaren 2000, verscheen het op de online onderzoekchemische markt naast andere psilocybine analogen. Gebruikers ervaren subjectieve effecten zoals geometrische visuele hallucinaties, tijdsvervorming en versterkte introspectie, waardoor 4-HO-MET vaak wordt beschouwd als een<\/p>\n<h2>4-HO-MET effecten<\/h2>\n<p>4-HO-MET, ook wel bekend als \u201ccolour\u201d en \u201cmetocin,\u201d heeft een gevarieerd scala aan effecten op de gebruikers gemeld. Deze effecten omvatten visuele hallucinaties, veranderingen in waarneming van tijd, verbeterde introspectie en soms zelfs het verlies van het ego. Het wordt vaak beschouwd als een recreatieve en praktische alternatief voor psilocybine paddenstoelen vanwege de sterke nadruk op visuele effecten en de mildere mentale toestand. Gebruikers beschrijven levendige en kleurrijke psychedelische visioenen.<\/p>\n<div class=\"flex flex-grow flex-col gap-3\">\n<div class=\"min-h-[20px] flex flex-col items-start gap-4 whitespace-pre-wrap break-words\">\n<div class=\"markdown prose w-full break-words dark:prose-invert light\">\n<div class=\"flex flex-grow flex-col gap-3\">\n<div class=\"min-h-[20px] flex items-start overflow-x-auto whitespace-pre-wrap break-words flex-col gap-4\">\n<div class=\"markdown prose w-full break-words dark:prose-invert light\">\n<div class=\"flex flex-grow flex-col gap-3\">\n<div class=\"markdown prose w-full break-words dark:prose-invert light\">Let op! Desondanks moeten gebruikers voorzichtig zijn bij het gebruiken van deze stof bij het uitvoeren van hun onderzoek, aangezien de ervaringen niet voorspelbaar zijn en hogere doses de kans op het volledige spectrum van effecten vergroten, wat potentieel nadelige effecten kan veroorzaken, waaronder verslaving, ernstige verwondingen of zelfs overlijden. Harm reduction-praktijken zijn dus van groot belang bij het gebruik van deze stof in jouw onderzoek.<\/div>\n<\/div>\n<\/div>\n<\/div>\n<\/div>\n<\/div>\n<\/div>\n<\/div>\n<h2>Voor 18:00 besteld = morgen in huis!<\/h2>\n<p><strong>Voor 18:00 besteld = morgen in huis! <\/strong>Je bestelling wordt anoniem en discreet verzonden met onze vaste koeriersdienst. Daarnaast kun je gemakkelijk en snel betalen met iDEAL, Bancontact of Crypto. Bestel via de site of neem contact met ons op via de chat. Ook voor vragen en\/of opmerkingen kun je ons altijd bellen, appen of mailen. Voor bestellingen in grotere hoeveelheden kun je een mail sturen naar info@dutchchemlabs.com. We zien graag je bestelling tegemoet!<\/p>\n<h2>Grote hoeveelheden 4-HO-MET bestellen<\/h2>\n<p>Wil je graag 4-HO-MET bestellen in grotere hoeveelheden? Neem dan via de chat contact op. dutchchemlabs.com bied scherpe tarieven voor grotere hoeveelheden. Wacht niet langer en neem vandaag nog contact op.<\/p>\n<div id=\"ConnectiveDocSignExtentionInstalled\" data-extension-version=\"1.0.4\"><\/div>\n","protected":false},"excerpt":{"rendered":"<ul>\n<li><strong>Diskr\u0113ta un anon\u012bma pieg\u0101de<\/strong><\/li>\n<li><strong>Pas\u016bt\u012bts pirms 18:00 = pieg\u0101d\u0101ts r\u012bt!<\/strong><\/li>\n<li><strong>Bezmaksas pieg\u0101de virs 50 \u20ac<\/strong><\/li>\n<\/ul>\n<div id=\"ConnectiveDocSignExtentionInstalled\" data-extension-version=\"1.0.4\"><\/div>","protected":false},"featured_media":8855,"comment_status":"open","ping_status":"closed","template":"","meta":[],"product_brand":[],"product_cat":[338,573,244],"product_tag":[],"class_list":{"0":"post-6454","1":"product","2":"type-product","3":"status-publish","4":"has-post-thumbnail","6":"product_cat-4-ho-met","7":"product_cat-pellets","8":"product_cat-tryptamines","10":"first","11":"instock","12":"taxable","13":"shipping-taxable","14":"purchasable","15":"product-type-variable"},"jetpack_sharing_enabled":true,"_links":{"self":[{"href":"https:\/\/dutchchemlabs.com\/lv\/wp-json\/wp\/v2\/product\/6454","targetHints":{"allow":["GET"]}}],"collection":[{"href":"https:\/\/dutchchemlabs.com\/lv\/wp-json\/wp\/v2\/product"}],"about":[{"href":"https:\/\/dutchchemlabs.com\/lv\/wp-json\/wp\/v2\/types\/product"}],"replies":[{"embeddable":true,"href":"https:\/\/dutchchemlabs.com\/lv\/wp-json\/wp\/v2\/comments?post=6454"}],"version-history":[{"count":2,"href":"https:\/\/dutchchemlabs.com\/lv\/wp-json\/wp\/v2\/product\/6454\/revisions"}],"predecessor-version":[{"id":8856,"href":"https:\/\/dutchchemlabs.com\/lv\/wp-json\/wp\/v2\/product\/6454\/revisions\/8856"}],"wp:featuredmedia":[{"embeddable":true,"href":"https:\/\/dutchchemlabs.com\/lv\/wp-json\/wp\/v2\/media\/8855"}],"wp:attachment":[{"href":"https:\/\/dutchchemlabs.com\/lv\/wp-json\/wp\/v2\/media?parent=6454"}],"wp:term":[{"taxonomy":"product_brand","embeddable":true,"href":"https:\/\/dutchchemlabs.com\/lv\/wp-json\/wp\/v2\/product_brand?post=6454"},{"taxonomy":"product_cat","embeddable":true,"href":"https:\/\/dutchchemlabs.com\/lv\/wp-json\/wp\/v2\/product_cat?post=6454"},{"taxonomy":"product_tag","embeddable":true,"href":"https:\/\/dutchchemlabs.com\/lv\/wp-json\/wp\/v2\/product_tag?post=6454"}],"curies":[{"name":"wp","href":"https:\/\/api.w.org\/{rel}","templated":true}]}}