{"id":6498,"date":"2025-09-20T19:24:58","date_gmt":"2025-09-20T19:24:58","guid":{"rendered":"https:\/\/dutchchemlabs.com\/?post_type=product&#038;p=6498"},"modified":"2025-11-08T07:39:08","modified_gmt":"2025-11-08T07:39:08","slug":"4-ho-mipt-pellets","status":"publish","type":"product","link":"https:\/\/dutchchemlabs.com\/lv\/product\/4-ho-mipt-pellets\/","title":{"rendered":"4-HO-MiPT Pellets"},"content":{"rendered":"<h1>4-HO-MiPT pellets kopen<\/h1>\n<p>4-HO-MiPT is een onderzoekschemische stof en niet bedoeld voor menselijke consumptie. Je kunt 4-HO-MiPT kopen bij dutchchemlabs.com. Als je v\u00f3\u00f3r 18:00 uur bestelt, wordt het de volgende dag al geleverd! Bij ons kun je veilig en gemakkelijk betalen met iDEAL, CreditCard, bankoverschrijving en crypto, zoals je gewend bent. 4-HO-MiPT bestellen doe je bij dutchchemlabs.com. Wij bieden ook <a href=\"https:\/\/dutchchemlabs.com\/product-categorie\/research-chemicals\/cathinonen\/2mmc-kopen\/\">2MMC<\/a>, <a href=\"https:\/\/dutchchemlabs.com\/product-categorie\/research-chemicals\/cathinonen\/pentedrone-nep\/\">Pentedrone (NEP)<\/a>,\u00a0<a href=\"https:\/\/dutchchemlabs.com\/product-categorie\/research-chemicals\/cathinonen\/3fmc\/\">3FMC<\/a> en andere research chemicals aan.<\/p>\n<h2>Wat is 4-HO-MiPT?<\/h2>\n<div class=\"flex flex-grow flex-col max-w-full gap-3 gizmo:gap-0\">\n<div class=\"min-h-[20px] text-message flex flex-col items-start gap-3 whitespace-pre-wrap break-words [.text-message+&amp;]:mt-5 overflow-x-auto\" data-message-author-role=\"assistant\" data-message-id=\"137bbd8c-559f-4478-a363-6c1e13f74754\">\n<div class=\"markdown prose w-full break-words dark:prose-invert dark\">\n<div class=\"flex flex-grow flex-col max-w-full gap-3 gizmo:gap-0\">\n<div class=\"min-h-[20px] text-message flex flex-col items-start gap-3 whitespace-pre-wrap break-words [.text-message+&amp;]:mt-5 overflow-x-auto\" data-message-author-role=\"assistant\" data-message-id=\"137bbd8c-559f-4478-a363-6c1e13f74754\">\n<div class=\"markdown prose w-full break-words dark:prose-invert dark\">\n<p>4-Hydroxy-N-methyl-N-isopropyltryptamine, ook bekend als 4-HO-MiPT of Miprocin, is een psychedelische stof behorend tot de tryptamineklasse. Het vertoont psilocybine-achtige effecten en behoort tot een reeks gesubstitueerde tryptamines, waaronder 4-AcO-DMT en 4-HO-DiPT. Gesynthetiseerd in 1981 door chemici onder leiding van David Repke, werd het door Alexander Shulgin beschreven als de meest interessante en enige met klassieke hallucinogene effecten. Shulgin\u2019s persoonlijke ervaringen, samen met andere anekdotische rapporten, suggereren dat 4-HO-MiPT vergelijkbare activiteit heeft als psilocine, het actieve bestanddeel in psilocybine paddenstoelen.<\/p>\n<\/div>\n<\/div>\n<\/div>\n<\/div>\n<\/div>\n<\/div>\n<h2>4-HO-MiPT effecten<\/h2>\n<div class=\"flex flex-grow flex-col gap-3\">\n<div class=\"min-h-[20px] flex flex-col items-start gap-4 whitespace-pre-wrap break-words\">\n<div class=\"markdown prose w-full break-words dark:prose-invert light\">\n<div class=\"flex flex-grow flex-col gap-3\">\n<div class=\"min-h-[20px] flex items-start overflow-x-auto whitespace-pre-wrap break-words flex-col gap-4\">\n<div class=\"markdown prose w-full break-words dark:prose-invert light\">\n<p>De subjectieve effecten van 4-HO-MiPT, ook wel bekend als \u201cMiprocin,\u201d vari\u00ebren enigszins tussen individuen en moeten met een gezonde mate van scepsis worden bekeken. Hoewel deze effecten niet voorspelbaar of consistent zijn, wordt aangenomen dat hogere doses een breed scala aan ervaringen kunnen opwekken, waarbij de positieve effecten overheersen. Deze omvatten zowel fysieke als visuele effecten. 4-HO-MiPT heeft de unieke eigenschap om zowel ontspannend en stonend te zijn als licht stimulerend, wat het onderscheidt van verwante stoffen zoals psilocybine en 4-AcO-DMT.<\/p>\n<p>De fysieke sensaties worden beschreven als aangename, warme, zachte en allesomvattende tintelingen, en veranderingen in de perceptie van het eigen lichaam kunnen een gevoel van eenheid en comfort teweegbrengen.\u00a0Positieve visuele effecten zijn onder andere verbeteringen in kleurwaarneming, patroonherkenning en visuele helderheid, evenals veranderingen in visuele distorties en geometrie.<\/p>\n<\/div>\n<\/div>\n<\/div>\n<\/div>\n<\/div>\n<\/div>\n<h2>Voor 18:00 besteld = morgen in huis!<\/h2>\n<p><strong>Voor 18:00 besteld = morgen in huis! <\/strong>Je bestelling wordt anoniem en discreet verzonden met onze vaste koeriersdienst. Daarnaast kun je gemakkelijk en snel betalen met iDEAL, Bancontact of Crypto. Bestel via de site of neem contact met ons op via de chat. Ook voor vragen en\/of opmerkingen kun je ons altijd bellen, appen of mailen. Voor bestellingen in grotere hoeveelheden kun je een mail sturen naar info@dutchchemlabs.com. We zien graag je bestelling tegemoet!<\/p>\n<h2>Grote hoeveelheden 4-HO-MiPT bestellen<\/h2>\n<p>Wil je graag 4-HO-MiPT bestellen in grotere hoeveelheden? Neem dan via de chat contact op. dutchchemlabs.com bied scherpe tarieven voor grotere hoeveelheden. Wacht niet langer en neem vandaag nog contact op.<\/p>\n<div id=\"ConnectiveDocSignExtentionInstalled\" data-extension-version=\"1.0.4\"><\/div>\n","protected":false},"excerpt":{"rendered":"<ul>\n<li><strong>Diskr\u0113ta un anon\u012bma pieg\u0101de<\/strong><\/li>\n<li><strong>Voor 16:00 besteld = morgen in huis!<\/strong><\/li>\n<li><strong>Bezmaksas pieg\u0101de virs 50 \u20ac<\/strong><\/li>\n<\/ul>\n<div id=\"ConnectiveDocSignExtentionInstalled\" data-extension-version=\"1.0.4\"><\/div>","protected":false},"featured_media":8848,"comment_status":"open","ping_status":"closed","template":"","meta":[],"product_brand":[],"product_cat":[339,573,244],"product_tag":[],"class_list":{"0":"post-6498","1":"product","2":"type-product","3":"status-publish","4":"has-post-thumbnail","6":"product_cat-4-ho-mipt","7":"product_cat-pellets","8":"product_cat-tryptamines","10":"first","11":"instock","12":"taxable","13":"shipping-taxable","14":"purchasable","15":"product-type-variable"},"jetpack_sharing_enabled":true,"_links":{"self":[{"href":"https:\/\/dutchchemlabs.com\/lv\/wp-json\/wp\/v2\/product\/6498","targetHints":{"allow":["GET"]}}],"collection":[{"href":"https:\/\/dutchchemlabs.com\/lv\/wp-json\/wp\/v2\/product"}],"about":[{"href":"https:\/\/dutchchemlabs.com\/lv\/wp-json\/wp\/v2\/types\/product"}],"replies":[{"embeddable":true,"href":"https:\/\/dutchchemlabs.com\/lv\/wp-json\/wp\/v2\/comments?post=6498"}],"version-history":[{"count":2,"href":"https:\/\/dutchchemlabs.com\/lv\/wp-json\/wp\/v2\/product\/6498\/revisions"}],"predecessor-version":[{"id":8849,"href":"https:\/\/dutchchemlabs.com\/lv\/wp-json\/wp\/v2\/product\/6498\/revisions\/8849"}],"wp:featuredmedia":[{"embeddable":true,"href":"https:\/\/dutchchemlabs.com\/lv\/wp-json\/wp\/v2\/media\/8848"}],"wp:attachment":[{"href":"https:\/\/dutchchemlabs.com\/lv\/wp-json\/wp\/v2\/media?parent=6498"}],"wp:term":[{"taxonomy":"product_brand","embeddable":true,"href":"https:\/\/dutchchemlabs.com\/lv\/wp-json\/wp\/v2\/product_brand?post=6498"},{"taxonomy":"product_cat","embeddable":true,"href":"https:\/\/dutchchemlabs.com\/lv\/wp-json\/wp\/v2\/product_cat?post=6498"},{"taxonomy":"product_tag","embeddable":true,"href":"https:\/\/dutchchemlabs.com\/lv\/wp-json\/wp\/v2\/product_tag?post=6498"}],"curies":[{"name":"wp","href":"https:\/\/api.w.org\/{rel}","templated":true}]}}