{"id":6536,"date":"2025-09-20T19:25:02","date_gmt":"2025-09-20T19:25:02","guid":{"rendered":"https:\/\/dutchchemlabs.com\/?post_type=product&#038;p=6536"},"modified":"2025-11-08T07:39:07","modified_gmt":"2025-11-08T07:39:07","slug":"pink-mandala-liquid-5ml-5-meo-mipt-5-meo-dipt","status":"publish","type":"product","link":"https:\/\/dutchchemlabs.com\/lv\/product\/pink-mandala-liquid-5ml-5-meo-mipt-5-meo-dipt\/","title":{"rendered":"Pink Mandala Liquid 5ml &#8211; (5-MeO-MiPT\/5-MeO-DiPT)"},"content":{"rendered":"<p><strong>Pink Mandala Liquid 5ml Kopen. Nu tijdelijk tegen een geweldige actie prijs! Bestel vandaag nog de allerhoogste kwaliteit Liquid Research Chemicals bij dutchchemlabs.com. <em>Voor 18:00 besteld is morgen al in huis!<\/em> Wij doen er alles aan om onze producten zo snel mogelijk bij jou te krijgen. Daarnaast kan je gemakkelijk en veilig betalen met iDeal. Pink Mandala Liquid 5ml kopen doe je bij dutchchemlabs.com, de snelste, beste en goedkoopste! Daarnaast meerdere soorten<a href=\"https:\/\/dutchchemlabs.com\/product-categorie\/research-chemicals\/\"> P\u0113tniec\u012bbas \u0137imik\u0101lijas<\/a> aan.<\/strong><\/p>\n<h2>Pink Mandala Liquid 5ml &#8211; (5-MeO-MiPT\/5-MeO-DiPT) Kopen<\/h2>\n<p>Bij dutchchemlabs.com bieden we de Pink Mandala mix aan, met voldoende inhoud voor onderzoeksdoeleinden door \u00e9\u00e9n persoon. We raden aan om je onderzoek altijd te beginnen met een kwart of half buisje, om de beste dosering voor jouw onderzoek te vinden.<\/p>\n<p>Om te voorkomen dat derden (zoals kinderen of huisdieren) onze Mandala mixes aanzien voor consumptiegoederen, voegen wij geen geur- en smaakstoffen toe.<\/p>\n<p>Houd er rekening mee dat 5-MeO-MiPT en 5-MeO-DiPT alleen verkocht worden voor research doeleinden en niet bedoeld zijn voor consumptie.<\/p>\n<p>Onze Pink Mandala mix behoudt zijn stabiliteit tot minimaal 2 jaar wanneer deze in de juiste omgeving wordt bewaard (koel, droog en donker). Houd er rekening mee dat dit product uitsluitend bedoeld is voor onderzoeksdoeleinden en buiten het bereik van kinderen en huisdieren moet worden bewaard.<\/p>\n<p>Bij dutchchemlabs.com bieden we goede kwaliteit research chemicals voor een eerlijke prijs en verzenden we jouw bestelling elke dag binnen 24 uur. Bestel nu veilig en snel via onze website.<\/p>\n<p><strong>5-MeO-MiPT:<\/strong><br \/> Synoniem: 5-Methoxy-N-methyl-N-isopropyltryptamine<br \/> CAS-nummer: 96096-53-6<br \/> Formule: C15H22N2O<br \/> Molmassa: 246,35 g\/mol<br \/> Zuiverheid: \u226598%<\/p>\n<p><strong>5-MeO-DiPT:<\/strong><br \/> Synoniem: 5-Methoxy-N,N-diisopropyltryptamine<br \/> CAS-nummer: 96096-55-8<br \/> Formule: C18H28N2O<br \/> Molmassa: 292,44 g\/mol<br \/> Zuiverheid: \u226599%<\/p>\n<p><strong>Gevarenaanduiding:<\/strong><br \/> 5-MeO-MiPT en 5-MeO-DiPT kunnen luchtweg- en oogirritatie veroorzaken. Lozing van research chemicals in het milieu is verboden.<\/p>\n<p>Bij contact met de ogen: spoel de ogen voorzichtig af met water gedurende vijf minuten en verwijder contactlenzen indien mogelijk.<\/p>\n<p>Bij contact met de huid: was de huid met water en zeep.<\/p>\n<p>Bij inademing van 5-MeO-MiPT en 5-MeO-DiPT: breng het slachtoffer naar buiten en laat het in een comfortabele houding ademen.<\/p>\n<h2>Grote hoeveelheden<\/h2>\n<p>Wil je graag bestellen in grote hoeveelheden? Neem dan via de chat contact met ons op. dutchchemlabs.com bied scherpe tarieven voor grotere hoeveelheden. Wacht niet langer en neem vandaag nog contact op.<\/p>","protected":false},"excerpt":{"rendered":"<ul>\n<li><strong>Diskr\u0113ta un anon\u012bma pieg\u0101de<\/strong><\/li>\n<li><strong>Pas\u016bt\u012bts pirms 18:00 = pieg\u0101d\u0101ts r\u012bt!<\/strong><\/li>\n<li><strong>Bezmaksas pieg\u0101de virs 50 \u20ac<\/strong><\/li>\n<\/ul>","protected":false},"featured_media":6572,"comment_status":"open","ping_status":"closed","template":"","meta":[],"product_brand":[],"product_cat":[311,345,244],"product_tag":[],"class_list":{"0":"post-6536","1":"product","2":"type-product","3":"status-publish","4":"has-post-thumbnail","6":"product_cat-5-meo-mipt","7":"product_cat-liquids","8":"product_cat-tryptamines","10":"first","11":"instock","12":"taxable","13":"shipping-taxable","14":"purchasable","15":"product-type-simple"},"jetpack_sharing_enabled":true,"_links":{"self":[{"href":"https:\/\/dutchchemlabs.com\/lv\/wp-json\/wp\/v2\/product\/6536","targetHints":{"allow":["GET"]}}],"collection":[{"href":"https:\/\/dutchchemlabs.com\/lv\/wp-json\/wp\/v2\/product"}],"about":[{"href":"https:\/\/dutchchemlabs.com\/lv\/wp-json\/wp\/v2\/types\/product"}],"replies":[{"embeddable":true,"href":"https:\/\/dutchchemlabs.com\/lv\/wp-json\/wp\/v2\/comments?post=6536"}],"version-history":[{"count":1,"href":"https:\/\/dutchchemlabs.com\/lv\/wp-json\/wp\/v2\/product\/6536\/revisions"}],"predecessor-version":[{"id":6573,"href":"https:\/\/dutchchemlabs.com\/lv\/wp-json\/wp\/v2\/product\/6536\/revisions\/6573"}],"wp:featuredmedia":[{"embeddable":true,"href":"https:\/\/dutchchemlabs.com\/lv\/wp-json\/wp\/v2\/media\/6572"}],"wp:attachment":[{"href":"https:\/\/dutchchemlabs.com\/lv\/wp-json\/wp\/v2\/media?parent=6536"}],"wp:term":[{"taxonomy":"product_brand","embeddable":true,"href":"https:\/\/dutchchemlabs.com\/lv\/wp-json\/wp\/v2\/product_brand?post=6536"},{"taxonomy":"product_cat","embeddable":true,"href":"https:\/\/dutchchemlabs.com\/lv\/wp-json\/wp\/v2\/product_cat?post=6536"},{"taxonomy":"product_tag","embeddable":true,"href":"https:\/\/dutchchemlabs.com\/lv\/wp-json\/wp\/v2\/product_tag?post=6536"}],"curies":[{"name":"wp","href":"https:\/\/api.w.org\/{rel}","templated":true}]}}