{"id":6537,"date":"2025-09-20T19:25:02","date_gmt":"2025-09-20T19:25:02","guid":{"rendered":"https:\/\/dutchchemlabs.com\/?post_type=product&#038;p=6537"},"modified":"2025-11-08T07:39:07","modified_gmt":"2025-11-08T07:39:07","slug":"orange-mandala-liquid-5ml-eutylone-3-fpm-5-meo-dipt","status":"publish","type":"product","link":"https:\/\/dutchchemlabs.com\/lv\/product\/orange-mandala-liquid-5ml-eutylone-3-fpm-5-meo-dipt\/","title":{"rendered":"Orange Mandala Liquid 5ml &#8211; (Eutylone\/3-FPM\/5-MeO-DiPT)"},"content":{"rendered":"<p><strong>Orange Mandala Liquid 5ml kopen. Nu tijdelijk tegen een geweldige actie prijs! Bestel vandaag nog de allerhoogste kwaliteit Liquid Research Chemicals bij dutchchemlabs.com. <em>Voor 18:00 besteld is morgen al in huis!<\/em> Wij doen er alles aan om onze producten zo snel mogelijk bij jou te krijgen. Daarnaast kan je gemakkelijk en veilig betalen met iDeal. Orange Mandala Liquid 5ml kopen doe je bij dutchchemlabs.com, de snelste, beste en goedkoopste! Daarnaast meerdere soorten <a href=\"https:\/\/dutchchemlabs.com\/product-categorie\/research-chemicals\/\">Research Chemicals<\/a> aan.<\/strong><\/p>\n<h2>Orange Mandala Liquid 5ml &#8211; (Eutylone\/3-FPM\/5-MeO-DiPT)<\/h2>\n<div class=\"flex flex-grow flex-col gap-3\">\n<div class=\"min-h-[20px] flex flex-col items-start gap-4 whitespace-pre-wrap break-words\">\n<div class=\"markdown prose w-full break-words dark:prose-invert light\">\n<p>Orange Mandala Liquid 5ml is een product dat een mix bevat van drie verschillende stoffen: Eutylone, 3-FPM en 5-MeO-DiPT. Eutylone is een stimulerende stof die bekend staat om zijn empathogene en entactogene effecten, terwijl 3-FPM een stimulerend middel is dat verhoogde energie, alertheid en focus kan bevorderen. 5-MeO-DiPT behoort tot de tryptamine-klasse en staat bekend om zijn psychedelische eigenschappen.<\/p>\n<p>Deze unieke combinatie van stoffen kan een divers scala aan effecten teweegbrengen, waaronder verhoogde stimulatie, een veranderde bewustzijnsstaat en mogelijk zelfs een verhoogd gevoel van verbondenheid en empathie. Het is echter van het grootste belang om voorzichtigheid te betrachten in jouw onderzoek en de juiste dosering en veiligheidsrichtlijnen te volgen bij het gebruik van dit product, omdat elk van deze stoffen potentieel risico&#8217;s met zich meebrengt.<\/p>\n<\/p><\/div>\n<\/p><\/div>\n<\/p><\/div>\n<p><strong>Eutylone-eigenschappen:<br \/> <\/strong>Synoniem: \u03b2-Keto-1,3-benzodioxolyl-<i>N<\/i>-ethylbutanamine hydrochloride<br \/> CAS Nummer: 17764-18-0<br \/> Formule:\u00a0<span title=\"Carbon\">C<\/span><sub>13<\/sub><span title=\"Hydrogen\">H<\/span><sub>17<\/sub><span title=\"Nitrogen\">N<\/span><span title=\"Oxygen\">O<\/span><sub>3<\/sub>\u00a0\u2022 HCL<br \/> Molmassa: 235.283<br \/> Zuiverheid: \u226598%<\/p>\n<p><strong>3-FPM-eigenschappen:<\/strong><br \/> Synoniem: 3-Fluorophenmetrazine<br \/> CAS Nummer: 1803562-83-5<br \/> Formule: C11H14FNO \u2022 HCL<br \/> Molmassa: 231,7 g\/mol<br \/> Zuiverheid: \u226598%<\/p>\n<p><strong>5-MeO-DiPT hydrochloride-eigenschappen:<br \/> <\/strong>Synoniem:\u00a05-methoxy-N,N-diisopropyltryptamine hydrochloride<br \/> CAS Nummer:\u00a0n.v.t.<br \/> Formule:\u00a03-[2-(diisopropyl)ethyl]-5-methoxyindole hydrochloride<br \/> Molmassa:\u00a0310.9 g\/mol<br \/> Zuiverheid:\u00a0&gt;97%<\/p>\n<p><strong>Gevarenaanduiding:<\/strong><br \/> Eutylone, 3-FPM en 5-MeO-DiPT kunnen luchtweg- en oogirritatie veroorzaken. Lozing van research chemicals in het milieu is verboden.<\/p>\n<p>Bij contact met de ogen: spoel de ogen voorzichtig af met water gedurende vijf minuten en verwijder contactlenzen indien mogelijk.<\/p>\n<p>Bij contact met de huid: was de huid met water en zeep.<\/p>\n<p>Bij inademing van Eutylone, 3-FPM en 5-MeO-DiPT: breng het slachtoffer naar buiten en laat het in een comfortabele houding ademen.<\/p>\n<h2>Grote hoeveelheden<\/h2>\n<p>Wil je graag bestellen in grote hoeveelheden? Neem dan via de chat contact met ons op. dutchchemlabs.com bied scherpe tarieven voor grotere hoeveelheden. Wacht niet langer en neem vandaag nog contact op.<\/p>\n<div id=\"ConnectiveDocSignExtentionInstalled\" data-extension-version=\"1.0.4\"><\/div>\n","protected":false},"excerpt":{"rendered":"<ul>\n<li><strong>Diskr\u0113ta un anon\u012bma pieg\u0101de<\/strong><\/li>\n<li><strong>Pas\u016bt\u012bts pirms 18:00 = pieg\u0101d\u0101ts r\u012bt!<\/strong><\/li>\n<li><strong>Bezmaksas pieg\u0101de virs 50 \u20ac<\/strong><\/li>\n<\/ul>\n<div id=\"ConnectiveDocSignExtentionInstalled\" data-extension-version=\"1.0.4\"><\/div>","protected":false},"featured_media":6574,"comment_status":"open","ping_status":"closed","template":"","meta":[],"product_brand":[],"product_cat":[346],"product_tag":[],"class_list":{"0":"post-6537","1":"product","2":"type-product","3":"status-publish","4":"has-post-thumbnail","6":"product_cat-eutylone-ed-db","8":"first","9":"instock","10":"taxable","11":"shipping-taxable","12":"purchasable","13":"product-type-simple"},"jetpack_sharing_enabled":true,"_links":{"self":[{"href":"https:\/\/dutchchemlabs.com\/lv\/wp-json\/wp\/v2\/product\/6537","targetHints":{"allow":["GET"]}}],"collection":[{"href":"https:\/\/dutchchemlabs.com\/lv\/wp-json\/wp\/v2\/product"}],"about":[{"href":"https:\/\/dutchchemlabs.com\/lv\/wp-json\/wp\/v2\/types\/product"}],"replies":[{"embeddable":true,"href":"https:\/\/dutchchemlabs.com\/lv\/wp-json\/wp\/v2\/comments?post=6537"}],"version-history":[{"count":1,"href":"https:\/\/dutchchemlabs.com\/lv\/wp-json\/wp\/v2\/product\/6537\/revisions"}],"predecessor-version":[{"id":6575,"href":"https:\/\/dutchchemlabs.com\/lv\/wp-json\/wp\/v2\/product\/6537\/revisions\/6575"}],"wp:featuredmedia":[{"embeddable":true,"href":"https:\/\/dutchchemlabs.com\/lv\/wp-json\/wp\/v2\/media\/6574"}],"wp:attachment":[{"href":"https:\/\/dutchchemlabs.com\/lv\/wp-json\/wp\/v2\/media?parent=6537"}],"wp:term":[{"taxonomy":"product_brand","embeddable":true,"href":"https:\/\/dutchchemlabs.com\/lv\/wp-json\/wp\/v2\/product_brand?post=6537"},{"taxonomy":"product_cat","embeddable":true,"href":"https:\/\/dutchchemlabs.com\/lv\/wp-json\/wp\/v2\/product_cat?post=6537"},{"taxonomy":"product_tag","embeddable":true,"href":"https:\/\/dutchchemlabs.com\/lv\/wp-json\/wp\/v2\/product_tag?post=6537"}],"curies":[{"name":"wp","href":"https:\/\/api.w.org\/{rel}","templated":true}]}}