{"id":6891,"date":"2025-09-20T19:26:08","date_gmt":"2025-09-20T19:26:08","guid":{"rendered":"https:\/\/dutchchemlabs.com\/?post_type=product&#038;p=6891"},"modified":"2025-11-08T07:39:06","modified_gmt":"2025-11-08T07:39:06","slug":"blue-boy-retro-poppers-25ml","status":"publish","type":"product","link":"https:\/\/dutchchemlabs.com\/lv\/product\/blue-boy-retro-poppers-25ml\/","title":{"rendered":"Blue Boy Retro Poppers 25ml"},"content":{"rendered":"<h2>Blue Boy Retro poppers bestellen<\/h2>\n<p>De Blue Boy Retro is een absolute klassieker onder de poppers en is al sinds de jaren zeventig op de markt. Deze poppers worden geleverd in de originele vierkante bruine fles met het herkenbare blauwe label. En goed nieuws: de fles is nu uitgerust met een gloednieuwe 100% luchtdichte en lekvrije veiligheidsdop!<\/p>\n<p>Dankzij deze nieuwe dop hoef jij je geen zorgen meer te maken over lekkages tijdens het transport. Maar er is nog meer goed nieuws: de dop zorgt er namelijk ook voor dat de poppers langer vers blijven! Het hermetisch afsluiten van de fles zorgt ervoor dat de krachtige isopropylnitriet nog langer zijn werk kan doen.<\/p>\n<p>Bij dutchchemlabs.com kun je deze Blue Boy Retro poppers nu eenvoudig bestellen. Profiteer van onze snelle en discrete verzending en geniet binnenkort van deze klassieke en verbeterde poppers!<\/p>\n<p>Wil je ook 3CMC kopen? Bij dutchchemlabs.com verkopen we ook <a href=\"https:\/\/dutchchemlabs.com\/product\/3cmc-kopen\/\">3CMC poeder<\/a>, <a href=\"https:\/\/dutchchemlabs.com\/product\/3cmc-kopen-kristallen\/\">3CMC kristallen<\/a> en <a href=\"https:\/\/dutchchemlabs.com\/product\/3cmc-kopen-capsules\/\">3CMC capsules<\/a>.<\/p>\n<h2>Blue Boy Retro poppers review<\/h2>\n<div class=\"text-red-500 markdown prose w-full break-words dark:prose-invert light\">\n<p>De poppers genaamd Blue Boy Retro zijn geliefde klassiekers vanwege hun kwaliteit en herkenbare geur. Deze poppers van het gerenommeerde merk Blue Boy zijn populair bij zowel beginners als ervaren gebruikers. Bij het openen van de fles komt er een krachtige en verleidelijke geur vrij, die direct de zintuigen prikkelt. Deze poppers bieden een ontspannend effect en versterken de sensaties, wat ideaal is voor het verkennen van seksuele grenzen. De Poppers Blue Boy Retro zijn eenvoudig in gebruik en bieden snelle resultaten. Ze helpen bij het ontspannen van spieren en verhogen de bloedtoevoer naar specifieke gebieden, waardoor de opwinding en het plezier worden versterkt. Of je nu een feestje wilt opvrolijken of je intieme momenten wilt intensiveren, deze poppers bieden een betrouwbare en plezierige ervaring met hun klassieke geur en stimulerende effecten.<\/p>\n<\/p><\/div>\n<h2>Poppers kopen doe je bij dutchchemlabs.com<\/h2>\n<p>Bij dutchchemlabs.com kan je sinds kort ook poppers bestellen. Wij zijn nog druk bezig ons assortiment uit te breiden. Heb jij nog suggesties over welke poppers of overige producten wij nog meer aan kunnen bieden? <a href=\"https:\/\/dutchchemlabs.com\/contact\">Neem contact met ons<\/a> op en laat het ons weten! Naast de Poppers Blue Boy Retro 25ml bieden wij <a href=\"https:\/\/dutchchemlabs.com\/product-categorie\/poppers\/\">meerdere soorten poppers aan<\/a>.<\/p>\n<h2>Pas\u016bt\u012bts pirms 18:00 = pieg\u0101d\u0101ts r\u012bt!<\/h2>\n<p><strong>Pas\u016bt\u012bts pirms 18:00 = pieg\u0101d\u0101ts r\u012bt! <\/strong>Je bestelling wordt anoniem en discreet verzonden met onze vaste partner, PostNL. Daarnaast kun je gemakkelijk en snel betalen met iDEAL of Bancontact. Bestel via de site of neem contact met ons op via de chat. Ook voor vragen en\/of opmerkingen kun je ons altijd bellen, appen of mailen. Voor bestellingen in grotere hoeveelheden kun je een mail sturen naar info@dutchchemlabs.com. We zien graag je bestelling tegemoet!<\/p>\n<p>dutchchemlabs.com p\u0101rdod <a href=\"https:\/\/dutchchemlabs.com\/product-categorie\/research-chemicals\/\">P\u0113tniec\u012bbas \u0137imik\u0101lijas<\/a> un daudz ko citu.<\/p>\n<div id=\"ConnectiveDocSignExtentionInstalled\" data-extension-version=\"1.0.4\"><\/div>","protected":false},"excerpt":{"rendered":"<ul>\n<li><strong>Diskr\u0113ta un anon\u012bma pieg\u0101de<\/strong><\/li>\n<li><strong>Pas\u016bt\u012bts pirms 18:00 = pieg\u0101d\u0101ts r\u012bt!<\/strong><\/li>\n<li><strong>Bezmaksas pieg\u0101de virs 50 \u20ac<\/strong><\/li>\n<\/ul>\n<div id=\"ConnectiveDocSignExtentionInstalled\" data-extension-version=\"1.0.4\"><\/div>","protected":false},"featured_media":6931,"comment_status":"open","ping_status":"closed","template":"","meta":[],"product_brand":[],"product_cat":[206,207],"product_tag":[],"class_list":{"0":"post-6891","1":"product","2":"type-product","3":"status-publish","4":"has-post-thumbnail","6":"product_cat-poppers","7":"product_cat-poppers-large","9":"first","10":"instock","11":"taxable","12":"shipping-taxable","13":"purchasable","14":"product-type-simple"},"jetpack_sharing_enabled":true,"_links":{"self":[{"href":"https:\/\/dutchchemlabs.com\/lv\/wp-json\/wp\/v2\/product\/6891","targetHints":{"allow":["GET"]}}],"collection":[{"href":"https:\/\/dutchchemlabs.com\/lv\/wp-json\/wp\/v2\/product"}],"about":[{"href":"https:\/\/dutchchemlabs.com\/lv\/wp-json\/wp\/v2\/types\/product"}],"replies":[{"embeddable":true,"href":"https:\/\/dutchchemlabs.com\/lv\/wp-json\/wp\/v2\/comments?post=6891"}],"version-history":[{"count":1,"href":"https:\/\/dutchchemlabs.com\/lv\/wp-json\/wp\/v2\/product\/6891\/revisions"}],"predecessor-version":[{"id":6932,"href":"https:\/\/dutchchemlabs.com\/lv\/wp-json\/wp\/v2\/product\/6891\/revisions\/6932"}],"wp:featuredmedia":[{"embeddable":true,"href":"https:\/\/dutchchemlabs.com\/lv\/wp-json\/wp\/v2\/media\/6931"}],"wp:attachment":[{"href":"https:\/\/dutchchemlabs.com\/lv\/wp-json\/wp\/v2\/media?parent=6891"}],"wp:term":[{"taxonomy":"product_brand","embeddable":true,"href":"https:\/\/dutchchemlabs.com\/lv\/wp-json\/wp\/v2\/product_brand?post=6891"},{"taxonomy":"product_cat","embeddable":true,"href":"https:\/\/dutchchemlabs.com\/lv\/wp-json\/wp\/v2\/product_cat?post=6891"},{"taxonomy":"product_tag","embeddable":true,"href":"https:\/\/dutchchemlabs.com\/lv\/wp-json\/wp\/v2\/product_tag?post=6891"}],"curies":[{"name":"wp","href":"https:\/\/api.w.org\/{rel}","templated":true}]}}