{"id":3748,"date":"2025-09-20T09:20:37","date_gmt":"2025-09-20T09:20:37","guid":{"rendered":"https:\/\/dutchchemlabs.com\/?post_type=product&#038;p=3748"},"modified":"2025-11-08T07:39:12","modified_gmt":"2025-11-08T07:39:12","slug":"poppers-iron-horse-30ml","status":"publish","type":"product","link":"https:\/\/dutchchemlabs.com\/pl\/product\/poppers-iron-horse-30ml\/","title":{"rendered":"Poppers Iron Horse 30ml"},"content":{"rendered":"<h1><strong>Poppers Iron Horse 30ml<\/strong><\/h1>\n<p>Do\u015bwiadcz pot\u0119\u017cnych i ekscytuj\u0105cych dozna\u0144 z Iron Horse 30ml Poppers, dost\u0119pnymi na dutchchemlabs.com! Te poppersy zosta\u0142y zaprojektowane, aby przenie\u015b\u0107 Twoje przygody na nowe wy\u017cyny przyjemno\u015bci dzi\u0119ki unikalnej i stymuluj\u0105cej formule.<\/p>\n<p>Poppers Iron Horse oferuje szybki i intensywny przyp\u0142yw dzi\u0119ki unikalnej mieszance azotynu izopropylu, stymuluj\u0105c zmys\u0142y i sprawiaj\u0105c, \u017ce do\u015bwiadczasz bezprecedensowego uczucia podniecenia. Niezale\u017cnie od tego, czy szukasz dodatkowego do\u0142adowania podczas intymnych chwil, czy ekscytuj\u0105cego dodatku do imprez, te poppersy zapewniaj\u0105 niezapomniane wra\u017cenia.<\/p>\n<p>Dzi\u0119ki wygodnej butelce o pojemno\u015bci 30 ml zawsze b\u0119dziesz mie\u0107 pod r\u0119k\u0105 wystarczaj\u0105c\u0105 ilo\u015b\u0107 Poppers Iron Horse na wszystkie przygody. Niezale\u017cnie od tego, czy sp\u0119dzasz noc z przyjaci\u00f3\u0142mi, imprezujesz, czy po prostu chcesz doda\u0107 troch\u0119 zabawy do swoich prywatnych chwil, te poppersy s\u0105 Twoim najlepszym towarzyszem.<\/p>\n<p>Postaw na moc i ekscytacj\u0119 z Poppers Iron Horse 30ml od dutchchemlabs.com. Zam\u00f3w ju\u017c dzi\u015b i odkryj nieograniczone mo\u017cliwo\u015bci przyjemno\u015bci i stymulacji dzi\u0119ki tym rewelacyjnym poppersom!<\/p>\n<h2>Zam\u00f3wione przed 18:00 = dostarczone jutro!<\/h2>\n<p><strong>Zam\u00f3wione przed 18:00 = dostarczone jutro! <\/strong>Twoje zam\u00f3wienie zostanie wys\u0142ane anonimowo i dyskretnie za po\u015brednictwem naszego sta\u0142ego partnera, PostNL. Ponadto mo\u017cesz \u0142atwo i szybko zap\u0142aci\u0107 za pomoc\u0105 iDEAL lub Bancontact. W przypadku zam\u00f3wie\u0144 w wi\u0119kszych ilo\u015bciach prosimy o przes\u0142anie wiadomo\u015bci e-mail na adres info@dutchchemlabs.com. Z niecierpliwo\u015bci\u0105 czekamy na Twoje zam\u00f3wienie!<\/p>\n<p>dutchchemlabs.com sprzedaje <a href=\"https:\/\/dutchchemlabs.com\/product-categorie\/research-chemicals\/\">Chemikalia badawcze<\/a> i nie tylko.<\/p>\n<p>&nbsp;<\/p>\n<div id=\"ConnectiveDocSignExtentionInstalled\" data-extension-version=\"1.0.4\"><\/div>","protected":false},"excerpt":{"rendered":"<ul>\n<li><strong>Dyskretna i anonimowa wysy\u0142ka<\/strong><\/li>\n<li><strong>Zam\u00f3wione przed 18:00 = dostarczone jutro!<\/strong><\/li>\n<li><strong>Bezp\u0142atna wysy\u0142ka powy\u017cej 50<\/strong><\/li>\n<\/ul>\n<div id=\"ConnectiveDocSignExtentionInstalled\" data-extension-version=\"1.0.4\"><\/div>","protected":false},"featured_media":3775,"comment_status":"open","ping_status":"closed","template":"","meta":[],"product_brand":[],"product_cat":[206,207],"product_tag":[],"class_list":{"0":"post-3748","1":"product","2":"type-product","3":"status-publish","4":"has-post-thumbnail","6":"product_cat-poppers","7":"product_cat-poppers-large","9":"first","10":"instock","11":"taxable","12":"shipping-taxable","13":"purchasable","14":"product-type-simple"},"jetpack_sharing_enabled":true,"_links":{"self":[{"href":"https:\/\/dutchchemlabs.com\/pl\/wp-json\/wp\/v2\/product\/3748","targetHints":{"allow":["GET"]}}],"collection":[{"href":"https:\/\/dutchchemlabs.com\/pl\/wp-json\/wp\/v2\/product"}],"about":[{"href":"https:\/\/dutchchemlabs.com\/pl\/wp-json\/wp\/v2\/types\/product"}],"replies":[{"embeddable":true,"href":"https:\/\/dutchchemlabs.com\/pl\/wp-json\/wp\/v2\/comments?post=3748"}],"version-history":[{"count":1,"href":"https:\/\/dutchchemlabs.com\/pl\/wp-json\/wp\/v2\/product\/3748\/revisions"}],"predecessor-version":[{"id":3776,"href":"https:\/\/dutchchemlabs.com\/pl\/wp-json\/wp\/v2\/product\/3748\/revisions\/3776"}],"wp:featuredmedia":[{"embeddable":true,"href":"https:\/\/dutchchemlabs.com\/pl\/wp-json\/wp\/v2\/media\/3775"}],"wp:attachment":[{"href":"https:\/\/dutchchemlabs.com\/pl\/wp-json\/wp\/v2\/media?parent=3748"}],"wp:term":[{"taxonomy":"product_brand","embeddable":true,"href":"https:\/\/dutchchemlabs.com\/pl\/wp-json\/wp\/v2\/product_brand?post=3748"},{"taxonomy":"product_cat","embeddable":true,"href":"https:\/\/dutchchemlabs.com\/pl\/wp-json\/wp\/v2\/product_cat?post=3748"},{"taxonomy":"product_tag","embeddable":true,"href":"https:\/\/dutchchemlabs.com\/pl\/wp-json\/wp\/v2\/product_tag?post=3748"}],"curies":[{"name":"wp","href":"https:\/\/api.w.org\/{rel}","templated":true}]}}