{"id":3756,"date":"2025-09-20T09:20:38","date_gmt":"2025-09-20T09:20:38","guid":{"rendered":"https:\/\/dutchchemlabs.com\/?post_type=product&#038;p=3756"},"modified":"2025-11-08T07:39:11","modified_gmt":"2025-11-08T07:39:11","slug":"poppers-jungle-juice-gold-retro-25ml","status":"publish","type":"product","link":"https:\/\/dutchchemlabs.com\/pl\/product\/poppers-jungle-juice-gold-retro-25ml\/","title":{"rendered":"Poppers Jungle Juice Gold Retro 25ml"},"content":{"rendered":"<h1><strong>Poppers Jungle Juice Gold Retro 25ml<\/strong><\/h1>\n<p>Beleef een retro-revival van plezier en opwinding met de Poppers Jungle Juice Gold Retro 25ml, verkrijgbaar bij dutchchemlabs.com! Deze klassieke poppers nemen je mee terug naar de gouden dagen van genot, met een krachtige formule die je naar ongekende hoogten van plezier zal brengen.<\/p>\n<p>Met zijn unieke blend van isopropyl nitriet, biedt de Poppers Jungle Juice Gold Retro een snelle en intense rush die je zintuigen zal prikkelen en je naar nieuwe hoogten van genot zal tillen. Of je nu op zoek bent naar een extra stimulans tijdens intieme momenten of naar een spannende toevoeging aan je feestjes, deze poppers bieden een onvergetelijke ervaring.<\/p>\n<p>De retro-verpakking van 25ml zorgt ervoor dat je altijd genoeg poppers bij de hand hebt voor al je avonturen. Of je nu een avondje uitgaat met vrienden, een feestje hebt of gewoon wat extra plezier wilt toevoegen aan je priv\u00e9momenten, de Poppers Jungle Juice Gold Retro is jouw ultieme metgezel.<\/p>\n<p>Ga terug in de tijd en beleef een gouden era van genot met de Poppers Jungle Juice Gold Retro 25ml van dutchchemlabs.com. Bestel vandaag nog en ontdek de grenzeloze mogelijkheden van plezier en opwinding met deze sensationele poppers!<\/p>\n<h2>Kupi\u0107 poppersy z dutchchemlabs.com?<\/h2>\n<p>Wci\u0105\u017c jeste\u015bmy zaj\u0119ci poszerzaniem naszej oferty produkt\u00f3w. Czy masz jakie\u015b sugestie dotycz\u0105ce popper\u00f3w lub innych produkt\u00f3w, kt\u00f3re mogliby\u015bmy zaoferowa\u0107? <a href=\"https:\/\/dutchchemlabs.com\/contact\">Skontaktuj si\u0119 z nami<\/a> i daj nam zna\u0107!<\/p>\n<h2>Zam\u00f3wione przed 18:00 = dostarczone jutro!<\/h2>\n<p><strong>Zam\u00f3wione przed 18:00 = dostarczone jutro! <\/strong>Twoje zam\u00f3wienie zostanie wys\u0142ane anonimowo i dyskretnie za po\u015brednictwem naszego sta\u0142ego partnera, PostNL. Ponadto mo\u017cesz \u0142atwo i szybko zap\u0142aci\u0107 za pomoc\u0105 iDEAL lub Bancontact. W przypadku zam\u00f3wie\u0144 w wi\u0119kszych ilo\u015bciach prosimy o przes\u0142anie wiadomo\u015bci e-mail na adres info@dutchchemlabs.com. Z niecierpliwo\u015bci\u0105 czekamy na Twoje zam\u00f3wienie!<\/p>\n<p>dutchchemlabs.com sprzedaje <a href=\"https:\/\/dutchchemlabs.com\/product-categorie\/research-chemicals\/\">Chemikalia badawcze<\/a> i nie tylko.<\/p>\n<div id=\"ConnectiveDocSignExtentionInstalled\" data-extension-version=\"1.0.4\"><\/div>","protected":false},"excerpt":{"rendered":"<ul>\n<li><strong>Dyskretna i anonimowa wysy\u0142ka<\/strong><\/li>\n<li><strong>Zam\u00f3wione przed 18:00 = dostarczone jutro!<\/strong><\/li>\n<li><strong>Bezp\u0142atna wysy\u0142ka powy\u017cej 50<\/strong><\/li>\n<\/ul>\n<div id=\"ConnectiveDocSignExtentionInstalled\" data-extension-version=\"1.0.4\"><\/div>","protected":false},"featured_media":3791,"comment_status":"open","ping_status":"closed","template":"","meta":[],"product_brand":[],"product_cat":[206,207],"product_tag":[],"class_list":{"0":"post-3756","1":"product","2":"type-product","3":"status-publish","4":"has-post-thumbnail","6":"product_cat-poppers","7":"product_cat-poppers-large","9":"first","10":"instock","11":"taxable","12":"shipping-taxable","13":"purchasable","14":"product-type-simple"},"jetpack_sharing_enabled":true,"_links":{"self":[{"href":"https:\/\/dutchchemlabs.com\/pl\/wp-json\/wp\/v2\/product\/3756","targetHints":{"allow":["GET"]}}],"collection":[{"href":"https:\/\/dutchchemlabs.com\/pl\/wp-json\/wp\/v2\/product"}],"about":[{"href":"https:\/\/dutchchemlabs.com\/pl\/wp-json\/wp\/v2\/types\/product"}],"replies":[{"embeddable":true,"href":"https:\/\/dutchchemlabs.com\/pl\/wp-json\/wp\/v2\/comments?post=3756"}],"version-history":[{"count":1,"href":"https:\/\/dutchchemlabs.com\/pl\/wp-json\/wp\/v2\/product\/3756\/revisions"}],"predecessor-version":[{"id":3792,"href":"https:\/\/dutchchemlabs.com\/pl\/wp-json\/wp\/v2\/product\/3756\/revisions\/3792"}],"wp:featuredmedia":[{"embeddable":true,"href":"https:\/\/dutchchemlabs.com\/pl\/wp-json\/wp\/v2\/media\/3791"}],"wp:attachment":[{"href":"https:\/\/dutchchemlabs.com\/pl\/wp-json\/wp\/v2\/media?parent=3756"}],"wp:term":[{"taxonomy":"product_brand","embeddable":true,"href":"https:\/\/dutchchemlabs.com\/pl\/wp-json\/wp\/v2\/product_brand?post=3756"},{"taxonomy":"product_cat","embeddable":true,"href":"https:\/\/dutchchemlabs.com\/pl\/wp-json\/wp\/v2\/product_cat?post=3756"},{"taxonomy":"product_tag","embeddable":true,"href":"https:\/\/dutchchemlabs.com\/pl\/wp-json\/wp\/v2\/product_tag?post=3756"}],"curies":[{"name":"wp","href":"https:\/\/api.w.org\/{rel}","templated":true}]}}