{"id":3764,"date":"2025-09-20T09:20:38","date_gmt":"2025-09-20T09:20:38","guid":{"rendered":"https:\/\/dutchchemlabs.com\/?post_type=product&#038;p=3764"},"modified":"2026-03-27T10:55:37","modified_gmt":"2026-03-27T10:55:37","slug":"poppers-rochefort-tall-20ml","status":"publish","type":"product","link":"https:\/\/dutchchemlabs.com\/pl\/product\/poppers-rochefort-tall-20ml\/","title":{"rendered":"Poppers Rochefort Tall 20ml"},"content":{"rendered":"<h1><strong>Poppers Rochefort Tall 20ml<\/strong><\/h1>\n<p>Zanurz si\u0119 w \u015bwiecie podniecenia i przyjemno\u015bci z Poppers Rochefort Tall 20ml, dost\u0119pnymi na dutchchemlabs.com! Zaprojektowane, aby zaskoczy\u0107 Ci\u0119 intensywnym uczuciem stymulacji i przyjemno\u015bci, te pot\u0119\u017cne poppersy oferuj\u0105 niezapomniane wra\u017cenia dla mi\u0142o\u015bnik\u00f3w sensacyjnych dozna\u0144.<\/p>\n<p>Dzi\u0119ki unikalnej formule azotynu izopropylu, Poppers Rochefort Tall zapewnia szybki i pot\u0119\u017cny przyp\u0142yw, kt\u00f3ry przeniesie Ci\u0119 na nowe wy\u017cyny przyjemno\u015bci. Niezale\u017cnie od tego, czy szukasz dodatkowego do\u0142adowania podczas intymnych chwil, czy ekscytuj\u0105cego dodatku do imprez, te poppersy oferuj\u0105 niezr\u00f3wnane doznania.<\/p>\n<p>Por\u0119czna butelka o pojemno\u015bci 20 ml zapewnia, \u017ce zawsze masz pod r\u0119k\u0105 wystarczaj\u0105c\u0105 ilo\u015b\u0107 poppers\u00f3w na wszystkie przygody. Niezale\u017cnie od tego, czy masz wiecz\u00f3r z przyjaci\u00f3\u0142mi, imprez\u0119, czy po prostu chcesz doda\u0107 troch\u0119 zabawy do swoich prywatnych chwil, Poppers Rochefort Tall jest Twoim najlepszym towarzyszem.<\/p>\n<p>Wybierz przyjemno\u015b\u0107 i podniecenie z Poppers Rochefort Tall 20ml od dutchchemlabs.com. Zam\u00f3w ju\u017c dzi\u015b i odkryj nieograniczone mo\u017cliwo\u015bci przyjemno\u015bci i stymulacji dzi\u0119ki tym rewelacyjnym poppersom!<\/p>\n<h2>Kupi\u0107 poppersy z dutchchemlabs.com?<\/h2>\n<p>Wci\u0105\u017c jeste\u015bmy zaj\u0119ci poszerzaniem naszej oferty produkt\u00f3w. Czy masz jakie\u015b sugestie dotycz\u0105ce popper\u00f3w lub innych produkt\u00f3w, kt\u00f3re mogliby\u015bmy zaoferowa\u0107? <a href=\"https:\/\/dutchchemlabs.com\/contact\">Skontaktuj si\u0119 z nami<\/a> i daj nam zna\u0107!<\/p>\n<h2>Zam\u00f3wione przed 18:00 = dostarczone jutro!<\/h2>\n<p><strong>Zam\u00f3wione przed 18:00 = dostarczone jutro! <\/strong>Twoje zam\u00f3wienie zostanie wys\u0142ane anonimowo i dyskretnie za po\u015brednictwem naszego sta\u0142ego partnera, PostNL. Ponadto mo\u017cesz \u0142atwo i szybko zap\u0142aci\u0107 za pomoc\u0105 iDEAL lub Bancontact. W przypadku zam\u00f3wie\u0144 w wi\u0119kszych ilo\u015bciach prosimy o przes\u0142anie wiadomo\u015bci e-mail na adres info@dutchchemlabs.com. Z niecierpliwo\u015bci\u0105 czekamy na Twoje zam\u00f3wienie!<\/p>\n<p>dutchchemlabs.com sprzedaje <a href=\"https:\/\/dutchchemlabs.com\/product-categorie\/research-chemicals\/\">Chemikalia badawcze<\/a> i nie tylko.<\/p>\n<div id=\"ConnectiveDocSignExtentionInstalled\" data-extension-version=\"1.0.4\"><\/div>","protected":false},"excerpt":{"rendered":"<ul>\n<li><strong>Dyskretna i anonimowa wysy\u0142ka<\/strong><\/li>\n<li><strong>Zam\u00f3wione przed 18:00 = dostarczone jutro!<\/strong><\/li>\n<li><strong>Bezp\u0142atna wysy\u0142ka powy\u017cej 50<\/strong><\/li>\n<\/ul>\n<div id=\"ConnectiveDocSignExtentionInstalled\" data-extension-version=\"1.0.4\"><\/div>","protected":false},"featured_media":3807,"comment_status":"open","ping_status":"closed","template":"","meta":[],"product_brand":[],"product_cat":[206,207,208],"product_tag":[],"class_list":{"0":"post-3764","1":"product","2":"type-product","3":"status-publish","4":"has-post-thumbnail","6":"product_cat-poppers","7":"product_cat-poppers-large","8":"product_cat-poppers-medium","10":"first","11":"instock","12":"taxable","13":"shipping-taxable","14":"purchasable","15":"product-type-simple"},"jetpack_sharing_enabled":true,"_links":{"self":[{"href":"https:\/\/dutchchemlabs.com\/pl\/wp-json\/wp\/v2\/product\/3764","targetHints":{"allow":["GET"]}}],"collection":[{"href":"https:\/\/dutchchemlabs.com\/pl\/wp-json\/wp\/v2\/product"}],"about":[{"href":"https:\/\/dutchchemlabs.com\/pl\/wp-json\/wp\/v2\/types\/product"}],"replies":[{"embeddable":true,"href":"https:\/\/dutchchemlabs.com\/pl\/wp-json\/wp\/v2\/comments?post=3764"}],"version-history":[{"count":1,"href":"https:\/\/dutchchemlabs.com\/pl\/wp-json\/wp\/v2\/product\/3764\/revisions"}],"predecessor-version":[{"id":3808,"href":"https:\/\/dutchchemlabs.com\/pl\/wp-json\/wp\/v2\/product\/3764\/revisions\/3808"}],"wp:featuredmedia":[{"embeddable":true,"href":"https:\/\/dutchchemlabs.com\/pl\/wp-json\/wp\/v2\/media\/3807"}],"wp:attachment":[{"href":"https:\/\/dutchchemlabs.com\/pl\/wp-json\/wp\/v2\/media?parent=3764"}],"wp:term":[{"taxonomy":"product_brand","embeddable":true,"href":"https:\/\/dutchchemlabs.com\/pl\/wp-json\/wp\/v2\/product_brand?post=3764"},{"taxonomy":"product_cat","embeddable":true,"href":"https:\/\/dutchchemlabs.com\/pl\/wp-json\/wp\/v2\/product_cat?post=3764"},{"taxonomy":"product_tag","embeddable":true,"href":"https:\/\/dutchchemlabs.com\/pl\/wp-json\/wp\/v2\/product_tag?post=3764"}],"curies":[{"name":"wp","href":"https:\/\/api.w.org\/{rel}","templated":true}]}}