{"id":4082,"date":"2025-09-20T09:21:59","date_gmt":"2025-09-20T09:21:59","guid":{"rendered":"https:\/\/dutchchemlabs.com\/?post_type=product&#038;p=4082"},"modified":"2025-11-08T07:39:11","modified_gmt":"2025-11-08T07:39:11","slug":"5mapb-pellets-50mg","status":"publish","type":"product","link":"https:\/\/dutchchemlabs.com\/pl\/product\/5mapb-pellets-50mg\/","title":{"rendered":"5MAPB Pellets (50mg)"},"content":{"rendered":"<h1>5MAPB Pellets (50mg) kopen<\/h1>\n<p>5MAPB Pellets (50mg) is een onderzoekschemische stof en niet bedoeld voor menselijke consumptie. Je kunt 5-MAPB kopen bij dutchchemlabs.com. Als je v\u00f3\u00f3r 18:00 uur bestelt, wordt het de volgende dag al geleverd! Bij ons kun je veilig en gemakkelijk betalen met iDEAL, CreditCard, bankoverschrijving en crypto, zoals je gewend bent. 5-MAPB bestellen doe je bij dutchchemlabs.com. Wij bieden ook <a href=\"https:\/\/dutchchemlabs.com\/product-categorie\/research-chemicals\/cathinonen\/2mmc-kopen\/\">2MMC<\/a>, <a href=\"https:\/\/dutchchemlabs.com\/product-categorie\/research-chemicals\/cathinonen\/pentedrone-nep\/\">Pentedrone (NEP)<\/a>,\u00a0<a href=\"https:\/\/dutchchemlabs.com\/product-categorie\/research-chemicals\/cathinonen\/3fmc\/\">3FMC<\/a> i innych chemikali\u00f3w badawczych.<\/p>\n<h2>5MAPB Pellets \u2013 Risico\u2019s en effecten<\/h2>\n<ul>\n<li>5MAPB kan irritatie van de luchtwegen veroorzaken<\/li>\n<li>5MAPB kan irritatie van de ogen veroorzaken<\/li>\n<\/ul>\n<p>Er wordt door gebruikers ook gemeld dat het gebruik van 5-MAPB een hevige kater kan geven de dag of dagen erna, afhankelijk van de hoeveelheid.<\/p>\n<h2>Zam\u00f3wione przed 18:00 = dostarczone jutro!<\/h2>\n<p>5MAPB bestellen?<strong> Zam\u00f3wione przed 18:00 = dostarczone jutro! <\/strong>Twoje zam\u00f3wienie zostanie wys\u0142ane anonimowo i dyskretnie za po\u015brednictwem naszej regularnej firmy kurierskiej. Mo\u017cesz r\u00f3wnie\u017c \u0142atwo i szybko zap\u0142aci\u0107 za pomoc\u0105 iDEAL, tak jak jeste\u015b przyzwyczajony. Zam\u00f3w za po\u015brednictwem sklepu lub skontaktuj si\u0119 z nami za po\u015brednictwem czatu. W przypadku pyta\u0144 i\/lub uwag zawsze mo\u017cesz do nas zadzwoni\u0107, wys\u0142a\u0107 e-mail lub wiadomo\u015b\u0107. W przypadku zam\u00f3wie\u0144 w wi\u0119kszych ilo\u015bciach prosimy o przes\u0142anie wiadomo\u015bci e-mail na adres info@dutchchemlabs.com. Czekamy na Twoje zam\u00f3wienie!<\/p>\n<h2>Grote hoeveelheden 5MAPB kopen<\/h2>\n<p>Wil je graag 5MAPB Pellets bestellen in grotere hoeveelheden? Neem dan via de chat contact met ons op. dutchchemlabs.com bied scherpe tarieven voor grotere hoeveelheden. Wacht niet langer en neem vandaag nog contact op.<\/p>\n<p>&nbsp;<\/p>\n<div id=\"ConnectiveDocSignExtentionInstalled\" data-extension-version=\"1.0.4\"><\/div>","protected":false},"excerpt":{"rendered":"<ul>\n<li><strong>Dyskretna i anonimowa wysy\u0142ka<\/strong><\/li>\n<li><strong>Zam\u00f3wione przed 18:00 = dostarczone jutro!<\/strong><\/li>\n<li><strong>Bezp\u0142atna wysy\u0142ka powy\u017cej 50<\/strong><\/li>\n<\/ul>\n<div id=\"ConnectiveDocSignExtentionInstalled\" data-extension-version=\"1.0.4\"><\/div>","protected":false},"featured_media":8949,"comment_status":"open","ping_status":"closed","template":"","meta":[],"product_brand":[],"product_cat":[281,162,573],"product_tag":[],"class_list":{"0":"post-4082","1":"product","2":"type-product","3":"status-publish","4":"has-post-thumbnail","6":"product_cat-5mapb","7":"product_cat-benzofuran","8":"product_cat-pellets","10":"first","11":"instock","12":"taxable","13":"shipping-taxable","14":"purchasable","15":"product-type-variable"},"jetpack_sharing_enabled":true,"_links":{"self":[{"href":"https:\/\/dutchchemlabs.com\/pl\/wp-json\/wp\/v2\/product\/4082","targetHints":{"allow":["GET"]}}],"collection":[{"href":"https:\/\/dutchchemlabs.com\/pl\/wp-json\/wp\/v2\/product"}],"about":[{"href":"https:\/\/dutchchemlabs.com\/pl\/wp-json\/wp\/v2\/types\/product"}],"replies":[{"embeddable":true,"href":"https:\/\/dutchchemlabs.com\/pl\/wp-json\/wp\/v2\/comments?post=4082"}],"version-history":[{"count":2,"href":"https:\/\/dutchchemlabs.com\/pl\/wp-json\/wp\/v2\/product\/4082\/revisions"}],"predecessor-version":[{"id":8950,"href":"https:\/\/dutchchemlabs.com\/pl\/wp-json\/wp\/v2\/product\/4082\/revisions\/8950"}],"wp:featuredmedia":[{"embeddable":true,"href":"https:\/\/dutchchemlabs.com\/pl\/wp-json\/wp\/v2\/media\/8949"}],"wp:attachment":[{"href":"https:\/\/dutchchemlabs.com\/pl\/wp-json\/wp\/v2\/media?parent=4082"}],"wp:term":[{"taxonomy":"product_brand","embeddable":true,"href":"https:\/\/dutchchemlabs.com\/pl\/wp-json\/wp\/v2\/product_brand?post=4082"},{"taxonomy":"product_cat","embeddable":true,"href":"https:\/\/dutchchemlabs.com\/pl\/wp-json\/wp\/v2\/product_cat?post=4082"},{"taxonomy":"product_tag","embeddable":true,"href":"https:\/\/dutchchemlabs.com\/pl\/wp-json\/wp\/v2\/product_tag?post=4082"}],"curies":[{"name":"wp","href":"https:\/\/api.w.org\/{rel}","templated":true}]}}