{"id":5872,"date":"2025-09-20T11:31:49","date_gmt":"2025-09-20T11:31:49","guid":{"rendered":"https:\/\/dutchchemlabs.com\/?post_type=product&#038;p=5872"},"modified":"2025-11-08T07:39:09","modified_gmt":"2025-11-08T07:39:09","slug":"3-fpm-poeder","status":"publish","type":"product","link":"https:\/\/dutchchemlabs.com\/pl\/product\/3-fpm-poeder\/","title":{"rendered":"3-FPM Poeder"},"content":{"rendered":"<h1>3-FPM poeder kopen<\/h1>\n<p>3FPM Poeder is een onderzoekschemische stof en niet bedoeld voor menselijke consumptie. Je kunt 3FPM Poeder kopen bij dutchchemlabs.com. Als je v\u00f3\u00f3r 18:00 uur bestelt, wordt het de volgende dag al geleverd! Bij ons kun je veilig en gemakkelijk betalen met iDEAL, CreditCard, bankoverschrijving en crypto, zoals je gewend bent. 3FPM Poeder bestellen doe je bij dutchchemlabs.com. Wij bieden ook <a href=\"https:\/\/dutchchemlabs.com\/product-categorie\/research-chemicals\/cathinonen\/2mmc-kopen\/\">2MMC<\/a>, <a href=\"https:\/\/dutchchemlabs.com\/product-categorie\/research-chemicals\/cathinonen\/pentedrone-nep\/\">Pentedrone (NEP)<\/a>,\u00a0<a href=\"https:\/\/dutchchemlabs.com\/product-categorie\/research-chemicals\/cathinonen\/3fmc\/\">3FMC<\/a> i innych chemikali\u00f3w badawczych.<\/p>\n<h2>Wat is 3FPM?<\/h2>\n<p>3FPM, of 3-Fluorophenmetrazine, is een stimulerende stof die behoort tot de klasse van fenethylamines. Deze verbinding staat bekend om haar opwekkende effecten, zoals verhoogde energie, verbeterde concentratie en een toename van de alertheid. Ons 3FPM poeder is van de hoogste kwaliteit en zorgvuldig geproduceerd om je een veilige en stimulerende ervaring te bieden. Wil je je energie en concentratie verhogen? Ontdek dan nu ons hoogwaardige 3FPM poeder, exclusief verkrijgbaar bij dutchchemlabs.com! Dit poeder is ideaal voor liefhebbers van stimulatie en verbeterde mentale alertheid.<\/p>\n<h2>3FPM effecten<\/h2>\n<p>3-FPM staat bekend als een subtiele stimulant, minder intens dan amfetamine of coca\u00efne, en wordt vaak gebruikt voor studie en productiviteit. Het bevordert fysieke activiteiten en veroorzaakt milde tot matige stimulatie, abnormale hartslag, verhoogde hartslag, onderdrukte eetlust, verhoogde transpiratie, uitdroging, en pupilverwijdering. Cognitieve effecten omvatten verbeterde focus, analyse en motivatie, evenals lichte euforie en gedachteversnelling. Na-effecten kunnen angst, cognitieve vermoeidheid, depressie en prikkelbaarheid omvatten. Visuele effecten zijn meestal mild en treden voornamelijk op bij hogere doseringen en slaaptekort. Over het algemeen biedt 3-FPM functionele voordelen met minder intense euforie en comedowns in vergelijking met sterkere stimulanten.<\/p>\n<h2>Zam\u00f3wione przed 18:00 = dostarczone jutro!<\/h2>\n<p><strong>Zam\u00f3wione przed 18:00 = dostarczone jutro! <\/strong>Twoje zam\u00f3wienie zostanie wys\u0142ane anonimowo i dyskretnie za po\u015brednictwem naszego sta\u0142ego partnera, PostNL. Ponadto mo\u017cesz \u0142atwo i szybko zap\u0142aci\u0107 za pomoc\u0105 iDEAL lub Bancontact. Z\u0142\u00f3\u017c zam\u00f3wienie za po\u015brednictwem strony lub skontaktuj si\u0119 z nami za po\u015brednictwem czatu. W ka\u017cdej chwili mo\u017cesz r\u00f3wnie\u017c wys\u0142a\u0107 do nas wiadomo\u015b\u0107 z pytaniami i\/lub uwagami. W przypadku zam\u00f3wie\u0144 w wi\u0119kszych ilo\u015bciach prosimy o wys\u0142anie wiadomo\u015bci e-mail na adres info@dutchchemlabs.com. Czekamy na Twoje zam\u00f3wienie!<\/p>\n<h2>Dostarczamy r\u00f3wnie\u017c du\u017ce ilo\u015bci<\/h2>\n<p>Wil je graag 3-FPM Poeder bestellen in grotere hoeveelheden? Neem dan via de chat contact met ons op. dutchchemlabs.com bied scherpe tarieven voor grotere hoeveelheden. Neem dan via de chat contact met ons op. dutchchemlabs.com bied scherpe tarieven voor grotere hoeveelheden. Wacht niet langer en neem vandaag nog contact op.<\/p>\n<div id=\"ConnectiveDocSignExtentionInstalled\" data-extension-version=\"1.0.4\"><\/div>","protected":false},"excerpt":{"rendered":"<ul>\n<li><strong>Dyskretna i anonimowa wysy\u0142ka<\/strong><\/li>\n<li><strong>Zam\u00f3wione przed 18:00 = dostarczone jutro!<\/strong><\/li>\n<li><strong>Bezp\u0142atna wysy\u0142ka powy\u017cej 50<\/strong><\/li>\n<\/ul>\n<div id=\"ConnectiveDocSignExtentionInstalled\" data-extension-version=\"1.0.4\"><\/div>","protected":false},"featured_media":8866,"comment_status":"open","ping_status":"closed","template":"","meta":[],"product_brand":[],"product_cat":[325,89],"product_tag":[],"class_list":{"0":"post-5872","1":"product","2":"type-product","3":"status-publish","4":"has-post-thumbnail","6":"product_cat-3fpm","7":"product_cat-gefluoreerden","9":"first","10":"instock","11":"taxable","12":"shipping-taxable","13":"purchasable","14":"product-type-variable"},"jetpack_sharing_enabled":true,"_links":{"self":[{"href":"https:\/\/dutchchemlabs.com\/pl\/wp-json\/wp\/v2\/product\/5872","targetHints":{"allow":["GET"]}}],"collection":[{"href":"https:\/\/dutchchemlabs.com\/pl\/wp-json\/wp\/v2\/product"}],"about":[{"href":"https:\/\/dutchchemlabs.com\/pl\/wp-json\/wp\/v2\/types\/product"}],"replies":[{"embeddable":true,"href":"https:\/\/dutchchemlabs.com\/pl\/wp-json\/wp\/v2\/comments?post=5872"}],"version-history":[{"count":2,"href":"https:\/\/dutchchemlabs.com\/pl\/wp-json\/wp\/v2\/product\/5872\/revisions"}],"predecessor-version":[{"id":8867,"href":"https:\/\/dutchchemlabs.com\/pl\/wp-json\/wp\/v2\/product\/5872\/revisions\/8867"}],"wp:featuredmedia":[{"embeddable":true,"href":"https:\/\/dutchchemlabs.com\/pl\/wp-json\/wp\/v2\/media\/8866"}],"wp:attachment":[{"href":"https:\/\/dutchchemlabs.com\/pl\/wp-json\/wp\/v2\/media?parent=5872"}],"wp:term":[{"taxonomy":"product_brand","embeddable":true,"href":"https:\/\/dutchchemlabs.com\/pl\/wp-json\/wp\/v2\/product_brand?post=5872"},{"taxonomy":"product_cat","embeddable":true,"href":"https:\/\/dutchchemlabs.com\/pl\/wp-json\/wp\/v2\/product_cat?post=5872"},{"taxonomy":"product_tag","embeddable":true,"href":"https:\/\/dutchchemlabs.com\/pl\/wp-json\/wp\/v2\/product_tag?post=5872"}],"curies":[{"name":"wp","href":"https:\/\/api.w.org\/{rel}","templated":true}]}}