{"id":5954,"date":"2025-09-20T11:32:03","date_gmt":"2025-09-20T11:32:03","guid":{"rendered":"https:\/\/dutchchemlabs.com\/?post_type=product&#038;p=5954"},"modified":"2025-11-08T07:39:09","modified_gmt":"2025-11-08T07:39:09","slug":"3fmc-poeder","status":"publish","type":"product","link":"https:\/\/dutchchemlabs.com\/pl\/product\/3fmc-poeder\/","title":{"rendered":"3FMC Poeder"},"content":{"rendered":"<h1>3FMC poeder kopen<\/h1>\n<p>3FMC is een onderzoekschemische stof en niet bedoeld voor menselijke consumptie. Je kunt 3FMC kopen bij dutchchemlabs.com. Als je v\u00f3\u00f3r 18:00 uur bestelt, wordt het de volgende dag al geleverd! Bij ons kun je veilig en gemakkelijk betalen met iDEAL, CreditCard, bankoverschrijving en crypto, zoals je gewend bent. 3FMC bestellen doe je bij dutchchemlabs.com. Wij bieden ook <a href=\"https:\/\/dutchchemlabs.com\/product-categorie\/research-chemicals\/cathinonen\/2mmc-kopen\/\">2MMC<\/a> oraz <a href=\"https:\/\/dutchchemlabs.com\/product-categorie\/research-chemicals\/cathinonen\/pentedrone-nep\/\" data-cke-saved-href=\"https:\/\/dutchchemlabs.com\/product-categorie\/research-chemicals\/cathinonen\/pentedrone-nep\/\">Pentedrone (NEP)<\/a> i innych chemikali\u00f3w badawczych.<\/p>\n<h2>Wat is 3FMC?<\/h2>\n<p>3-Fluoromethcathinone (ook bekend als 3-FMC) is een chemische verbinding die behoort tot de fenethylamine-, amfetamine- en cathinonklassen. Het heeft de IUPAC-naam 1-(3-fluorophenyl)-2-(methylamino)propan-1-one en het CAS-nummer 1049677-77-1. Met een molecuulformule van C10H12FNO en een molaire massa van 181.210 g\u00b7mol\u22121, werkt 3-FMC als een stimulerend middel. Het be\u00efnvloedt de afgifte en heropname van neurotransmitters zoals dopamine en noradrenaline, wat resulteert in effecten zoals verhoogde alertheid, euforie en verbeterde stemming. 3-FMC is verwant aan andere bekende cathinonen en wordt vaak onderzocht om de specifieke werkingsmechanismen en potenti\u00eble toepassingen te begrijpen.<\/p>\n<h2>3FMC effecten<\/h2>\n<p>3-Fluoromethcathinone, of 3-FMC, is een synthetische cathinon die enige bekendheid heeft vergaard vanwege zijn psychotrope effecten. Gebruikers hebben online gerapporteerd dat 3-FMC hen een gevoel van euforie, stimulatie en empathie biedt, vergelijkbaar met de effecten van bekende recreatieve drugs zoals MDMA en coca\u00efne. Deze effecten hebben bijgedragen aan het aantrekken van gebruikers naar 3-FMC als een mogelijke \u201clegal high\u201d of designer drug.<\/p>\n<p>Let op! Het is echter van cruciaal belang om te benadrukken dat de effecten van 3-FMC niet ontdaan zijn van mogelijke risico\u2019s bij het uitvoeren van jouw onderzoek. Het gebruik van 3-FMC bij het uitvoeren van jouw onderzoek kan namelijk gepaard gaan met talrijke nadelige gevolgen voor de gezondheid.<\/p>\n<h2>Zam\u00f3wione przed 18:00 = dostarczone jutro!<\/h2>\n<p><strong>Zam\u00f3wione przed 18:00 = dostarczone jutro! <\/strong>Twoje zam\u00f3wienie zostanie wys\u0142ane anonimowo i dyskretnie za po\u015brednictwem naszego sta\u0142ego partnera, PostNL. Ponadto mo\u017cesz \u0142atwo i szybko zap\u0142aci\u0107 za pomoc\u0105 iDEAL lub Bancontact. Z\u0142\u00f3\u017c zam\u00f3wienie za po\u015brednictwem strony lub skontaktuj si\u0119 z nami za po\u015brednictwem czatu. W ka\u017cdej chwili mo\u017cesz r\u00f3wnie\u017c wys\u0142a\u0107 do nas wiadomo\u015b\u0107 z pytaniami i\/lub uwagami. W przypadku zam\u00f3wie\u0144 w wi\u0119kszych ilo\u015bciach prosimy o wys\u0142anie wiadomo\u015bci e-mail na adres info@dutchchemlabs.com. Czekamy na Twoje zam\u00f3wienie!<\/p>\n<h2>Dostarczamy r\u00f3wnie\u017c du\u017ce ilo\u015bci<\/h2>\n<p>Wil je graag 3FMC Poeder bestellen in grotere hoeveelheden? Neem dan via de chat contact met ons op. dutchchemlabs.com bied scherpe tarieven voor grotere hoeveelheden. Neem dan via de chat contact met ons op. dutchchemlabs.com bied scherpe tarieven voor grotere hoeveelheden. Wacht niet langer en neem vandaag nog contact op.<\/p>\n<div id=\"ConnectiveDocSignExtentionInstalled\" data-extension-version=\"1.0.4\"><\/div>","protected":false},"excerpt":{"rendered":"<ul>\n<li><strong>Dyskretna i anonimowa wysy\u0142ka<\/strong><\/li>\n<li><strong>Zam\u00f3wione przed 18:00 = dostarczone jutro!<\/strong><\/li>\n<li><strong>Bezp\u0142atna wysy\u0142ka powy\u017cej 50<\/strong><\/li>\n<\/ul>\n<div id=\"ConnectiveDocSignExtentionInstalled\" data-extension-version=\"1.0.4\"><\/div>","protected":false},"featured_media":8821,"comment_status":"open","ping_status":"closed","template":"","meta":[],"product_brand":[],"product_cat":[328,102],"product_tag":[],"class_list":{"0":"post-5954","1":"product","2":"type-product","3":"status-publish","4":"has-post-thumbnail","6":"product_cat-3fmc","7":"product_cat-cathinonen","9":"first","10":"instock","11":"taxable","12":"shipping-taxable","13":"purchasable","14":"product-type-variable"},"jetpack_sharing_enabled":true,"_links":{"self":[{"href":"https:\/\/dutchchemlabs.com\/pl\/wp-json\/wp\/v2\/product\/5954","targetHints":{"allow":["GET"]}}],"collection":[{"href":"https:\/\/dutchchemlabs.com\/pl\/wp-json\/wp\/v2\/product"}],"about":[{"href":"https:\/\/dutchchemlabs.com\/pl\/wp-json\/wp\/v2\/types\/product"}],"replies":[{"embeddable":true,"href":"https:\/\/dutchchemlabs.com\/pl\/wp-json\/wp\/v2\/comments?post=5954"}],"version-history":[{"count":3,"href":"https:\/\/dutchchemlabs.com\/pl\/wp-json\/wp\/v2\/product\/5954\/revisions"}],"predecessor-version":[{"id":8822,"href":"https:\/\/dutchchemlabs.com\/pl\/wp-json\/wp\/v2\/product\/5954\/revisions\/8822"}],"wp:featuredmedia":[{"embeddable":true,"href":"https:\/\/dutchchemlabs.com\/pl\/wp-json\/wp\/v2\/media\/8821"}],"wp:attachment":[{"href":"https:\/\/dutchchemlabs.com\/pl\/wp-json\/wp\/v2\/media?parent=5954"}],"wp:term":[{"taxonomy":"product_brand","embeddable":true,"href":"https:\/\/dutchchemlabs.com\/pl\/wp-json\/wp\/v2\/product_brand?post=5954"},{"taxonomy":"product_cat","embeddable":true,"href":"https:\/\/dutchchemlabs.com\/pl\/wp-json\/wp\/v2\/product_cat?post=5954"},{"taxonomy":"product_tag","embeddable":true,"href":"https:\/\/dutchchemlabs.com\/pl\/wp-json\/wp\/v2\/product_tag?post=5954"}],"curies":[{"name":"wp","href":"https:\/\/api.w.org\/{rel}","templated":true}]}}