{"id":6486,"date":"2025-09-20T19:24:57","date_gmt":"2025-09-20T19:24:57","guid":{"rendered":"https:\/\/dutchchemlabs.com\/?post_type=product&#038;p=6486"},"modified":"2025-11-08T07:39:08","modified_gmt":"2025-11-08T07:39:08","slug":"4-aco-met-pellets","status":"publish","type":"product","link":"https:\/\/dutchchemlabs.com\/pl\/product\/4-aco-met-pellets\/","title":{"rendered":"4-AcO-MET Pellets"},"content":{"rendered":"<p>4-AcO-MET kopen? Bestel vandaag nog de allerhoogste kwaliteit 4-AcO-METpellets bij dutchchemlabs.com. Voor 18:00 besteld is morgen al in huis! We doen er alles aan om onze producten zo snel mogelijk bij je te krijgen. Daarnaast kun je gemakkelijk en veilig betalen met iDEAL. 4-AcO-MET pellets kopen doe je bij dutchchemlabs.com, de snelste, beste en goedkoopste!<\/p>\n<h2>Wat is 4-AcO-MET?<\/h2>\n<div class=\"flex flex-grow flex-col max-w-full gap-3 gizmo:gap-0\">\n<div class=\"min-h-[20px] text-message flex flex-col items-start gap-3 whitespace-pre-wrap break-words [.text-message+&amp;]:mt-5 overflow-x-auto\" data-message-author-role=\"assistant\" data-message-id=\"10906490-b3aa-4a5e-aaad-149d27d85daa\">\n<div class=\"markdown prose w-full break-words dark:prose-invert dark\">\n<p>4-Acetoxy-N-methyl-N-ethyltryptamine, ook wel bekend als 4-AcO-MET, is een minder bekende psychedelische stof behorende tot de tryptamineklasse. Vergelijkbaar met psilocybine, veroorzaakt deze stof psychedelische effecten. Het heeft verwantschap met andere psychedelische tryptamines, zoals 4-AcO-DMT. Mogelijk fungeert het als een prodrug voor 4-HO-MET. Weinig informatie bestaat over de farmacologische eigenschappen, metabolisme en toxiciteit van 4-AcO-MET, met beperkt menselijk gebruik. Verkrijgbaar als onderzoekschemische stof online, wordt het soms als \u201cAcomet\u201d of \u201cAzomet\u201d op straat verkocht in noordelijk Zwitserland. Chemisch gezien is het een synthetisch indoolalkalo\u00efde met een tryptaminestructuur, gesubstitueerd met een acetoxy-groep. Het wordt beschouwd als een acetaatester-analoog van 4-HO-MET en de N-gealkyleerde ethylhomoloog van 4-AcO-DMT. Gezien de beperkte kennis over de stof, wordt sterk aangeraden harm reduction-praktijken toe te passen bij het gebruik ervan.<\/p>\n<p>Wij bieden ook <a href=\"https:\/\/dutchchemlabs.com\/product-categorie\/research-chemicals\/cathinonen\/2mmc-kopen\/\">2MMC<\/a>, <a href=\"https:\/\/dutchchemlabs.com\/product-categorie\/research-chemicals\/cathinonen\/pentedrone-nep\/\">Pentedrone (NEP)<\/a>,\u00a0<a href=\"https:\/\/dutchchemlabs.com\/product-categorie\/research-chemicals\/cathinonen\/3fmc\/\">3FMC<\/a> en andere research chemicals aan.<\/p>\n<\/div>\n<\/div>\n<\/div>\n<h2>4-AcO-MET effecten<\/h2>\n<div class=\"flex flex-grow flex-col gap-3\">\n<div class=\"min-h-[20px] flex flex-col items-start gap-4 whitespace-pre-wrap break-words\">\n<div class=\"markdown prose w-full break-words dark:prose-invert light\">\n<div class=\"flex flex-grow flex-col gap-3\">\n<div class=\"min-h-[20px] flex items-start overflow-x-auto whitespace-pre-wrap break-words flex-col gap-4\">\n<div class=\"markdown prose w-full break-words dark:prose-invert light\">\n<div class=\"flex flex-grow flex-col gap-3\">\n<div class=\"min-h-[20px] flex items-start overflow-x-auto whitespace-pre-wrap break-words flex-col gap-4\">\n<div class=\"markdown prose w-full break-words dark:prose-invert light\">\n<p>De effecten van 4-AcO-MET, een psychedelische stof, omvatten een reeks ervaringen. Gebruikers melden in online-rapporten ontspanning, een warme en aangename lichaamshigh, en een verhoogde zintuiglijke waarneming. Kleuren en patronen lijken intenser en levendiger, terwijl visuele acu\u00efteit verbetert. Gevoelens van samensmelting met objecten en veranderingen in lichamelijke vorm kunnen een gevoel van rust en comfort cre\u00ebren. Visuele effecten, zoals vloeien, vervormingen en kleurverschuivingen, worden vaak beschreven als levendig en gedetailleerd.<\/p>\n<p>Let op! Toch is voorzichtigheid geboden bij het uitvoeren van jouw onderzoek. Hogere doses kunnen namelijk onvoorspelbare effecten en negatieve reacties veroorzaken, zoals misselijkheid, en in sommige gevallen leiden tot verwarrende hallucinaties. Hoewel 4-AcO-MET positieve ervaringen kan bieden, moeten gebruikers zich bewust zijn van de mogelijke risico\u2019s en harm reduction-praktijken toepassen om veilig van deze stof gebruik te maken bij het uitvoeren van het onderzoek.<\/p>\n<\/div>\n<\/div>\n<\/div>\n<\/div>\n<\/div>\n<\/div>\n<\/div>\n<\/div>\n<\/div>\n<h2>Voor 18:00 besteld = morgen in huis!<\/h2>\n<p><strong>Voor 18:00 besteld = morgen in huis! <\/strong>Je bestelling wordt anoniem en discreet verzonden met onze vaste koeriersdienst. Daarnaast kun je gemakkelijk en snel betalen met iDEAL, Bancontact of Crypto. Bestel via de site of neem contact met ons op via de chat. Ook voor vragen en\/of opmerkingen kun je ons altijd bellen, appen of mailen. Voor bestellingen in grotere hoeveelheden kun je een mail sturen naar info@dutchchemlabs.com. We zien graag je bestelling tegemoet!<\/p>\n<h2>Grote hoeveelheden 4-AcO-MET bestellen<\/h2>\n<p>Wil je graag 4-AcO-MET bestellen in grotere hoeveelheden? Neem dan via de chat contact op. dutchchemlabs.com bied scherpe tarieven voor grotere hoeveelheden. Wacht niet langer en neem vandaag nog contact op.<\/p>\n<div id=\"ConnectiveDocSignExtentionInstalled\" data-extension-version=\"1.0.4\"><\/div>\n","protected":false},"excerpt":{"rendered":"<ul>\n<li><strong>Dyskretna i anonimowa wysy\u0142ka<\/strong><\/li>\n<li><strong>Zam\u00f3wione przed 18:00 = dostarczone jutro!<\/strong><\/li>\n<li><strong>Bezp\u0142atna wysy\u0142ka powy\u017cej 50<\/strong><\/li>\n<\/ul>\n<div id=\"ConnectiveDocSignExtentionInstalled\" data-extension-version=\"1.0.4\"><\/div>","protected":false},"featured_media":8851,"comment_status":"open","ping_status":"closed","template":"","meta":[],"product_brand":[],"product_cat":[337,573,244],"product_tag":[],"class_list":{"0":"post-6486","1":"product","2":"type-product","3":"status-publish","4":"has-post-thumbnail","6":"product_cat-4-aco-met","7":"product_cat-pellets","8":"product_cat-tryptamines","10":"first","11":"instock","12":"taxable","13":"shipping-taxable","14":"purchasable","15":"product-type-variable"},"jetpack_sharing_enabled":true,"_links":{"self":[{"href":"https:\/\/dutchchemlabs.com\/pl\/wp-json\/wp\/v2\/product\/6486","targetHints":{"allow":["GET"]}}],"collection":[{"href":"https:\/\/dutchchemlabs.com\/pl\/wp-json\/wp\/v2\/product"}],"about":[{"href":"https:\/\/dutchchemlabs.com\/pl\/wp-json\/wp\/v2\/types\/product"}],"replies":[{"embeddable":true,"href":"https:\/\/dutchchemlabs.com\/pl\/wp-json\/wp\/v2\/comments?post=6486"}],"version-history":[{"count":3,"href":"https:\/\/dutchchemlabs.com\/pl\/wp-json\/wp\/v2\/product\/6486\/revisions"}],"predecessor-version":[{"id":8852,"href":"https:\/\/dutchchemlabs.com\/pl\/wp-json\/wp\/v2\/product\/6486\/revisions\/8852"}],"wp:featuredmedia":[{"embeddable":true,"href":"https:\/\/dutchchemlabs.com\/pl\/wp-json\/wp\/v2\/media\/8851"}],"wp:attachment":[{"href":"https:\/\/dutchchemlabs.com\/pl\/wp-json\/wp\/v2\/media?parent=6486"}],"wp:term":[{"taxonomy":"product_brand","embeddable":true,"href":"https:\/\/dutchchemlabs.com\/pl\/wp-json\/wp\/v2\/product_brand?post=6486"},{"taxonomy":"product_cat","embeddable":true,"href":"https:\/\/dutchchemlabs.com\/pl\/wp-json\/wp\/v2\/product_cat?post=6486"},{"taxonomy":"product_tag","embeddable":true,"href":"https:\/\/dutchchemlabs.com\/pl\/wp-json\/wp\/v2\/product_tag?post=6486"}],"curies":[{"name":"wp","href":"https:\/\/api.w.org\/{rel}","templated":true}]}}