{"id":6792,"date":"2025-09-20T19:25:52","date_gmt":"2025-09-20T19:25:52","guid":{"rendered":"https:\/\/dutchchemlabs.com\/?post_type=product&#038;p=6792"},"modified":"2025-11-08T07:39:07","modified_gmt":"2025-11-08T07:39:07","slug":"black-tiger-gold-edition-poppers-10ml","status":"publish","type":"product","link":"https:\/\/dutchchemlabs.com\/pl\/product\/black-tiger-gold-edition-poppers-10ml\/","title":{"rendered":"Black Tiger Gold Edition Poppers (10ml)"},"content":{"rendered":"<h2>Black Tiger Gold Edition 10 ml<\/h2>\n<p>Poppers kopen? De Black Tiger Gold Edition popper is een popper die jouw seksleven naar een hoger niveau kan tillen: Black Tiger Gold 10ml poppers! Met Black Tiger Gold poppers kun jij binnen enkele seconden een geweldige rush ervaren, waarbij al jouw gevoelens worden versterkt.<\/p>\n<p>Wil je ook <a href=\"https:\/\/dutchchemlabs.com\/product-categorie\/research-chemicals\/cathinonen\/pentedrone-nep\/\"><span class=\"breadcrumb_last\" aria-current=\"page\">Pentedrone (NEP)<\/span><\/a> of <a href=\"https:\/\/dutchchemlabs.com\/product-categorie\/research-chemicals\/cathinonen\/2mmc-kopen\/\">2MMC kopen<\/a> of? Bij dutchchemlabs.com verkopen we ook meerdere types research chemicals.<\/p>\n<h2>Black Tiger Gold Edition review<\/h2>\n<div class=\"flex flex-grow flex-col gap-3\">\n<div class=\"min-h-[20px] flex flex-col items-start gap-4 whitespace-pre-wrap\">\n<div class=\"markdown prose w-full break-words dark:prose-invert light\">\n<div class=\"flex flex-grow flex-col gap-3\">\n<div class=\"min-h-[20px] flex flex-col items-start gap-4 whitespace-pre-wrap break-words\">\n<div class=\"markdown prose w-full break-words dark:prose-invert light\">\n<p>De Black Tiger Gold Edition popper is ontwikkeld om een unieke sensatie teweeg te brengen, waarbij de gebruiker wordt aangemoedigd om zijn innerlijke kracht te omarmen en te genieten van een intensere beleving. Dit product heeft tot doel een bijzondere ervaring te bieden die kan resulteren in verhoogde genoegdoening.<\/p>\n<p>Deze popper dient met de nodige voorzichtigheid te worden behandeld, aangezien de intensiteit ervan de gebruiker in staat kan stellen zijn dominante kant te verkennen. Het is van essentieel belang om de popper in een gecontroleerde omgeving te gebruiken en de effecten ervan te respecteren.<\/p>\n<p>De Black Tiger Gold Edition is verkrijgbaar bij dutchchemlabs.com in handige, klein gedoseerde flesjes, wat de gebruiksvriendelijkheid en beschikbaarheid ervan bevordert. Hierdoor kan de gebruiker zich voorbereiden op een potentieel opwindende ervaring.<\/p>\n<\/p><\/div>\n<\/p><\/div>\n<\/p><\/div>\n<\/p><\/div>\n<\/p><\/div>\n<\/p><\/div>\n<h2>Poppers kopen doe je bij dutchchemlabs.com<\/h2>\n<p>Bij dutchchemlabs.com kan je sinds kort ook poppers bestellen. Wij zijn nog druk bezig ons assortiment uit te breiden. Heb jij nog suggesties over welke poppers of overige producten wij nog meer aan kunnen bieden? <a href=\"https:\/\/dutchchemlabs.com\/contact\">Neem contact met ons<\/a> op en laat het ons weten!<\/p>\n<h2>Voor 18:00 besteld = morgen in huis!<\/h2>\n<p><strong>Voor 18:00 besteld = morgen in huis! <\/strong>Je bestelling wordt anoniem en discreet verzonden met onze vaste partner, PostNL. Daarnaast kun je gemakkelijk en snel betalen met iDEAL of Bancontact. Bestel via de site of neem contact met ons op via de chat. Ook voor vragen en\/of opmerkingen kun je ons altijd bellen, appen of mailen. Voor bestellingen in grotere hoeveelheden kun je een mail sturen naar info@dutchchemlabs.com. We zien graag je bestelling tegemoet!<\/p>\n<p>Wij bieden meerdere soorten<a href=\"https:\/\/dutchchemlabs.com\/product-categorie\/poppers\/\">\u00a0Poppers<\/a>\u00a0aan. Ook zijn wij\u00a0<a href=\"https:\/\/dutchchemlabs.com\/product-categorie\/research-chemicals\/\">Research Chemicals<\/a>\u00a0Specialist.<\/p>\n<div id=\"ConnectiveDocSignExtentionInstalled\" data-extension-version=\"1.0.4\"><\/div>\n","protected":false},"excerpt":{"rendered":"<ul>\n<li><strong>Dyskretna i anonimowa wysy\u0142ka<\/strong><\/li>\n<li><strong>Zam\u00f3wione przed 18:00 = dostarczone jutro!<\/strong><\/li>\n<li><strong>Bezp\u0142atna wysy\u0142ka powy\u017cej 50<\/strong><\/li>\n<\/ul>\n<div id=\"ConnectiveDocSignExtentionInstalled\" data-extension-version=\"1.0.4\"><\/div>","protected":false},"featured_media":6876,"comment_status":"open","ping_status":"closed","template":"","meta":[],"product_brand":[],"product_cat":[206,209],"product_tag":[],"class_list":{"0":"post-6792","1":"product","2":"type-product","3":"status-publish","4":"has-post-thumbnail","6":"product_cat-poppers","7":"product_cat-poppers-small","9":"first","10":"instock","11":"taxable","12":"shipping-taxable","13":"purchasable","14":"product-type-simple"},"jetpack_sharing_enabled":true,"_links":{"self":[{"href":"https:\/\/dutchchemlabs.com\/pl\/wp-json\/wp\/v2\/product\/6792","targetHints":{"allow":["GET"]}}],"collection":[{"href":"https:\/\/dutchchemlabs.com\/pl\/wp-json\/wp\/v2\/product"}],"about":[{"href":"https:\/\/dutchchemlabs.com\/pl\/wp-json\/wp\/v2\/types\/product"}],"replies":[{"embeddable":true,"href":"https:\/\/dutchchemlabs.com\/pl\/wp-json\/wp\/v2\/comments?post=6792"}],"version-history":[{"count":1,"href":"https:\/\/dutchchemlabs.com\/pl\/wp-json\/wp\/v2\/product\/6792\/revisions"}],"predecessor-version":[{"id":6877,"href":"https:\/\/dutchchemlabs.com\/pl\/wp-json\/wp\/v2\/product\/6792\/revisions\/6877"}],"wp:featuredmedia":[{"embeddable":true,"href":"https:\/\/dutchchemlabs.com\/pl\/wp-json\/wp\/v2\/media\/6876"}],"wp:attachment":[{"href":"https:\/\/dutchchemlabs.com\/pl\/wp-json\/wp\/v2\/media?parent=6792"}],"wp:term":[{"taxonomy":"product_brand","embeddable":true,"href":"https:\/\/dutchchemlabs.com\/pl\/wp-json\/wp\/v2\/product_brand?post=6792"},{"taxonomy":"product_cat","embeddable":true,"href":"https:\/\/dutchchemlabs.com\/pl\/wp-json\/wp\/v2\/product_cat?post=6792"},{"taxonomy":"product_tag","embeddable":true,"href":"https:\/\/dutchchemlabs.com\/pl\/wp-json\/wp\/v2\/product_tag?post=6792"}],"curies":[{"name":"wp","href":"https:\/\/api.w.org\/{rel}","templated":true}]}}