{"id":6883,"date":"2025-09-20T19:26:08","date_gmt":"2025-09-20T19:26:08","guid":{"rendered":"https:\/\/dutchchemlabs.com\/?post_type=product&#038;p=6883"},"modified":"2025-11-08T07:39:06","modified_gmt":"2025-11-08T07:39:06","slug":"amsterdam-platinum-poppers-10ml","status":"publish","type":"product","link":"https:\/\/dutchchemlabs.com\/pl\/product\/amsterdam-platinum-poppers-10ml\/","title":{"rendered":"Amsterdam Platinum Poppers (10ml)"},"content":{"rendered":"<h2>Amsterdam Platinum 10 ml<\/h2>\n<p>Poppers kopen? De Amsterdam Platinum popper is een van de favoriete poppers van vele popper fans. Poppers maken je intieme momenten nog leuker en spannender! Wanneer je direct uit het flesje snuift voel je direct het effect. Het effect duurt enkele minuten. Amsterdam Platinum 10 ml poppers zijn enkele keren gedistilleerd, waardoor de kwaliteit zeer zuiver is. Let op: Gebruik dit product niet in combinatie met erectiemiddelen.<\/p>\n<p>Czy chcesz r\u00f3wnie\u017c <a href=\"https:\/\/dutchchemlabs.com\/product-categorie\/research-chemicals\/cathinonen\/pentedrone-nep\/\"><span class=\"breadcrumb_last\" aria-current=\"page\">Pentedrone (NEP)<\/span><\/a> lub <a href=\"https:\/\/dutchchemlabs.com\/product-categorie\/research-chemicals\/cathinonen\/2mmc-kopen\/\">Kup 2MMC<\/a> lub? Na stronie dutchchemlabs.com sprzedajemy r\u00f3wnie\u017c kilka rodzaj\u00f3w chemikali\u00f3w badawczych.<\/p>\n<h2>Amsterdam Platinum review<\/h2>\n<p>Ben je toe aan iets nieuws en op zoek naar een spannende ervaring? Dan is de bestseller Poppers Amsterdam Platinum absoluut iets voor jou. Deze poppers staan garant voor een onge\u00ebvenaarde sensatie die je zintuigen prikkelt en je naar ongekende hoogten van plezier brengt. Of je nu alleen op ontdekkingstocht gaat of samen met een partner, de Amsterdam Platinum poppers zullen je zeker niet teleurstellen. Ze hebben een krachtige formule en een intense geur die direct een opwindend effect heeft. Ze zijn de ideale keuze voor wie op zoek is naar een nieuwe dimensie in genot.<\/p>\n<h2>Kup poppersy na dutchchemlabs.com<\/h2>\n<p>Na stronie dutchchemlabs.com mo\u017cna od niedawna zamawia\u0107 poppery. Wci\u0105\u017c jeste\u015bmy zaj\u0119ci poszerzaniem naszego asortymentu. Czy masz jakie\u015b sugestie dotycz\u0105ce popper\u00f3w lub innych produkt\u00f3w, kt\u00f3re mogliby\u015bmy zaoferowa\u0107? <a href=\"https:\/\/dutchchemlabs.com\/contact\">Skontaktuj si\u0119 z nami<\/a> i daj nam zna\u0107!<\/p>\n<h2>Zam\u00f3wione przed 18:00 = dostarczone jutro!<\/h2>\n<p><strong>Zam\u00f3wione przed 18:00 = dostarczone jutro! <\/strong>Twoje zam\u00f3wienie zostanie wys\u0142ane anonimowo i dyskretnie za po\u015brednictwem naszego sta\u0142ego partnera, PostNL. Ponadto mo\u017cesz \u0142atwo i szybko zap\u0142aci\u0107 za pomoc\u0105 iDEAL lub Bancontact. Z\u0142\u00f3\u017c zam\u00f3wienie za po\u015brednictwem strony lub skontaktuj si\u0119 z nami za po\u015brednictwem czatu. Je\u015bli masz jakie\u015b pytania i\/lub uwagi, zawsze mo\u017cesz do nas zadzwoni\u0107, wys\u0142a\u0107 e-mail lub zadzwoni\u0107. W przypadku zam\u00f3wie\u0144 w wi\u0119kszych ilo\u015bciach prosimy o wys\u0142anie wiadomo\u015bci e-mail na adres info@dutchchemlabs.com. Czekamy na Twoje zam\u00f3wienie!<\/p>\n<p>Oferujemy kilka rodzaj\u00f3w<a href=\"https:\/\/dutchchemlabs.com\/product-categorie\/poppers\/\">\u00a0Poppers<\/a>\u00a0do. Jeste\u015bmy r\u00f3wnie\u017c\u00a0<a href=\"https:\/\/dutchchemlabs.com\/product-categorie\/research-chemicals\/\">Chemikalia badawcze<\/a>\u00a0Specjalista.<\/p>\n<div id=\"ConnectiveDocSignExtentionInstalled\" data-extension-version=\"1.0.4\"><\/div>","protected":false},"excerpt":{"rendered":"<ul>\n<li><strong>Dyskretna i anonimowa wysy\u0142ka<\/strong><\/li>\n<li><strong>Zam\u00f3wione przed 18:00 = dostarczone jutro!<\/strong><\/li>\n<li><strong>Bezp\u0142atna wysy\u0142ka powy\u017cej 50<\/strong><\/li>\n<\/ul>\n<div id=\"ConnectiveDocSignExtentionInstalled\" data-extension-version=\"1.0.4\"><\/div>","protected":false},"featured_media":6914,"comment_status":"open","ping_status":"closed","template":"","meta":[],"product_brand":[],"product_cat":[206,209],"product_tag":[],"class_list":{"0":"post-6883","1":"product","2":"type-product","3":"status-publish","4":"has-post-thumbnail","6":"product_cat-poppers","7":"product_cat-poppers-small","9":"first","10":"instock","11":"taxable","12":"shipping-taxable","13":"purchasable","14":"product-type-simple"},"jetpack_sharing_enabled":true,"_links":{"self":[{"href":"https:\/\/dutchchemlabs.com\/pl\/wp-json\/wp\/v2\/product\/6883","targetHints":{"allow":["GET"]}}],"collection":[{"href":"https:\/\/dutchchemlabs.com\/pl\/wp-json\/wp\/v2\/product"}],"about":[{"href":"https:\/\/dutchchemlabs.com\/pl\/wp-json\/wp\/v2\/types\/product"}],"replies":[{"embeddable":true,"href":"https:\/\/dutchchemlabs.com\/pl\/wp-json\/wp\/v2\/comments?post=6883"}],"version-history":[{"count":1,"href":"https:\/\/dutchchemlabs.com\/pl\/wp-json\/wp\/v2\/product\/6883\/revisions"}],"predecessor-version":[{"id":6915,"href":"https:\/\/dutchchemlabs.com\/pl\/wp-json\/wp\/v2\/product\/6883\/revisions\/6915"}],"wp:featuredmedia":[{"embeddable":true,"href":"https:\/\/dutchchemlabs.com\/pl\/wp-json\/wp\/v2\/media\/6914"}],"wp:attachment":[{"href":"https:\/\/dutchchemlabs.com\/pl\/wp-json\/wp\/v2\/media?parent=6883"}],"wp:term":[{"taxonomy":"product_brand","embeddable":true,"href":"https:\/\/dutchchemlabs.com\/pl\/wp-json\/wp\/v2\/product_brand?post=6883"},{"taxonomy":"product_cat","embeddable":true,"href":"https:\/\/dutchchemlabs.com\/pl\/wp-json\/wp\/v2\/product_cat?post=6883"},{"taxonomy":"product_tag","embeddable":true,"href":"https:\/\/dutchchemlabs.com\/pl\/wp-json\/wp\/v2\/product_tag?post=6883"}],"curies":[{"name":"wp","href":"https:\/\/api.w.org\/{rel}","templated":true}]}}