{"id":6898,"date":"2025-09-20T19:26:08","date_gmt":"2025-09-20T19:26:08","guid":{"rendered":"https:\/\/dutchchemlabs.com\/?post_type=product&#038;p=6898"},"modified":"2025-11-08T07:39:07","modified_gmt":"2025-11-08T07:39:07","slug":"highrise-city-30ml-poppers","status":"publish","type":"product","link":"https:\/\/dutchchemlabs.com\/pl\/product\/highrise-city-30ml-poppers\/","title":{"rendered":"Poppersy Highrise City 30 ml"},"content":{"rendered":"<h2>Lockerroom Poppers Highrise City bestellen<\/h2>\n<p>Bent u op zoek naar een intense en sensationele ervaring? Dan is Lockerroom Poppers Highrise City 30ml het product dat u zoekt! Deze hoogwaardige poppers zijn speciaal ontwikkeld om u te helpen ontspannen en uw grenzen te verleggen, en zijn verkrijgbaar om te kopen of te bestellen bij dutchchemlabs.com.<\/p>\n<p>Lockerroom Poppers Highrise City 30ml is gemaakt van hoogwaardige ingredi\u00ebnten en biedt een snelle en effectieve rush. Deze krachtige formule is perfect voor mensen die op zoek zijn naar een intens gevoel van warmte en opwinding. Of u nu wilt ontspannen na een lange dag of gewoon een spannende ervaring wilt beleven, deze poppers zijn de ideale keuze.<\/p>\n<p>Bij dutchchemlabs.com kunt u eenvoudig en veilig poppers kopen of bestellen. Wij bieden een snelle en discrete verzending, zodat u snel kunt genieten van uw Lockerroom Poppers Highrise City 30ml. Wacht niet langer en ervaar zelf waarom deze poppers zo populair zijn bij onze klanten. Bestel nu en beleef een onvergetelijke ervaring!<\/p>\n<h2>Lockerroom Poppers Highrise City review<\/h2>\n<p>Lockerroom Poppers Highrise City is een opwindende toevoeging aan het assortiment poppers van Lockerroom. Met deze poppers kun je jezelf onderdompelen in de opwinding van de stad en genieten van een intense ervaring. Highrise City is speciaal ontworpen om je zintuigen te stimuleren en je naar nieuwe hoogten te brengen. De krachtige formule van deze poppers zorgt voor een snelle en langdurige werking, waardoor je kunt genieten van een langere en intensere roes. Of je nu op zoek bent naar een boost tijdens je feestavonden of een extra tintje wilt geven aan je intieme momenten, Lockerroom Poppers Highrise City biedt een betrouwbare en bevredigende ervaring. Vergeet niet om de aanwijzingen op te volgen en deze poppers alleen te gebruiken zoals voorgeschreven. Ontdek de opwindende wereld van Lockerroom Poppers Highrise City en laat je meeslepen door de sensaties van de stad.<\/p>\n<h2>Kup poppersy na dutchchemlabs.com<\/h2>\n<p>Na stronie dutchchemlabs.com mo\u017cna od niedawna zamawia\u0107 poppery. Wci\u0105\u017c jeste\u015bmy zaj\u0119ci poszerzaniem naszego asortymentu. Czy masz jakie\u015b sugestie dotycz\u0105ce popper\u00f3w lub innych produkt\u00f3w, kt\u00f3re mogliby\u015bmy zaoferowa\u0107? <a href=\"https:\/\/dutchchemlabs.com\/contact\">Skontaktuj si\u0119 z nami<\/a> op en laat het ons weten! Naast de Lockerroom Poppers Highrise City 30ml poppers bieden wij <a href=\"https:\/\/dutchchemlabs.com\/product-categorie\/poppers\/\">meerdere soorten poppers aan<\/a>.<\/p>\n<h2>Zam\u00f3wione przed 18:00 = dostarczone jutro!<\/h2>\n<p><strong>Zam\u00f3wione przed 18:00 = dostarczone jutro! <\/strong>Twoje zam\u00f3wienie zostanie wys\u0142ane anonimowo i dyskretnie za po\u015brednictwem naszego sta\u0142ego partnera, PostNL. Ponadto mo\u017cesz \u0142atwo i szybko zap\u0142aci\u0107 za pomoc\u0105 iDEAL lub Bancontact. Z\u0142\u00f3\u017c zam\u00f3wienie za po\u015brednictwem strony lub skontaktuj si\u0119 z nami za po\u015brednictwem czatu. Je\u015bli masz jakie\u015b pytania i\/lub uwagi, zawsze mo\u017cesz do nas zadzwoni\u0107, wys\u0142a\u0107 e-mail lub zadzwoni\u0107. W przypadku zam\u00f3wie\u0144 w wi\u0119kszych ilo\u015bciach prosimy o wys\u0142anie wiadomo\u015bci e-mail na adres info@dutchchemlabs.com. Czekamy na Twoje zam\u00f3wienie!<\/p>\n<p>Oferujemy kilka rodzaj\u00f3w <a href=\"https:\/\/dutchchemlabs.com\/product-categorie\/poppers\/\">Poppers<\/a>\u00a0do. Jeste\u015bmy r\u00f3wnie\u017c\u00a0<a href=\"https:\/\/dutchchemlabs.com\/product-categorie\/research-chemicals\/\">Chemikalia badawcze<\/a>\u00a0Specjalista.<\/p>\n<div id=\"ConnectiveDocSignExtentionInstalled\" data-extension-version=\"1.0.4\"><\/div>","protected":false},"excerpt":{"rendered":"<ul>\n<li><strong>Dyskretna i anonimowa wysy\u0142ka<\/strong><\/li>\n<li><strong>Zam\u00f3wione przed 18:00 = dostarczone jutro!<\/strong><\/li>\n<li><strong>Bezp\u0142atna wysy\u0142ka powy\u017cej 50<\/strong><\/li>\n<\/ul>\n<div id=\"ConnectiveDocSignExtentionInstalled\" data-extension-version=\"1.0.4\"><\/div>","protected":false},"featured_media":6947,"comment_status":"open","ping_status":"closed","template":"","meta":[],"product_brand":[],"product_cat":[206,207],"product_tag":[],"class_list":{"0":"post-6898","1":"product","2":"type-product","3":"status-publish","4":"has-post-thumbnail","6":"product_cat-poppers","7":"product_cat-poppers-large","9":"first","10":"instock","11":"taxable","12":"shipping-taxable","13":"purchasable","14":"product-type-simple"},"jetpack_sharing_enabled":true,"_links":{"self":[{"href":"https:\/\/dutchchemlabs.com\/pl\/wp-json\/wp\/v2\/product\/6898","targetHints":{"allow":["GET"]}}],"collection":[{"href":"https:\/\/dutchchemlabs.com\/pl\/wp-json\/wp\/v2\/product"}],"about":[{"href":"https:\/\/dutchchemlabs.com\/pl\/wp-json\/wp\/v2\/types\/product"}],"replies":[{"embeddable":true,"href":"https:\/\/dutchchemlabs.com\/pl\/wp-json\/wp\/v2\/comments?post=6898"}],"version-history":[{"count":1,"href":"https:\/\/dutchchemlabs.com\/pl\/wp-json\/wp\/v2\/product\/6898\/revisions"}],"predecessor-version":[{"id":6948,"href":"https:\/\/dutchchemlabs.com\/pl\/wp-json\/wp\/v2\/product\/6898\/revisions\/6948"}],"wp:featuredmedia":[{"embeddable":true,"href":"https:\/\/dutchchemlabs.com\/pl\/wp-json\/wp\/v2\/media\/6947"}],"wp:attachment":[{"href":"https:\/\/dutchchemlabs.com\/pl\/wp-json\/wp\/v2\/media?parent=6898"}],"wp:term":[{"taxonomy":"product_brand","embeddable":true,"href":"https:\/\/dutchchemlabs.com\/pl\/wp-json\/wp\/v2\/product_brand?post=6898"},{"taxonomy":"product_cat","embeddable":true,"href":"https:\/\/dutchchemlabs.com\/pl\/wp-json\/wp\/v2\/product_cat?post=6898"},{"taxonomy":"product_tag","embeddable":true,"href":"https:\/\/dutchchemlabs.com\/pl\/wp-json\/wp\/v2\/product_tag?post=6898"}],"curies":[{"name":"wp","href":"https:\/\/api.w.org\/{rel}","templated":true}]}}