{"id":7269,"date":"2025-09-20T19:27:24","date_gmt":"2025-09-20T19:27:24","guid":{"rendered":"https:\/\/dutchchemlabs.com\/?post_type=product&#038;p=7269"},"modified":"2025-11-08T07:39:04","modified_gmt":"2025-11-08T07:39:04","slug":"blue-boy-extreme-poppers-30ml","status":"publish","type":"product","link":"https:\/\/dutchchemlabs.com\/pl\/product\/blue-boy-extreme-poppers-30ml\/","title":{"rendered":"Blue Boy Extreme Poppers 30ml"},"content":{"rendered":"<h2>Blue Boy Extreme poppers bestellen<\/h2>\n<p>De Blue Boy Extreme 30 ml is een krachtige popper en is leuk voor beginnende, maar ook ervaren gebruikers. Poppers maken jouw intieme momenten nog leuker en spannender! Wanneer je direct uit het flesje snuift voel je direct het effect. Het effect duurt enkele minuten. Blue Boy Extreme 30ml poppers zijn drie keer gedistilleerd, waardoor de kwaliteit zeer zuiver is. Let op: Gebruik dit product niet in combinatie met erectiemiddelen.<\/p>\n<p>Czy chcesz r\u00f3wnie\u017c kupi\u0107 3CMC? Na dutchchemlabs.com sprzedajemy r\u00f3wnie\u017c <a href=\"https:\/\/dutchchemlabs.com\/product\/3cmc-kopen\/\">Proszek 3CMC<\/a>, <a href=\"https:\/\/dutchchemlabs.com\/product\/3cmc-kopen-kristallen\/\">Kryszta\u0142y 3CMC<\/a> oraz <a href=\"https:\/\/dutchchemlabs.com\/product\/3cmc-kopen-capsules\/\">Kapsu\u0142ki 3CMC<\/a>.<\/p>\n<h2>Blue Boy Extreme review<\/h2>\n<p>Blue Boy Extreme Formula poppers, afkomstig uit Canada, zijn geliefd vanwege hun krachtige en directe effecten zonder bijwerkingen. Met een aangename geur en een rijke geschiedenis als een van de oudste poppersmerken, hebben Blue Boy poppers wereldwijd een grote populariteit verworven. Deze poppers nemen je mee op een nostalgische reis naar plezier, of het nu op de dansvloer is voor een tijdelijke rush of tussen de lakens voor intensere seksuele ervaringen. Het gebruik van Blue Boy poppers moet echter verantwoordelijk gebeuren, en het is belangrijk om de aanbevolen richtlijnen te volgen. Geniet van de krachtige sensaties en herontdek het plezier met Blue Boy Extreme Formula poppers.<\/p>\n<h2>Kup poppersy na dutchchemlabs.com<\/h2>\n<p>Na stronie dutchchemlabs.com mo\u017cna od niedawna zamawia\u0107 poppery. Wci\u0105\u017c jeste\u015bmy zaj\u0119ci poszerzaniem naszej oferty produkt\u00f3w. Czy masz jakie\u015b sugestie dotycz\u0105ce popper\u00f3w lub innych produkt\u00f3w, kt\u00f3re mogliby\u015bmy zaoferowa\u0107? <a href=\"https:\/\/dutchchemlabs.com\/contact\">Skontaktuj si\u0119 z nami<\/a> op en laat het ons weten! Naast de Blue Boy Extreme 30 ml poppers bieden we <a href=\"https:\/\/dutchchemlabs.com\/product-categorie\/poppers\/\">wiele rodzaj\u00f3w popper\u00f3w.<\/a><\/p>\n<h2>Zam\u00f3wione przed 18:00 = dostarczone jutro!<\/h2>\n<p><strong>Zam\u00f3wione przed 18:00 = dostarczone jutro! <\/strong>Twoje zam\u00f3wienie zostanie wys\u0142ane anonimowo i dyskretnie za po\u015brednictwem naszego sta\u0142ego partnera, PostNL. Ponadto mo\u017cesz \u0142atwo i szybko zap\u0142aci\u0107 za pomoc\u0105 iDEAL lub Bancontact. Z\u0142\u00f3\u017c zam\u00f3wienie za po\u015brednictwem strony lub skontaktuj si\u0119 z nami za po\u015brednictwem czatu. Je\u015bli masz jakie\u015b pytania i\/lub uwagi, zawsze mo\u017cesz do nas zadzwoni\u0107, wys\u0142a\u0107 e-mail lub zadzwoni\u0107. W przypadku zam\u00f3wie\u0144 w wi\u0119kszych ilo\u015bciach prosimy o wys\u0142anie wiadomo\u015bci e-mail na adres info@dutchchemlabs.com. Czekamy na Twoje zam\u00f3wienie!<\/p>\n<p>dutchchemlabs.com sprzedaje <a href=\"https:\/\/dutchchemlabs.com\/product-categorie\/research-chemicals\/\">Chemikalia badawcze<\/a> i nie tylko.<\/p>\n<div id=\"ConnectiveDocSignExtentionInstalled\" data-extension-version=\"1.0.4\"><\/div>","protected":false},"excerpt":{"rendered":"<ul>\n<li><strong>Dyskretna i anonimowa wysy\u0142ka<\/strong><\/li>\n<li><strong>Zam\u00f3wione przed 18:00 = dostarczone jutro!<\/strong><\/li>\n<li><strong>Bezp\u0142atna wysy\u0142ka powy\u017cej 50<\/strong><\/li>\n<\/ul>\n<div id=\"ConnectiveDocSignExtentionInstalled\" data-extension-version=\"1.0.4\"><\/div>","protected":false},"featured_media":7330,"comment_status":"open","ping_status":"closed","template":"","meta":[],"product_brand":[],"product_cat":[206,207],"product_tag":[],"class_list":{"0":"post-7269","1":"product","2":"type-product","3":"status-publish","4":"has-post-thumbnail","6":"product_cat-poppers","7":"product_cat-poppers-large","9":"first","10":"instock","11":"taxable","12":"shipping-taxable","13":"purchasable","14":"product-type-simple"},"jetpack_sharing_enabled":true,"_links":{"self":[{"href":"https:\/\/dutchchemlabs.com\/pl\/wp-json\/wp\/v2\/product\/7269","targetHints":{"allow":["GET"]}}],"collection":[{"href":"https:\/\/dutchchemlabs.com\/pl\/wp-json\/wp\/v2\/product"}],"about":[{"href":"https:\/\/dutchchemlabs.com\/pl\/wp-json\/wp\/v2\/types\/product"}],"replies":[{"embeddable":true,"href":"https:\/\/dutchchemlabs.com\/pl\/wp-json\/wp\/v2\/comments?post=7269"}],"version-history":[{"count":1,"href":"https:\/\/dutchchemlabs.com\/pl\/wp-json\/wp\/v2\/product\/7269\/revisions"}],"predecessor-version":[{"id":7331,"href":"https:\/\/dutchchemlabs.com\/pl\/wp-json\/wp\/v2\/product\/7269\/revisions\/7331"}],"wp:featuredmedia":[{"embeddable":true,"href":"https:\/\/dutchchemlabs.com\/pl\/wp-json\/wp\/v2\/media\/7330"}],"wp:attachment":[{"href":"https:\/\/dutchchemlabs.com\/pl\/wp-json\/wp\/v2\/media?parent=7269"}],"wp:term":[{"taxonomy":"product_brand","embeddable":true,"href":"https:\/\/dutchchemlabs.com\/pl\/wp-json\/wp\/v2\/product_brand?post=7269"},{"taxonomy":"product_cat","embeddable":true,"href":"https:\/\/dutchchemlabs.com\/pl\/wp-json\/wp\/v2\/product_cat?post=7269"},{"taxonomy":"product_tag","embeddable":true,"href":"https:\/\/dutchchemlabs.com\/pl\/wp-json\/wp\/v2\/product_tag?post=7269"}],"curies":[{"name":"wp","href":"https:\/\/api.w.org\/{rel}","templated":true}]}}