{"id":7399,"date":"2025-09-20T19:27:49","date_gmt":"2025-09-20T19:27:49","guid":{"rendered":"https:\/\/dutchchemlabs.com\/?post_type=product&#038;p=7399"},"modified":"2025-11-08T07:39:04","modified_gmt":"2025-11-08T07:39:04","slug":"1p-lsd-blotters-100mcg","status":"publish","type":"product","link":"https:\/\/dutchchemlabs.com\/pl\/product\/1p-lsd-blotters-100mcg\/","title":{"rendered":"1P-LSD Blotters (100mcg)"},"content":{"rendered":"<h2>Kup blottery 1P-LSD<\/h2>\n<p>1P-LSD jest substancj\u0105 chemiczn\u0105 przeznaczon\u0105 do bada\u0144 i nie jest przeznaczony do spo\u017cycia przez ludzi. Mo\u017cesz kupi\u0107 1P-LSD na dutchchemlabs.com. Je\u015bli z\u0142o\u017cysz zam\u00f3wienie przed godzin\u0105 18:00, zostanie ono dostarczone nast\u0119pnego dnia! U nas mo\u017cesz bezpiecznie i \u0142atwo p\u0142aci\u0107 za pomoc\u0105 iDEAL, karty kredytowej, przelewu bankowego i kryptowalut, tak jak jeste\u015b do tego przyzwyczajony. Zam\u00f3w 1P-LSD na dutchchemlabs.com. Oferujemy r\u00f3wnie\u017c <a href=\"https:\/\/dutchchemlabs.com\/product-categorie\/research-chemicals\/cathinonen\/2mmc-kopen\/\">2MMC<\/a>, <a href=\"https:\/\/dutchchemlabs.com\/product-categorie\/research-chemicals\/cathinonen\/pentedrone-nep\/\">Pentedrone (NEP)<\/a>,\u00a0<a href=\"https:\/\/dutchchemlabs.com\/product-categorie\/research-chemicals\/cathinonen\/3fmc\/\">3FMC<\/a> i innych chemikali\u00f3w badawczych.<\/p>\n<h2>Czym jest 1P-LSD?<\/h2>\n<p>Dietyloamid kwasu 1-propylo-d-lizergowego (1P-LSD), nale\u017c\u0105cy do klasy lizergamid\u00f3w, zyska\u0142 rozg\u0142os jako nowy lek psychodeliczny strukturalnie spokrewniony z LSD. Uwa\u017ca si\u0119, \u017ce wchodzi on w interakcje z receptorami serotoninowymi w m\u00f3zgu i cho\u0107 dok\u0142adna data jego syntezy nie jest znana, pojawi\u0142 si\u0119 on na rynku chemii badawczej online w 2015 roku. Pomimo braku wcze\u015bniejszej historii w literaturze naukowej, zosta\u0142 wprowadzony na rynek jako legalna alternatywa dla LSD. Proponuje si\u0119 go jako prolek LSD, poparty badaniem, kt\u00f3re wykaza\u0142o, \u017ce jest metabolizowany do LSD u szczur\u00f3w. Istniej\u0105 ograniczone informacje na temat jego farmakologii, metabolizmu i toksyczno\u015bci, co wymaga ostro\u017cno\u015bci i stosowania praktyk redukcji szk\u00f3d podczas korzystania z niego w badaniach.<\/p>\n<h2>Efekty 1P-LSD<\/h2>\n<p>Wed\u0142ug wielu u\u017cytkownik\u00f3w, subiektywne efekty 1P-LSD s\u0105 tak podobne do efekt\u00f3w LSD, \u017ce s\u0105 praktycznie nie do odr\u00f3\u017cnienia. W por\u00f3wnaniu do innych psychodelik\u00f3w, takich jak psilocybina, LSA i ayahuasca, 1P-LSD jest znacznie bardziej stymuluj\u0105cy i szybki w swoim specyficznym stylu efekt\u00f3w fizycznych i poznawczych. Efekty obejmuj\u0105 intensywn\u0105 eufori\u0119, wzmocnion\u0105 introspekcj\u0119, my\u015blenie koncepcyjne, stymulacj\u0119 fizyczn\u0105 i halucynacje wzrokowe. Prowadzi do poczucia fizycznego komfortu, ciep\u0142a, mi\u0142o\u015bci i b\u0142ogo\u015bci, a cz\u0119\u015bciowo ma w\u0142a\u015bciwo\u015bci pobudzaj\u0105ce, kt\u00f3re mog\u0105 zach\u0119ca\u0107 do aktywno\u015bci fizycznej, takiej jak bieganie, chodzenie, wspinaczka lub taniec. Wra\u017cenia dotykowe s\u0105 wzmocnione i mo\u017ce wyst\u0105pi\u0107 poprawa wytrzyma\u0142o\u015bci.<\/p>\n<p>Uwaga! Wa\u017cne jest jednak, aby zdawa\u0107 sobie spraw\u0119 z mo\u017cliwych zagro\u017ce\u0144 podczas przeprowadzania bada\u0144, takich jak zwi\u0119kszenie cz\u0119sto\u015bci akcji serca, zw\u0119\u017cenie naczy\u0144 krwiono\u015bnych, nudno\u015bci oraz mo\u017cliwo\u015b\u0107 uzale\u017cnienia i powa\u017cnych wypadk\u00f3w przy du\u017cych dawkach. Efekty wizualne 1P-LSD wahaj\u0105 si\u0119 od zwi\u0119kszonego postrzegania kolor\u00f3w, rozpoznawania wzor\u00f3w i ostro\u015bci widzenia do zniekszta\u0142ce\u0144 wizualnych, takich jak ruchome wzory, zmiany kolor\u00f3w i znaczniki.<\/p>\n<h2>Zam\u00f3wione przed 18:00 = dostarczone jutro!<\/h2>\n<p><strong>Zam\u00f3wione przed 18:00 = dostarczone jutro! <\/strong>Twoje zam\u00f3wienie zostanie wys\u0142ane anonimowo i dyskretnie za po\u015brednictwem naszego sta\u0142ego partnera, PostNL. Ponadto mo\u017cesz \u0142atwo i szybko zap\u0142aci\u0107 za pomoc\u0105 iDEAL lub Bancontact. Z\u0142\u00f3\u017c zam\u00f3wienie za po\u015brednictwem strony lub skontaktuj si\u0119 z nami za po\u015brednictwem czatu. Je\u015bli masz jakie\u015b pytania i\/lub uwagi, zawsze mo\u017cesz do nas zadzwoni\u0107, wys\u0142a\u0107 e-mail lub zadzwoni\u0107. W przypadku zam\u00f3wie\u0144 w wi\u0119kszych ilo\u015bciach prosimy o wys\u0142anie wiadomo\u015bci e-mail na adres info@dutchchemlabs.com. Czekamy na Twoje zam\u00f3wienie!<\/p>\n<h2>Dostarczamy r\u00f3wnie\u017c du\u017ce ilo\u015bci<\/h2>\n<p>1P-LSD wordt verkocht in verschillende hoeveelheden. Wil je graag 1P-LSD bestellen in grotere hoeveelheden? Neem dan via de chat contact met ons op. dutchchemlabs.com bied scherpe tarieven voor grotere hoeveelheden. Wacht niet langer en neem vandaag nog contact op.<\/p>\n<div id=\"ConnectiveDocSignExtentionInstalled\" data-extension-version=\"1.0.4\"><\/div>","protected":false},"excerpt":{"rendered":"<ul>\n<li><strong>Dyskretna i anonimowa wysy\u0142ka<\/strong><\/li>\n<li><strong>Zam\u00f3wione przed 18:00 = dostarczone jutro!<\/strong><\/li>\n<li><strong>Bezp\u0142atna wysy\u0142ka powy\u017cej 50<\/strong><\/li>\n<\/ul>\n<div id=\"ConnectiveDocSignExtentionInstalled\" data-extension-version=\"1.0.4\"><\/div>","protected":false},"featured_media":8970,"comment_status":"open","ping_status":"closed","template":"","meta":[],"product_brand":[],"product_cat":[232,574,91,187],"product_tag":[],"class_list":{"0":"post-7399","1":"product","2":"type-product","3":"status-publish","4":"has-post-thumbnail","6":"product_cat-1p-lsd","7":"product_cat-blotters","8":"product_cat-lysergamides","9":"product_cat-populair","11":"first","12":"instock","13":"taxable","14":"shipping-taxable","15":"purchasable","16":"product-type-variable"},"jetpack_sharing_enabled":true,"_links":{"self":[{"href":"https:\/\/dutchchemlabs.com\/pl\/wp-json\/wp\/v2\/product\/7399","targetHints":{"allow":["GET"]}}],"collection":[{"href":"https:\/\/dutchchemlabs.com\/pl\/wp-json\/wp\/v2\/product"}],"about":[{"href":"https:\/\/dutchchemlabs.com\/pl\/wp-json\/wp\/v2\/types\/product"}],"replies":[{"embeddable":true,"href":"https:\/\/dutchchemlabs.com\/pl\/wp-json\/wp\/v2\/comments?post=7399"}],"version-history":[{"count":2,"href":"https:\/\/dutchchemlabs.com\/pl\/wp-json\/wp\/v2\/product\/7399\/revisions"}],"predecessor-version":[{"id":8971,"href":"https:\/\/dutchchemlabs.com\/pl\/wp-json\/wp\/v2\/product\/7399\/revisions\/8971"}],"wp:featuredmedia":[{"embeddable":true,"href":"https:\/\/dutchchemlabs.com\/pl\/wp-json\/wp\/v2\/media\/8970"}],"wp:attachment":[{"href":"https:\/\/dutchchemlabs.com\/pl\/wp-json\/wp\/v2\/media?parent=7399"}],"wp:term":[{"taxonomy":"product_brand","embeddable":true,"href":"https:\/\/dutchchemlabs.com\/pl\/wp-json\/wp\/v2\/product_brand?post=7399"},{"taxonomy":"product_cat","embeddable":true,"href":"https:\/\/dutchchemlabs.com\/pl\/wp-json\/wp\/v2\/product_cat?post=7399"},{"taxonomy":"product_tag","embeddable":true,"href":"https:\/\/dutchchemlabs.com\/pl\/wp-json\/wp\/v2\/product_tag?post=7399"}],"curies":[{"name":"wp","href":"https:\/\/api.w.org\/{rel}","templated":true}]}}