{"id":7728,"date":"2025-09-20T19:28:45","date_gmt":"2025-09-20T19:28:45","guid":{"rendered":"https:\/\/dutchchemlabs.com\/?post_type=product&#038;p=7728"},"modified":"2025-11-08T07:39:03","modified_gmt":"2025-11-08T07:39:03","slug":"2fma-poeder","status":"publish","type":"product","link":"https:\/\/dutchchemlabs.com\/pl\/product\/2fma-poeder\/","title":{"rendered":"Proszek 2FMA"},"content":{"rendered":"<h1>2FMA poeder kopen<\/h1>\n<p>2FMA is een onderzoekschemische stof en niet bedoeld voor menselijke consumptie. Je kunt 2FMA kopen bij dutchchemlabs.com. Als je v\u00f3\u00f3r 18:00 uur bestelt, wordt het de volgende dag al geleverd! Bij ons kun je veilig en gemakkelijk betalen met iDEAL, CreditCard, bankoverschrijving en crypto, zoals je gewend bent. 2FMA bestellen doe je bij dutchchemlabs.com. Wij bieden ook <a href=\"https:\/\/dutchchemlabs.com\/product-categorie\/research-chemicals\/cathinonen\/2mmc-kopen\/\">2MMC<\/a>, <a href=\"https:\/\/dutchchemlabs.com\/product-categorie\/research-chemicals\/cathinonen\/pentedrone-nep\/\">Pentedrone (NEP)<\/a>,\u00a0<a href=\"https:\/\/dutchchemlabs.com\/product-categorie\/research-chemicals\/cathinonen\/3fmc\/\">3FMC<\/a> i innych chemikali\u00f3w badawczych.<\/p>\n<h2>Wat is 2FMA?<\/h2>\n<p>2-Fluoromethamphetamine, afgekort als 2FMA, is een synthetische verbinding die behoort tot de groep fenethylamines. Het is een stof met stimulerende eigenschappen, vergelijkbaar met amfetamines, en staat bekend om zijn vermogen om de stemming te verbeteren, de alertheid te verhogen en de energie te verhogen. 2FMA werd ontwikkeld voor wetenschappelijke doeleinden en onderzoek en wordt bij dutchchemlabs.com verkocht als research chemical. 2-FMA is een stimulerende stof in de amfetamineklasse die zijn effecten veroorzaakt door werking op dopamine- en noradrenaline-receptoren, en wordt vaak gebruikt als studie- of productiviteitshulpmiddel.<\/p>\n<p>Oferujemy r\u00f3wnie\u017c <a href=\"https:\/\/dutchchemlabs.com\/product-categorie\/research-chemicals\/cathinonen\/2mmc-kopen\/\">2MMC<\/a>, <a href=\"https:\/\/dutchchemlabs.com\/product-categorie\/research-chemicals\/cathinonen\/pentedrone-nep\/\">Pentedrone (NEP)<\/a>,\u00a0<a href=\"https:\/\/dutchchemlabs.com\/product-categorie\/research-chemicals\/cathinonen\/3fmc\/\">3FMC<\/a> i innych chemikali\u00f3w badawczych.<\/p>\n<h2>2FMA effecten<\/h2>\n<p>2FMA staat bekend om zijn functionele stimulanteneigenschappen die productiviteit en focus verbeteren, vergelijkbaar met amfetamine of lisdexamfetamine (Vyvanse). In tegenstelling tot veel andere vervangende amfetaminen, rapporteren onderzoekers relatief weinig bijwerkingen zoals misselijkheid, hoge bloeddruk en angst. Bij hogere doseringen verliest 2FMA echter zijn productieve eigenschappen en kan het recreatieve effecten veroorzaken door de euforie die het opwekt. Fysieke effecten omvatten verhoogde energie, verminderde eetlust en verbeterde fysieke uithoudingsvermogen, terwijl bij hoge doses ook bijwerkingen zoals kaakklemmen en onwillekeurige trillingen kunnen optreden. Visuele effecten zijn minder prominent, maar kunnen bij hoge doseringen lichte vervormingen en helderheidsveranderingen omvatten. Cognitief biedt 2FMA verbeterde analyse, focus en motivatie, hoewel het ook angst en paranoia kan veroorzaken bij overmatige doses. De nasleep van gebruik kan onaangename effecten zoals angst, vermoeidheid en hoofdpijn met zich meebrengen.<\/p>\n<p>Let op! Het is van essentieel belang om voorzichtig te zijn en de aanbevolen dosering te volgen om risico\u2019s te minimaliseren bij het uitvoeren van jouw onderzoek en de correcte effecten te behouden. Het individuele respons op deze stof kan vari\u00ebren, dus verantwoord gebruik is cruciaal.<\/p>\n<h2>Zam\u00f3wione przed 18:00 = dostarczone jutro!<\/h2>\n<p><strong>Zam\u00f3wione przed 18:00 = dostarczone jutro! <\/strong>Twoje zam\u00f3wienie zostanie wys\u0142ane anonimowo i dyskretnie za po\u015brednictwem naszego sta\u0142ego partnera, PostNL. Ponadto mo\u017cesz \u0142atwo i szybko zap\u0142aci\u0107 za pomoc\u0105 iDEAL lub Bancontact. Z\u0142\u00f3\u017c zam\u00f3wienie za po\u015brednictwem strony lub skontaktuj si\u0119 z nami za po\u015brednictwem czatu. Je\u015bli masz jakie\u015b pytania i\/lub uwagi, zawsze mo\u017cesz do nas zadzwoni\u0107, wys\u0142a\u0107 e-mail lub zadzwoni\u0107. W przypadku zam\u00f3wie\u0144 w wi\u0119kszych ilo\u015bciach prosimy o wys\u0142anie wiadomo\u015bci e-mail na adres info@dutchchemlabs.com. Czekamy na Twoje zam\u00f3wienie!<\/p>\n<h2>Dostarczamy r\u00f3wnie\u017c du\u017ce ilo\u015bci<\/h2>\n<p>Wil je graag 2FMA poeder bestellen in grotere hoeveelheden? Neem dan via de chat contact met ons op. dutchchemlabs.com bied scherpe tarieven voor grotere hoeveelheden. Wacht niet langer en neem vandaag nog contact op.<\/p>\n<div id=\"ConnectiveDocSignExtentionInstalled\" data-extension-version=\"1.0.4\"><\/div>","protected":false},"excerpt":{"rendered":"<ul>\n<li><strong>Dyskretna i anonimowa wysy\u0142ka<\/strong><\/li>\n<li><strong>Zam\u00f3wione przed 18:00 = dostarczone jutro!<\/strong><\/li>\n<li><strong>Bezp\u0142atna wysy\u0142ka powy\u017cej 50<\/strong><\/li>\n<\/ul>\n<div id=\"ConnectiveDocSignExtentionInstalled\" data-extension-version=\"1.0.4\"><\/div>","protected":false},"featured_media":8760,"comment_status":"open","ping_status":"closed","template":"","meta":[],"product_brand":[],"product_cat":[170,89,187],"product_tag":[],"class_list":{"0":"post-7728","1":"product","2":"type-product","3":"status-publish","4":"has-post-thumbnail","6":"product_cat-2fma","7":"product_cat-gefluoreerden","8":"product_cat-populair","10":"first","11":"instock","12":"taxable","13":"shipping-taxable","14":"purchasable","15":"product-type-variable"},"jetpack_sharing_enabled":true,"_links":{"self":[{"href":"https:\/\/dutchchemlabs.com\/pl\/wp-json\/wp\/v2\/product\/7728","targetHints":{"allow":["GET"]}}],"collection":[{"href":"https:\/\/dutchchemlabs.com\/pl\/wp-json\/wp\/v2\/product"}],"about":[{"href":"https:\/\/dutchchemlabs.com\/pl\/wp-json\/wp\/v2\/types\/product"}],"replies":[{"embeddable":true,"href":"https:\/\/dutchchemlabs.com\/pl\/wp-json\/wp\/v2\/comments?post=7728"}],"version-history":[{"count":2,"href":"https:\/\/dutchchemlabs.com\/pl\/wp-json\/wp\/v2\/product\/7728\/revisions"}],"predecessor-version":[{"id":8763,"href":"https:\/\/dutchchemlabs.com\/pl\/wp-json\/wp\/v2\/product\/7728\/revisions\/8763"}],"wp:featuredmedia":[{"embeddable":true,"href":"https:\/\/dutchchemlabs.com\/pl\/wp-json\/wp\/v2\/media\/8760"}],"wp:attachment":[{"href":"https:\/\/dutchchemlabs.com\/pl\/wp-json\/wp\/v2\/media?parent=7728"}],"wp:term":[{"taxonomy":"product_brand","embeddable":true,"href":"https:\/\/dutchchemlabs.com\/pl\/wp-json\/wp\/v2\/product_brand?post=7728"},{"taxonomy":"product_cat","embeddable":true,"href":"https:\/\/dutchchemlabs.com\/pl\/wp-json\/wp\/v2\/product_cat?post=7728"},{"taxonomy":"product_tag","embeddable":true,"href":"https:\/\/dutchchemlabs.com\/pl\/wp-json\/wp\/v2\/product_tag?post=7728"}],"curies":[{"name":"wp","href":"https:\/\/api.w.org\/{rel}","templated":true}]}}