{"id":7977,"date":"2025-09-20T19:29:35","date_gmt":"2025-09-20T19:29:35","guid":{"rendered":"https:\/\/dutchchemlabs.com\/?post_type=product&#038;p=7977"},"modified":"2025-11-08T07:39:02","modified_gmt":"2025-11-08T07:39:02","slug":"krysztalowe-kawalki-pihp","status":"publish","type":"product","link":"https:\/\/dutchchemlabs.com\/pl\/product\/krysztalowe-kawalki-pihp\/","title":{"rendered":"a-PiHP Crystal Chunks"},"content":{"rendered":"<h2>Kup kryszta\u0142owe kawa\u0142ki a-PiHP<\/h2>\n<p>a-PiHP, znany r\u00f3wnie\u017c jako alfa-pirolidynoheksiofenon, jest syntetycznym stymulantem o dzia\u0142aniu psychostymuluj\u0105cym.<\/p>\n<p>Zam\u00f3w najwy\u017cszej jako\u015bci kryszta\u0142y a-PiHP ju\u017c dzi\u015b na dutchchemlabs.com. a-PiHP nale\u017cy do grupy katynon\u00f3w. a-PiHP jest substancj\u0105 chemiczn\u0105 przeznaczon\u0105 do bada\u0144 i nie nadaje si\u0119 do spo\u017cycia przez ludzi. Zam\u00f3wiony przed 18:00, zostanie dostarczony jutro! Mo\u017cesz p\u0142aci\u0107 \u0142atwo i bezpiecznie za pomoc\u0105 iDEAL, tak jak jeste\u015b do tego przyzwyczajony. Kup a-PiHP Crystals na dutchchemlabs.com, najszybszym, najlepszym i najta\u0144szym specjalist\u0105 Research Chemicals w Holandii! Oferujemy r\u00f3wnie\u017c inne <a href=\"https:\/\/dutchchemlabs.com\/product-categorie\/research-chemicals\/\"> Chemikalia badawcze<\/a> do.<\/p>\n<h2>Efekty a-PiHP<\/h2>\n<p>a-PiHP jest sprzedawany w postaci kryszta\u0142k\u00f3w na stronie dutchchemlabs.com. Wed\u0142ug internetowych raport\u00f3w z podr\u00f3\u017cy, a-PiHP - kt\u00f3ry jest r\u00f3wnie\u017c czasami nazywany \u2018flakka\u2019 - ma silny, ale kr\u00f3tkotrwa\u0142y euforyczny efekt stymuluj\u0105cy podobny do tego, jaki daje odparowana metamfetamina lub kokaina. Innymi s\u0142owy, jest to syntetyczny stymulant opisywany przez u\u017cytkownik\u00f3w jako posiadaj\u0105cy silny i d\u0142ugotrwa\u0142y haj, kt\u00f3remu towarzyszy uczucie euforii, zwi\u0119kszonej energii i zmniejszonego apetytu.<\/p>\n<p><span class=\"HwtZe\" lang=\"nl\"><span class=\"jCAhz ChMk0b\"><span class=\"ryNqvb\">Subiektywne efekty badanej substancji a-PiHP r\u00f3\u017cni\u0105 si\u0119 znacznie w zale\u017cno\u015bci od u\u017cytkownika i przyjmowanej dawki.   Przy niskich dawkach u\u017cytkownicy zg\u0142aszaj\u0105 uczucie energii i motywacji, a tak\u017ce wi\u0119ksz\u0105 rozmowno\u015b\u0107 i towarzysko\u015b\u0107. Przy wy\u017cszych dawkach u\u017cytkownicy zg\u0142aszaj\u0105, \u017ce czuj\u0105 si\u0119 bardziej zrelaksowani i spokojni, a tak\u017ce maj\u0105 lepsze samopoczucie. Niekt\u00f3rzy u\u017cytkownicy zg\u0142aszaj\u0105 r\u00f3wnie\u017c uczucie podekscytowania i lekkiej euforii.<\/span><\/span><\/span><\/p>\n<h2>Dzia\u0142anie a-PiHP<\/h2>\n<p>A-PiHP jest zwi\u0105zkiem chemicznym zaprojektowanym do dzia\u0142ania jako silny \u201cnootropik\u201d. Jest pochodn\u0105 fenibutu, psychoaktywnego zwi\u0105zku GABA, co oznacza, \u017ce wi\u0105\u017ce si\u0119 z receptorami GABA w m\u00f3zgu i wywo\u0142uje szereg efekt\u00f3w. A-PiHP jest w stanie przekroczy\u0107 barier\u0119 krew-m\u00f3zg, co oznacza, \u017ce mo\u017ce dotrze\u0107 do m\u00f3zgu i oddzia\u0142ywa\u0107 bezpo\u015brednio z w\u0142\u00f3knami nerwowymi. Zwi\u0119ksza plastyczno\u015b\u0107 synaptyczn\u0105 neuron\u00f3w, zwi\u0119ksza wydajno\u015b\u0107 uwalniania neuroprzeka\u017anik\u00f3w, a tak\u017ce poprawia funkcje poznawcze, takie jak pami\u0119\u0107, koncentracja i motywacja.<\/p>\n<h2>Zam\u00f3wione przed 18:00 = dostarczone jutro!<\/h2>\n<p><strong>Zam\u00f3wione przed 18:00 = dostarczone jutro! <\/strong>Twoje zam\u00f3wienie zostanie wys\u0142ane anonimowo i dyskretnie za po\u015brednictwem naszego sta\u0142ego partnera, PostNL. Ponadto mo\u017cesz \u0142atwo i szybko zap\u0142aci\u0107 za pomoc\u0105 iDEAL lub Bancontact. Z\u0142\u00f3\u017c zam\u00f3wienie za po\u015brednictwem strony lub skontaktuj si\u0119 z nami za po\u015brednictwem czatu. Je\u015bli masz jakie\u015b pytania i\/lub uwagi, zawsze mo\u017cesz do nas zadzwoni\u0107, wys\u0142a\u0107 e-mail lub zadzwoni\u0107. W przypadku zam\u00f3wie\u0144 w wi\u0119kszych ilo\u015bciach prosimy o wys\u0142anie wiadomo\u015bci e-mail na adres info@dutchchemlabs.com. Czekamy na Twoje zam\u00f3wienie!<\/p>\n<h2>Dostarczamy r\u00f3wnie\u017c du\u017ce ilo\u015bci<\/h2>\n<p>Chcesz zam\u00f3wi\u0107 a-PiHP w wi\u0119kszych ilo\u015bciach? Skontaktuj si\u0119 z nami za po\u015brednictwem czatu. dutchchemlabs.com oferuje konkurencyjne stawki za wi\u0119ksze ilo\u015bci. Nie czekaj d\u0142u\u017cej i skontaktuj si\u0119 z nami ju\u017c dzi\u015b.<\/p>\n<div id=\"ConnectiveDocSignExtentionInstalled\" data-extension-version=\"1.0.4\"><\/div>","protected":false},"excerpt":{"rendered":"<ul>\n<li><strong>Dyskretna i anonimowa wysy\u0142ka<\/strong><\/li>\n<li><strong>Zam\u00f3wione przed 18:00 = dostarczone jutro!<\/strong><\/li>\n<li><strong>Bezp\u0142atna wysy\u0142ka powy\u017cej 50<\/strong><\/li>\n<\/ul>\n<div id=\"ConnectiveDocSignExtentionInstalled\" data-extension-version=\"1.0.4\"><\/div>","protected":false},"featured_media":8802,"comment_status":"open","ping_status":"closed","template":"","meta":[],"product_brand":[],"product_cat":[359],"product_tag":[],"class_list":{"0":"post-7977","1":"product","2":"type-product","3":"status-publish","4":"has-post-thumbnail","6":"product_cat-a-pihp","8":"first","9":"instock","10":"taxable","11":"shipping-taxable","12":"purchasable","13":"product-type-variable"},"jetpack_sharing_enabled":true,"_links":{"self":[{"href":"https:\/\/dutchchemlabs.com\/pl\/wp-json\/wp\/v2\/product\/7977","targetHints":{"allow":["GET"]}}],"collection":[{"href":"https:\/\/dutchchemlabs.com\/pl\/wp-json\/wp\/v2\/product"}],"about":[{"href":"https:\/\/dutchchemlabs.com\/pl\/wp-json\/wp\/v2\/types\/product"}],"replies":[{"embeddable":true,"href":"https:\/\/dutchchemlabs.com\/pl\/wp-json\/wp\/v2\/comments?post=7977"}],"version-history":[{"count":2,"href":"https:\/\/dutchchemlabs.com\/pl\/wp-json\/wp\/v2\/product\/7977\/revisions"}],"predecessor-version":[{"id":8803,"href":"https:\/\/dutchchemlabs.com\/pl\/wp-json\/wp\/v2\/product\/7977\/revisions\/8803"}],"wp:featuredmedia":[{"embeddable":true,"href":"https:\/\/dutchchemlabs.com\/pl\/wp-json\/wp\/v2\/media\/8802"}],"wp:attachment":[{"href":"https:\/\/dutchchemlabs.com\/pl\/wp-json\/wp\/v2\/media?parent=7977"}],"wp:term":[{"taxonomy":"product_brand","embeddable":true,"href":"https:\/\/dutchchemlabs.com\/pl\/wp-json\/wp\/v2\/product_brand?post=7977"},{"taxonomy":"product_cat","embeddable":true,"href":"https:\/\/dutchchemlabs.com\/pl\/wp-json\/wp\/v2\/product_cat?post=7977"},{"taxonomy":"product_tag","embeddable":true,"href":"https:\/\/dutchchemlabs.com\/pl\/wp-json\/wp\/v2\/product_tag?post=7977"}],"curies":[{"name":"wp","href":"https:\/\/api.w.org\/{rel}","templated":true}]}}