{"id":8011,"date":"2025-09-20T19:29:45","date_gmt":"2025-09-20T19:29:45","guid":{"rendered":"https:\/\/dutchchemlabs.com\/?post_type=product&#038;p=8011"},"modified":"2025-11-08T07:39:01","modified_gmt":"2025-11-08T07:39:01","slug":"jungle-juice-black-label-30ml-poppers","status":"publish","type":"product","link":"https:\/\/dutchchemlabs.com\/pl\/product\/jungle-juice-black-label-30ml-poppers\/","title":{"rendered":"Poppers Jungle Juice Black Label 30 ml"},"content":{"rendered":"<h2>Jungle Juice Black Label 30ml Poppers van Lockerroom, de beste popper voor beginners!<\/h2>\n<p>De Jungle Juice Black Label is de beste popper voor beginnende, maar ook ervaren gebruikers. Poppers maken jouw intieme momenten nog leuker en spannender! Wanneer je direct uit het flesje snuift voel je direct het effect. Het effect duurt een aantal minuten. Jungle Juice Black Label poppers zijn een aantal keren gedistilleerd, waardoor de kwaliteit zeer zuiver is. Let op: Gebruik dit product niet in combinatie met erectiemiddelen.<\/p>\n<h2>Recenzja Jungle Juice Black Label<\/h2>\n<p>Poppersy Jungle Juice Black Label to mocny i intensywny wyb\u00f3r dla do\u015bwiadczonych u\u017cytkownik\u00f3w. Dzi\u0119ki kompaktowej butelce o pojemno\u015bci 15 ml od kanadyjskiego producenta Lockerroom, te poppersy zapewniaj\u0105 niewiarygodnie silne i natychmiastowe efekty dzi\u0119ki czystej bazie azotynu pentylu. S\u0105 to jedne z najsilniejszych poppers\u00f3w w ofercie Jungle Juice i maj\u0105 wyra\u017anie m\u0119ski zapach. Te poppersy nie s\u0105 odpowiednie dla pocz\u0105tkuj\u0105cych lub os\u00f3b wra\u017cliwych na silne doznania. Aby uzyska\u0107 jeszcze bardziej intensywne doznania, mo\u017cna u\u017cy\u0107 pasuj\u0105cego <a href=\"https:\/\/dutchchemlabs.com\/product\/popper-inhaler\/\">Inhalator Popper<\/a> zalecane. Poppersy Jungle Juice Black Label pozwalaj\u0105 poczu\u0107 moc wielokrotnej destylacji, ale wa\u017cne jest, aby u\u017cywa\u0107 ich odpowiedzialnie i przestrzega\u0107 zalecanych wytycznych.<\/p>\n<h2>Kup poppersy na dutchchemlabs.com<\/h2>\n<p>Na stronie dutchchemlabs.com mo\u017cna od niedawna zamawia\u0107 poppery. Wci\u0105\u017c jeste\u015bmy zaj\u0119ci poszerzaniem naszego asortymentu. Czy masz jakie\u015b sugestie dotycz\u0105ce popper\u00f3w lub innych produkt\u00f3w, kt\u00f3re mogliby\u015bmy zaoferowa\u0107? <a href=\"https:\/\/dutchchemlabs.com\/contact\">Skontaktuj si\u0119 z nami<\/a> i daj nam zna\u0107! Opr\u00f3cz popper\u00f3w Jungle Juice Black Label oferujemy r\u00f3wnie\u017c <a href=\"https:\/\/dutchchemlabs.com\/product-categorie\/poppers\/\">wiele rodzaj\u00f3w popper\u00f3w.<\/a><\/p>\n<h2>Zam\u00f3wione przed 18:00 = dostarczone jutro!<\/h2>\n<p><strong>Zam\u00f3wione przed 18:00 = dostarczone jutro! <\/strong>Twoje zam\u00f3wienie zostanie wys\u0142ane anonimowo i dyskretnie za po\u015brednictwem naszego sta\u0142ego partnera, PostNL. Ponadto mo\u017cesz \u0142atwo i szybko zap\u0142aci\u0107 za pomoc\u0105 iDEAL lub Bancontact. W przypadku zam\u00f3wie\u0144 w wi\u0119kszych ilo\u015bciach prosimy o przes\u0142anie wiadomo\u015bci e-mail na adres info@dutchchemlabs.com. Z niecierpliwo\u015bci\u0105 czekamy na Twoje zam\u00f3wienie!<\/p>\n<p>dutchchemlabs.com sprzedaje kilka odmian <a href=\"https:\/\/dutchchemlabs.com\/product-categorie\/poppers\/\">poppersy<\/a>, <a href=\"https:\/\/dutchchemlabs.com\/product-categorie\/research-chemicals\/\">Chemikalia badawcze<\/a> i nie tylko.<\/p>\n<div id=\"ConnectiveDocSignExtentionInstalled\" data-extension-version=\"1.0.4\"><\/div>","protected":false},"excerpt":{"rendered":"<ul>\n<li><strong>Dyskretna i anonimowa wysy\u0142ka<\/strong><\/li>\n<li><strong>Zam\u00f3wione przed 18:00 = dostarczone jutro!<\/strong><\/li>\n<li><strong>Bezp\u0142atna wysy\u0142ka powy\u017cej 50<\/strong><\/li>\n<\/ul>\n<div id=\"ConnectiveDocSignExtentionInstalled\" data-extension-version=\"1.0.4\"><\/div>","protected":false},"featured_media":8041,"comment_status":"open","ping_status":"closed","template":"","meta":[],"product_brand":[],"product_cat":[206,207,187],"product_tag":[],"class_list":{"0":"post-8011","1":"product","2":"type-product","3":"status-publish","4":"has-post-thumbnail","6":"product_cat-poppers","7":"product_cat-poppers-large","8":"product_cat-populair","10":"first","11":"instock","12":"taxable","13":"shipping-taxable","14":"purchasable","15":"product-type-simple"},"jetpack_sharing_enabled":true,"_links":{"self":[{"href":"https:\/\/dutchchemlabs.com\/pl\/wp-json\/wp\/v2\/product\/8011","targetHints":{"allow":["GET"]}}],"collection":[{"href":"https:\/\/dutchchemlabs.com\/pl\/wp-json\/wp\/v2\/product"}],"about":[{"href":"https:\/\/dutchchemlabs.com\/pl\/wp-json\/wp\/v2\/types\/product"}],"replies":[{"embeddable":true,"href":"https:\/\/dutchchemlabs.com\/pl\/wp-json\/wp\/v2\/comments?post=8011"}],"version-history":[{"count":1,"href":"https:\/\/dutchchemlabs.com\/pl\/wp-json\/wp\/v2\/product\/8011\/revisions"}],"predecessor-version":[{"id":8042,"href":"https:\/\/dutchchemlabs.com\/pl\/wp-json\/wp\/v2\/product\/8011\/revisions\/8042"}],"wp:featuredmedia":[{"embeddable":true,"href":"https:\/\/dutchchemlabs.com\/pl\/wp-json\/wp\/v2\/media\/8041"}],"wp:attachment":[{"href":"https:\/\/dutchchemlabs.com\/pl\/wp-json\/wp\/v2\/media?parent=8011"}],"wp:term":[{"taxonomy":"product_brand","embeddable":true,"href":"https:\/\/dutchchemlabs.com\/pl\/wp-json\/wp\/v2\/product_brand?post=8011"},{"taxonomy":"product_cat","embeddable":true,"href":"https:\/\/dutchchemlabs.com\/pl\/wp-json\/wp\/v2\/product_cat?post=8011"},{"taxonomy":"product_tag","embeddable":true,"href":"https:\/\/dutchchemlabs.com\/pl\/wp-json\/wp\/v2\/product_tag?post=8011"}],"curies":[{"name":"wp","href":"https:\/\/api.w.org\/{rel}","templated":true}]}}