{"id":8208,"date":"2025-09-20T19:30:23","date_gmt":"2025-09-20T19:30:23","guid":{"rendered":"https:\/\/dutchchemlabs.com\/?post_type=product&#038;p=8208"},"modified":"2025-11-08T07:39:01","modified_gmt":"2025-11-08T07:39:01","slug":"4fma-poeder","status":"publish","type":"product","link":"https:\/\/dutchchemlabs.com\/pl\/product\/4fma-poeder\/","title":{"rendered":"4FMA Powder"},"content":{"rendered":"<h1>4FMA poeder kopen<\/h1>\n<p>4FMA is een onderzoekschemische stof en niet bedoeld voor menselijke consumptie. Je kunt 4FMA kopen bij dutchchemlabs.com. Als je v\u00f3\u00f3r 18:00 uur bestelt, wordt het de volgende dag al geleverd! Bij ons kun je veilig en gemakkelijk betalen met iDEAL, CreditCard, bankoverschrijving en crypto, zoals je gewend bent. 4FMA bestellen doe je bij dutchchemlabs.com. Wij bieden ook <a href=\"https:\/\/dutchchemlabs.com\/product-categorie\/research-chemicals\/cathinonen\/2mmc-kopen\/\">2MMC<\/a>, <a href=\"https:\/\/dutchchemlabs.com\/product-categorie\/research-chemicals\/cathinonen\/pentedrone-nep\/\">Pentedrone (NEP)<\/a>,\u00a0<a href=\"https:\/\/dutchchemlabs.com\/product-categorie\/research-chemicals\/cathinonen\/3fmc\/\">3FMC<\/a> i innych chemikali\u00f3w badawczych.<\/p>\n<h2>Efekty 4FMA<\/h2>\n<p>Dzia\u0142anie 4-FMA jest przedmiotem dyskusji, ale istniej\u0105 pewne doniesienia sugeruj\u0105ce, \u017ce ma on pewne atrakcyjne w\u0142a\u015bciwo\u015bci. W niskich dawkach 4-FMA jest opisywany jako \u015brodek nootropowy, kt\u00f3ry mo\u017ce poprawi\u0107 og\u00f3ln\u0105 produktywno\u015b\u0107. Niekt\u00f3rzy u\u017cytkownicy zg\u0142aszaj\u0105 zwi\u0119kszon\u0105 motywacj\u0119, lepsze skupienie oraz pewien stopie\u0144 empatii i towarzysko\u015bci. Fale euforii, kt\u00f3re pojawiaj\u0105 si\u0119 sporadycznie, mog\u0105 by\u0107 postrzegane jako przyjemne. Oferuje r\u00f3wnie\u017c pewien stopie\u0144 fizycznej euforii, kt\u00f3ra jednak mo\u017ce by\u0107 bardziej intensywna ni\u017c sama stymulacja fizyczna.<\/p>\n<p>Uwaga! Niemniej jednak nale\u017cy podkre\u015bli\u0107, \u017ce cz\u0119ste stosowanie jakiegokolwiek entaktogenu, w tym 4-FMA, jest uwa\u017cane za niebezpieczne. Mo\u017ce to prowadzi\u0107 do neurotoksyczno\u015bci i innych szkodliwych skutk\u00f3w ubocznych. Co wi\u0119cej, dysfunkcja i efekty rekreacyjne mog\u0105 wyst\u0105pi\u0107 przy wy\u017cszych dawkach. Wa\u017cne jest, aby wzi\u0105\u0107 pod uwag\u0119 potencjalne ryzyko i by\u0107 odpowiedzialnym podczas prowadzenia bada\u0144. Jej nadu\u017cywanie mo\u017ce prowadzi\u0107 do uzale\u017cnienia, powa\u017cnych szk\u00f3d, a nawet \u015bmierci. U\u017cywaj z umiarem i b\u0105d\u017a \u015bwiadomy potencjalnych zagro\u017ce\u0144.<\/p>\n<h2>Zam\u00f3wione przed 18:00 = dostarczone jutro!<\/h2>\n<p><strong>Zam\u00f3wione przed 18:00 = dostarczone jutro! <\/strong>Twoje zam\u00f3wienie zostanie wys\u0142ane anonimowo i dyskretnie za po\u015brednictwem naszego sta\u0142ego partnera, PostNL. Ponadto mo\u017cesz \u0142atwo i szybko zap\u0142aci\u0107 za pomoc\u0105 iDEAL lub Bancontact. Z\u0142\u00f3\u017c zam\u00f3wienie za po\u015brednictwem strony lub skontaktuj si\u0119 z nami za po\u015brednictwem czatu. Je\u015bli masz jakie\u015b pytania i\/lub uwagi, zawsze mo\u017cesz do nas zadzwoni\u0107, wys\u0142a\u0107 e-mail lub zadzwoni\u0107. W przypadku zam\u00f3wie\u0144 w wi\u0119kszych ilo\u015bciach prosimy o wys\u0142anie wiadomo\u015bci e-mail na adres info@dutchchemlabs.com. Czekamy na Twoje zam\u00f3wienie!<\/p>\n<h2>Dostarczamy r\u00f3wnie\u017c du\u017ce ilo\u015bci<\/h2>\n<p>Chcesz zam\u00f3wi\u0107 4FMA Powder w wi\u0119kszych ilo\u015bciach? Skontaktuj si\u0119 z nami za po\u015brednictwem czatu. dutchchemlabs.com oferuje konkurencyjne stawki za wi\u0119ksze ilo\u015bci. Nie czekaj d\u0142u\u017cej i skontaktuj si\u0119 z nami ju\u017c dzi\u015b.<\/p>\n<div id=\"ConnectiveDocSignExtentionInstalled\" data-extension-version=\"1.0.4\"><\/div>","protected":false},"excerpt":{"rendered":"<ul>\n<li><strong>Dyskretna i anonimowa wysy\u0142ka<\/strong><\/li>\n<li><strong>Zam\u00f3wione przed 18:00 = dostarczone jutro!<\/strong><\/li>\n<li><strong>Bezp\u0142atna wysy\u0142ka powy\u017cej 50<\/strong><\/li>\n<\/ul>\n<div id=\"ConnectiveDocSignExtentionInstalled\" data-extension-version=\"1.0.4\"><\/div>","protected":false},"featured_media":8723,"comment_status":"open","ping_status":"closed","template":"","meta":[],"product_brand":[],"product_cat":[137,89],"product_tag":[],"class_list":{"0":"post-8208","1":"product","2":"type-product","3":"status-publish","4":"has-post-thumbnail","6":"product_cat-4fma","7":"product_cat-gefluoreerden","9":"first","10":"instock","11":"taxable","12":"shipping-taxable","13":"purchasable","14":"product-type-variable"},"jetpack_sharing_enabled":true,"_links":{"self":[{"href":"https:\/\/dutchchemlabs.com\/pl\/wp-json\/wp\/v2\/product\/8208","targetHints":{"allow":["GET"]}}],"collection":[{"href":"https:\/\/dutchchemlabs.com\/pl\/wp-json\/wp\/v2\/product"}],"about":[{"href":"https:\/\/dutchchemlabs.com\/pl\/wp-json\/wp\/v2\/types\/product"}],"replies":[{"embeddable":true,"href":"https:\/\/dutchchemlabs.com\/pl\/wp-json\/wp\/v2\/comments?post=8208"}],"version-history":[{"count":2,"href":"https:\/\/dutchchemlabs.com\/pl\/wp-json\/wp\/v2\/product\/8208\/revisions"}],"predecessor-version":[{"id":8724,"href":"https:\/\/dutchchemlabs.com\/pl\/wp-json\/wp\/v2\/product\/8208\/revisions\/8724"}],"wp:featuredmedia":[{"embeddable":true,"href":"https:\/\/dutchchemlabs.com\/pl\/wp-json\/wp\/v2\/media\/8723"}],"wp:attachment":[{"href":"https:\/\/dutchchemlabs.com\/pl\/wp-json\/wp\/v2\/media?parent=8208"}],"wp:term":[{"taxonomy":"product_brand","embeddable":true,"href":"https:\/\/dutchchemlabs.com\/pl\/wp-json\/wp\/v2\/product_brand?post=8208"},{"taxonomy":"product_cat","embeddable":true,"href":"https:\/\/dutchchemlabs.com\/pl\/wp-json\/wp\/v2\/product_cat?post=8208"},{"taxonomy":"product_tag","embeddable":true,"href":"https:\/\/dutchchemlabs.com\/pl\/wp-json\/wp\/v2\/product_tag?post=8208"}],"curies":[{"name":"wp","href":"https:\/\/api.w.org\/{rel}","templated":true}]}}