{"id":3659,"date":"2025-09-20T09:20:23","date_gmt":"2025-09-20T09:20:23","guid":{"rendered":"https:\/\/dutchchemlabs.com\/?post_type=product&#038;p=3659"},"modified":"2025-11-08T07:39:12","modified_gmt":"2025-11-08T07:39:12","slug":"gold-extra-strong-10ml","status":"publish","type":"product","link":"https:\/\/dutchchemlabs.com\/pt\/product\/gold-extra-strong-10ml\/","title":{"rendered":"Gold Extra Strong 10ml"},"content":{"rendered":"<h1><strong>Poppers Gold Extra Strong 10ml<\/strong><\/h1>\n<p>Laat je betoveren door de kracht van genot met Poppers Gold Extra Strong 10ml, verkrijgbaar bij dutchchemlabs.com! Deze hoogwaardige poppers zijn speciaal ontworpen om je te laten genieten van een intense rush die je naar nieuwe hoogten van plezier zal brengen.<\/p>\n<p>Met zijn unieke formule van isopropyl nitriet biedt Poppers Gold Extra Strong een snelle en intense rush die je zintuigen zal prikkelen en je zal laten genieten van een onvergetelijke ervaring. Of je nu op zoek bent naar een extra stimulans tijdens intieme momenten of naar een spannende toevoeging aan je feestjes, deze poppers zijn jouw ultieme metgezel.<\/p>\n<p>Dankzij de handige fles van 10ml is Poppers Gold Extra Strong perfect voor onderweg. Of je nu een avondje uitgaat met vrienden, een feestje hebt of gewoon wat extra pit wilt toevoegen aan je priv\u00e9momenten, deze poppers zijn altijd binnen handbereik.<\/p>\n<p>Ervaar de ultieme sensatie met Poppers Gold Extra Strong 10ml van dutchchemlabs.com. Bestel vandaag nog en laat je verleiden door de sensationele sensaties van deze opwindende poppers!<\/p>\n<h2>Encomenda antes das 18:00 = entrega amanh\u00e3!<\/h2>\n<p><strong>Encomenda antes das 18:00 = entrega amanh\u00e3! <\/strong>Je bestelling wordt anoniem en discreet verzonden met onze vaste partner, PostNL. Daarnaast kun je gemakkelijk en snel betalen met iDEAL of Bancontact. Bestel via de site of neem contact met ons op via de chat. Ook voor vragen en\/of opmerkingen kun je ons altijd bellen, appen of mailen. Voor bestellingen in grotere hoeveelheden kun je een mail sturen naar info@dutchchemlabs.com. We zien graag je bestelling tegemoet!<\/p>\n<p>Wij bieden meerdere soorten<a href=\"https:\/\/dutchchemlabs.com\/product-categorie\/poppers\/\">\u00a0Estalinhos<\/a>\u00a0aan. Ook zijn wij\u00a0<a href=\"https:\/\/dutchchemlabs.com\/product-categorie\/research-chemicals\/\">Produtos qu\u00edmicos de investiga\u00e7\u00e3o<\/a>\u00a0Specialist.<\/p>\n<div id=\"ConnectiveDocSignExtentionInstalled\" data-extension-version=\"1.0.4\"><\/div>","protected":false},"excerpt":{"rendered":"<ul>\n<li><strong>Envio discreto e an\u00f3nimo<\/strong><\/li>\n<li><strong>Encomenda antes das 18:00 = entrega amanh\u00e3!<\/strong><\/li>\n<li><strong>Envio gratuito para mais de 50 euros<\/strong><\/li>\n<\/ul>\n<div id=\"ConnectiveDocSignExtentionInstalled\" data-extension-version=\"1.0.4\"><\/div>","protected":false},"featured_media":3708,"comment_status":"open","ping_status":"closed","template":"","meta":[],"product_brand":[],"product_cat":[206,209],"product_tag":[],"class_list":{"0":"post-3659","1":"product","2":"type-product","3":"status-publish","4":"has-post-thumbnail","6":"product_cat-poppers","7":"product_cat-poppers-small","9":"first","10":"instock","11":"taxable","12":"shipping-taxable","13":"purchasable","14":"product-type-simple"},"jetpack_sharing_enabled":true,"_links":{"self":[{"href":"https:\/\/dutchchemlabs.com\/pt\/wp-json\/wp\/v2\/product\/3659","targetHints":{"allow":["GET"]}}],"collection":[{"href":"https:\/\/dutchchemlabs.com\/pt\/wp-json\/wp\/v2\/product"}],"about":[{"href":"https:\/\/dutchchemlabs.com\/pt\/wp-json\/wp\/v2\/types\/product"}],"replies":[{"embeddable":true,"href":"https:\/\/dutchchemlabs.com\/pt\/wp-json\/wp\/v2\/comments?post=3659"}],"version-history":[{"count":1,"href":"https:\/\/dutchchemlabs.com\/pt\/wp-json\/wp\/v2\/product\/3659\/revisions"}],"predecessor-version":[{"id":3709,"href":"https:\/\/dutchchemlabs.com\/pt\/wp-json\/wp\/v2\/product\/3659\/revisions\/3709"}],"wp:featuredmedia":[{"embeddable":true,"href":"https:\/\/dutchchemlabs.com\/pt\/wp-json\/wp\/v2\/media\/3708"}],"wp:attachment":[{"href":"https:\/\/dutchchemlabs.com\/pt\/wp-json\/wp\/v2\/media?parent=3659"}],"wp:term":[{"taxonomy":"product_brand","embeddable":true,"href":"https:\/\/dutchchemlabs.com\/pt\/wp-json\/wp\/v2\/product_brand?post=3659"},{"taxonomy":"product_cat","embeddable":true,"href":"https:\/\/dutchchemlabs.com\/pt\/wp-json\/wp\/v2\/product_cat?post=3659"},{"taxonomy":"product_tag","embeddable":true,"href":"https:\/\/dutchchemlabs.com\/pt\/wp-json\/wp\/v2\/product_tag?post=3659"}],"curies":[{"name":"wp","href":"https:\/\/api.w.org\/{rel}","templated":true}]}}