{"id":5361,"date":"2025-09-20T09:25:50","date_gmt":"2025-09-20T09:25:50","guid":{"rendered":"https:\/\/dutchchemlabs.com\/?post_type=product&#038;p=5361"},"modified":"2025-11-08T07:39:11","modified_gmt":"2025-11-08T07:39:11","slug":"newphoria-2-3-fea-35mg-100mg-pellets","status":"publish","type":"product","link":"https:\/\/dutchchemlabs.com\/pt\/product\/newphoria-2-3-fea-35mg-100mg-pellets\/","title":{"rendered":"Newphoria 2\/3-FEA 35mg\/100mg Pellets"},"content":{"rendered":"<h1>Newphoria Pellets kopen<\/h1>\n<p>Newphoria is een onderzoekschemische stof en niet bedoeld voor menselijke consumptie. Je kunt Newphoria kopen bij dutchchemlabs.com. Als je v\u00f3\u00f3r 18:00 uur bestelt, wordt het de volgende dag al geleverd! Bij ons kun je veilig en gemakkelijk betalen met iDEAL, CreditCard, bankoverschrijving en crypto, zoals je gewend bent. Newphoria bestellen doe je bij dutchchemlabs.com. Wij bieden ook <a href=\"https:\/\/dutchchemlabs.com\/product-categorie\/research-chemicals\/cathinonen\/2mmc-kopen\/\">2MMC<\/a>, <a href=\"https:\/\/dutchchemlabs.com\/product-categorie\/research-chemicals\/cathinonen\/pentedrone-nep\/\">Pentedrone (NEP)<\/a>,\u00a0<a href=\"https:\/\/dutchchemlabs.com\/product-categorie\/research-chemicals\/cathinonen\/3fmc\/\">3FMC<\/a> e outros produtos qu\u00edmicos de investiga\u00e7\u00e3o para.<\/p>\n<h2>Newphoria risico\u2019s<\/h2>\n<ul>\n<li>Newphoria kan irritatie van de luchtwegen veroorzaken.<\/li>\n<li>Newphoria kan irritatie van de ogen veroorzaken.<\/li>\n<li>Newphoria is niet voor menselijke consumptie<\/li>\n<\/ul>\n<h2>Encomenda antes das 18:00 = entrega amanh\u00e3!<\/h2>\n<p><strong>Encomenda antes das 18:00 = entrega amanh\u00e3!\u00a0<\/strong>Jouw bestelling wordt anoniem en discreet verzonden met onze vaste partner, PostNL. Daarnaast kan je gemakkelijk en snel betalen met iDeal of Bancontact. Bestel via de site of neem contact met ons op via de chat. Ook voor vragen en\/of opmerkingen kan je ons altijd bellen, appen of mailen. Voor bestellingen in grotere hoeveelheden kan je een mail sturen naar info@dutchchemlabs.com. We zien graag je bestelling tegemoet!<\/p>\n<h2>Grote hoeveelheden Newphoria bestellen<\/h2>\n<p>Wil je graag Newphoria pellets bestellen in grotere hoeveelheden? Neem dan via de chat contact met ons op. dutchchemlabs.com bied scherpe tarieven voor grotere hoeveelheden. Wacht niet langer en neem vandaag nog contact op.<\/p>\n<div id=\"ConnectiveDocSignExtentionInstalled\" data-extension-version=\"1.0.4\"><\/div>","protected":false},"excerpt":{"rendered":"<ul>\n<li><strong>Envio discreto e an\u00f3nimo<\/strong><\/li>\n<li><strong>Encomenda antes das 18:00 = entrega amanh\u00e3!<\/strong><\/li>\n<li><strong>Envio gratuito para mais de 50 euros<\/strong><\/li>\n<\/ul>\n<div id=\"ConnectiveDocSignExtentionInstalled\" data-extension-version=\"1.0.4\"><\/div>","protected":false},"featured_media":8892,"comment_status":"open","ping_status":"closed","template":"","meta":[],"product_brand":[],"product_cat":[216,89,573],"product_tag":[],"class_list":{"0":"post-5361","1":"product","2":"type-product","3":"status-publish","4":"has-post-thumbnail","6":"product_cat-2fea","7":"product_cat-gefluoreerden","8":"product_cat-pellets","10":"first","11":"instock","12":"taxable","13":"shipping-taxable","14":"purchasable","15":"product-type-variable"},"jetpack_sharing_enabled":true,"_links":{"self":[{"href":"https:\/\/dutchchemlabs.com\/pt\/wp-json\/wp\/v2\/product\/5361","targetHints":{"allow":["GET"]}}],"collection":[{"href":"https:\/\/dutchchemlabs.com\/pt\/wp-json\/wp\/v2\/product"}],"about":[{"href":"https:\/\/dutchchemlabs.com\/pt\/wp-json\/wp\/v2\/types\/product"}],"replies":[{"embeddable":true,"href":"https:\/\/dutchchemlabs.com\/pt\/wp-json\/wp\/v2\/comments?post=5361"}],"version-history":[{"count":3,"href":"https:\/\/dutchchemlabs.com\/pt\/wp-json\/wp\/v2\/product\/5361\/revisions"}],"predecessor-version":[{"id":8893,"href":"https:\/\/dutchchemlabs.com\/pt\/wp-json\/wp\/v2\/product\/5361\/revisions\/8893"}],"wp:featuredmedia":[{"embeddable":true,"href":"https:\/\/dutchchemlabs.com\/pt\/wp-json\/wp\/v2\/media\/8892"}],"wp:attachment":[{"href":"https:\/\/dutchchemlabs.com\/pt\/wp-json\/wp\/v2\/media?parent=5361"}],"wp:term":[{"taxonomy":"product_brand","embeddable":true,"href":"https:\/\/dutchchemlabs.com\/pt\/wp-json\/wp\/v2\/product_brand?post=5361"},{"taxonomy":"product_cat","embeddable":true,"href":"https:\/\/dutchchemlabs.com\/pt\/wp-json\/wp\/v2\/product_cat?post=5361"},{"taxonomy":"product_tag","embeddable":true,"href":"https:\/\/dutchchemlabs.com\/pt\/wp-json\/wp\/v2\/product_tag?post=5361"}],"curies":[{"name":"wp","href":"https:\/\/api.w.org\/{rel}","templated":true}]}}