{"id":5905,"date":"2025-09-20T11:31:58","date_gmt":"2025-09-20T11:31:58","guid":{"rendered":"https:\/\/dutchchemlabs.com\/?post_type=product&#038;p=5905"},"modified":"2025-11-08T07:39:09","modified_gmt":"2025-11-08T07:39:09","slug":"deschloroetizolam-pellets-5mg","status":"publish","type":"product","link":"https:\/\/dutchchemlabs.com\/pt\/product\/deschloroetizolam-pellets-5mg\/","title":{"rendered":"Deschloroetizolam Pellets (5mg)"},"content":{"rendered":"<h1>Deschloroetizolam pellets kopen<\/h1>\n<p>Deschloroetizolam is een onderzoekschemische stof en niet bedoeld voor menselijke consumptie. Je kunt Deschloroetizolam kopen bij dutchchemlabs.com. Als je v\u00f3\u00f3r 18:00 uur bestelt, wordt het de volgende dag al geleverd! Bij ons kun je veilig en gemakkelijk betalen met iDEAL, CreditCard, bankoverschrijving en crypto, zoals je gewend bent. Deschloroetizolam bestellen doe je bij dutchchemlabs.com. Wij bieden ook <a href=\"https:\/\/dutchchemlabs.com\/product-categorie\/research-chemicals\/cathinonen\/2mmc-kopen\/\">2MMC<\/a>, <a href=\"https:\/\/dutchchemlabs.com\/product-categorie\/research-chemicals\/cathinonen\/pentedrone-nep\/\">Pentedrone (NEP)<\/a>,\u00a0<a href=\"https:\/\/dutchchemlabs.com\/product-categorie\/research-chemicals\/cathinonen\/3fmc\/\">3FMC<\/a> e outros produtos qu\u00edmicos de investiga\u00e7\u00e3o para.<\/p>\n<h2>Wat is Deschloroetizolam?<\/h2>\n<p>Deschloroetizolam is een kalmerende stof die behoort tot de klasse van benzodiazepinen. Deze verbinding staat bekend om haar rustgevende effecten, waaronder ontspanning, angstverlichting en een gevoel van welzijn. Onze 5mg pellets zijn zorgvuldig gedoseerd om je een veilige en rustgevende ervaring te garanderen.<\/p>\n<h2>Deschloroetizolam effecten<\/h2>\n<p>Deschloroetizolam, een psychoactieve thienodiazepine, vertoont diverse subjectieve effecten volgens de Subjective Effect Index (SEI). Het middel induceert diepe sedatie, waardoor gebruikers een overweldigend lethargische staat ervaren, vergelijkbaar met ernstige slaapdeprivatie, wat kan leiden tot complete bewusteloosheid bij hogere doses. Fysieke effecten omvatten ademhalingsdepressie, spierontspanning en duizeligheid.<\/p>\n<p>Cognitief veroorzaakt deschloroetizolam intense sedatie en verminderde remming, met effecten zoals amnesie, angstonderdrukking, vertraagde gedachten en dwangmatig herdoseren. Emotie-onderdrukking en waanidee\u00ebn van nuchterheid kunnen ook voorkomen, vooral bij hoge doseringen. Het is essentieel om deze bevindingen met enige scepsis te benaderen vanwege de anekdotische aard van de SEI.<\/p>\n<h2>Encomenda antes das 18:00 = entrega amanh\u00e3!<\/h2>\n<p><strong>Encomenda antes das 18:00 = entrega amanh\u00e3! <\/strong>Je bestelling wordt anoniem en discreet verzonden. Daarnaast kun je gemakkelijk en snel betalen met iDEAL of Bancontact. Bestel via de site of neem contact met ons op via de chat. Ook voor vragen en\/of opmerkingen kun je ons altijd bellen, appen of mailen. Voor bestellingen in grotere hoeveelheden kun je een mail sturen naar info@dutchchemlabs.com. We zien graag je bestelling tegemoet!<\/p>\n<h2>Tamb\u00e9m fornecemos grandes quantidades<\/h2>\n<p>Wil je graag Norflurazepam Pellets bestellen in grotere hoeveelheden? Neem dan via de chat contact met ons op. dutchchemlabs.com bied scherpe tarieven voor grotere hoeveelheden. Wacht niet langer en neem vandaag nog contact op.<\/p>\n<div id=\"ConnectiveDocSignExtentionInstalled\" data-extension-version=\"1.0.4\"><\/div>","protected":false},"excerpt":{"rendered":"<ul>\n<li><strong>Envio discreto e an\u00f3nimo<\/strong><\/li>\n<li><strong>Encomenda antes das 18:00 = entrega amanh\u00e3!<\/strong><\/li>\n<li><strong>Envio gratuito para mais de 50 euros<\/strong><\/li>\n<\/ul>\n<div id=\"ConnectiveDocSignExtentionInstalled\" data-extension-version=\"1.0.4\"><\/div>","protected":false},"featured_media":8796,"comment_status":"open","ping_status":"closed","template":"","meta":[],"product_brand":[],"product_cat":[323,327,573],"product_tag":[],"class_list":{"0":"post-5905","1":"product","2":"type-product","3":"status-publish","4":"has-post-thumbnail","6":"product_cat-benzodiazepinen","7":"product_cat-deschloroetizolam","8":"product_cat-pellets","10":"first","11":"instock","12":"taxable","13":"shipping-taxable","14":"purchasable","15":"product-type-variable"},"jetpack_sharing_enabled":true,"_links":{"self":[{"href":"https:\/\/dutchchemlabs.com\/pt\/wp-json\/wp\/v2\/product\/5905","targetHints":{"allow":["GET"]}}],"collection":[{"href":"https:\/\/dutchchemlabs.com\/pt\/wp-json\/wp\/v2\/product"}],"about":[{"href":"https:\/\/dutchchemlabs.com\/pt\/wp-json\/wp\/v2\/types\/product"}],"replies":[{"embeddable":true,"href":"https:\/\/dutchchemlabs.com\/pt\/wp-json\/wp\/v2\/comments?post=5905"}],"version-history":[{"count":3,"href":"https:\/\/dutchchemlabs.com\/pt\/wp-json\/wp\/v2\/product\/5905\/revisions"}],"predecessor-version":[{"id":8800,"href":"https:\/\/dutchchemlabs.com\/pt\/wp-json\/wp\/v2\/product\/5905\/revisions\/8800"}],"wp:featuredmedia":[{"embeddable":true,"href":"https:\/\/dutchchemlabs.com\/pt\/wp-json\/wp\/v2\/media\/8796"}],"wp:attachment":[{"href":"https:\/\/dutchchemlabs.com\/pt\/wp-json\/wp\/v2\/media?parent=5905"}],"wp:term":[{"taxonomy":"product_brand","embeddable":true,"href":"https:\/\/dutchchemlabs.com\/pt\/wp-json\/wp\/v2\/product_brand?post=5905"},{"taxonomy":"product_cat","embeddable":true,"href":"https:\/\/dutchchemlabs.com\/pt\/wp-json\/wp\/v2\/product_cat?post=5905"},{"taxonomy":"product_tag","embeddable":true,"href":"https:\/\/dutchchemlabs.com\/pt\/wp-json\/wp\/v2\/product_tag?post=5905"}],"curies":[{"name":"wp","href":"https:\/\/api.w.org\/{rel}","templated":true}]}}