{"id":1521,"date":"2025-09-20T09:09:44","date_gmt":"2025-09-20T09:09:44","guid":{"rendered":"https:\/\/dutchchemlabs.com\/?post_type=product&#038;p=1521"},"modified":"2025-11-08T07:39:16","modified_gmt":"2025-11-08T07:39:16","slug":"fluclotizolam-1-mg-blotters","status":"publish","type":"product","link":"https:\/\/dutchchemlabs.com\/ro\/product\/fluclotizolam-1-mg-blotters\/","title":{"rendered":"Fluclotizolam 1 MG Blotters"},"content":{"rendered":"<h1><strong>Fluclotizolam 1 MG Blotters<\/strong><\/h1>\n<p>La dutchchemlabs.com oferim <strong>Fluclotizolam 1 MG Blotters<\/strong>, special concepute pentru cercetare \u0219i scopuri \u0219tiin\u021bifice. Aceste blotters sunt <strong>nu sunt destinate consumului uman<\/strong> \u0219i trebuie utilizat numai de c\u0103tre profesioni\u0219ti califica\u021bi \u00een medii controlate. Fluclotizolam este o substan\u021b\u0103 utilizat\u0103 \u00een cercetare pentru analize chimice \u0219i studii experimentale.<\/p>\n<p>De asemenea, oferim <a href=\"https:\/\/dutchchemlabs.com\/product-categorie\/research-chemicals\/cathinonen\/2mmc-kopen\/\">2MMC<\/a>, <a href=\"https:\/\/dutchchemlabs.com\/product-categorie\/research-chemicals\/cathinonen\/pentedrone-nep\/\">Pentedrone (NEP)<\/a>,\u00a0<a href=\"https:\/\/dutchchemlabs.com\/product\/4mpd-kristallen-kopen\/\">4MPD<\/a> \u0219i alte substan\u021be chimice de cercetare pentru.<\/p>\n<h3>Caracteristicile principale ale Fluclotizolam 1 MG Blotters<\/h3>\n<ul>\n<li><strong>Dozare precis\u0103<\/strong>: Fiecare blotter con\u021bine exact 1 mg de Fluclotizolam, fiind ideal pentru experimente \u0219tiin\u021bifice \u0219i de laborator care necesit\u0103 o dozare precis\u0103.<\/li>\n<li><strong>Scopuri de cercetare<\/strong>: Fluclotizolam blotters sunt destinate numai profesioni\u0219tilor care lucreaz\u0103 \u00een institu\u021bii de cercetare. Produsul nu este adecvat pentru uz recrea\u021bional sau uman.<\/li>\n<li><strong>M\u0103surate \u00een siguran\u021b\u0103 \u0219i cu precizie<\/strong>: Aceste blotters sunt asamblate cu cea mai mare grij\u0103 pentru a oferi rezultate fiabile \u00een diferite teste \u0219i experimente.<\/li>\n<\/ul>\n<h3>Sfaturi pentru utilizarea Fluclotizolam 1 MG Blotters<\/h3>\n<ul>\n<li><strong>Numai pentru cercetare<\/strong>: Acest produs este destinat utiliz\u0103rii numai \u00een medii controlate \u0219i sub supravegherea unor cercet\u0103tori califica\u021bi. Respecta\u021bi \u00eentotdeauna instruc\u021biunile de siguran\u021b\u0103 aplicabile.<\/li>\n<li><strong>Stocare \u0219i securitate<\/strong>: Depozita\u021bi \u0219erve\u021belele \u00eentr-un loc r\u0103coros \u0219i uscat, ferit de accesul persoanelor neautorizate. Asigura\u021bi o bun\u0103 ventila\u021bie \u00een zona de depozitare.<\/li>\n<li><strong>Echipament de protec\u021bie<\/strong>: Purta\u021bi \u00eentotdeauna echipament de protec\u021bie adecvat, cum ar fi m\u0103nu\u0219i \u0219i ochelari de protec\u021bie, atunci c\u00e2nd manipula\u021bi aceast\u0103 substan\u021b\u0103.<\/li>\n<\/ul>\n<h3>De ce s\u0103 comanda\u021bi de la dutchchemlabs.com?<\/h3>\n<ul>\n<li><strong>Calitate ridicat\u0103 pentru cercetare<\/strong>: La dutchchemlabs.com, furniz\u0103m numai produse de cea mai \u00eenalt\u0103 calitate pentru scopuri de cercetare. Fluclotizolam 1 MG Blotters noastre sunt fabricate cu aten\u021bie pentru rezultate fiabile.<\/li>\n<li><strong>Ambalate discret<\/strong>: Garant\u0103m o expediere sigur\u0103 \u0219i discret\u0103, astfel \u00eenc\u00e2t comanda dvs. ajunge la dvs. \u00een stare perfect\u0103 \u0219i f\u0103r\u0103 ambalaje ostentative.<\/li>\n<li><strong>Livrare rapid\u0103<\/strong>: Asigur\u0103m o livrare rapid\u0103 \u0219i fiabil\u0103, astfel \u00eenc\u00e2t s\u0103 v\u0103 pute\u021bi continua proiectele de cercetare \u00een timp util.<\/li>\n<li><strong>Servicii profesionale pentru clien\u021bi<\/strong>: Ave\u021bi \u00eentreb\u0103ri cu privire la acest produs sau la comanda dvs.? Echipa noastr\u0103 este gata s\u0103 v\u0103 ajute.<\/li>\n<\/ul>\n<h3>Comanda\u021bi acum Fluclotizolam 1 MG Blotters pentru scopuri de cercetare<\/h3>\n<p>Ad\u0103uga\u021bi <strong>Fluclotizolam 1 MG Blotters<\/strong> ad\u0103uga\u021bi \u00een co\u0219ul dvs. la dutchchemlabs.com \u0219i ob\u021bine\u021bi acces la blotters fiabile pentru investiga\u021biile dvs. \u0219tiin\u021bifice. Aviz: <strong>nu sunt destinate consumului uman<\/strong> \u0219i numai \u00een scopuri de cercetare!<\/p>\n<h2>Comandat \u00eenainte de ora 18:00 = livrat m\u00e2ine!<\/h2>\n<p>Comanda dvs. va fi expediat\u0103 anonim \u0219i discret cu partenerul nostru obi\u0219nuit, PostNL. \u00cen plus, pute\u021bi pl\u0103ti u\u0219or \u0219i rapid cu iDEAL sau Bancontact. Comanda\u021bi prin intermediul site-ului sau contacta\u021bi-ne prin chat. De asemenea, ne pute\u021bi trimite oric\u00e2nd un e-mail pentru \u00eentreb\u0103ri \u0219i\/sau comentarii. Pentru comenzi \u00een cantit\u0103\u021bi mai mari, v\u0103 rug\u0103m s\u0103 trimite\u021bi un e-mail la info@dutchchemlabs.com. A\u0219tept\u0103m cu ner\u0103bdare s\u0103 v\u0103 primim comanda!<\/p>\n<h2>De asemenea, furniz\u0103m cantit\u0103\u021bi mari<\/h2>\n<p>Dori\u021bi cantit\u0103\u021bi mai mari? Atunci contacta\u021bi-ne prin chat. dutchchemlabs.com ofer\u0103 tarife competitive pentru cantit\u0103\u021bi mai mari. Nu mai a\u0219tepta\u021bi \u0219i contacta\u021bi-ne ast\u0103zi.<\/p>\n<div id=\"ConnectiveDocSignExtentionInstalled\" data-extension-version=\"1.0.4\"><\/div>","protected":false},"excerpt":{"rendered":"<ul>\n<li><strong>Transport discret \u0219i anonim<\/strong><\/li>\n<li><strong>Comandat \u00eenainte de ora 18:00 = livrat m\u00e2ine!<\/strong><\/li>\n<li><strong>Transport gratuit peste 50 \u20ac<\/strong><\/li>\n<\/ul>\n<div id=\"ConnectiveDocSignExtentionInstalled\" data-extension-version=\"1.0.4\"><\/div>","protected":false},"featured_media":8939,"comment_status":"open","ping_status":"closed","template":"","meta":[],"product_brand":[],"product_cat":[574,136,573],"product_tag":[],"class_list":{"0":"post-1521","1":"product","2":"type-product","3":"status-publish","4":"has-post-thumbnail","6":"product_cat-blotters","7":"product_cat-fluclotizolam-blotters","8":"product_cat-pellets","10":"first","11":"instock","12":"taxable","13":"shipping-taxable","14":"purchasable","15":"product-type-variable"},"jetpack_sharing_enabled":true,"_links":{"self":[{"href":"https:\/\/dutchchemlabs.com\/ro\/wp-json\/wp\/v2\/product\/1521","targetHints":{"allow":["GET"]}}],"collection":[{"href":"https:\/\/dutchchemlabs.com\/ro\/wp-json\/wp\/v2\/product"}],"about":[{"href":"https:\/\/dutchchemlabs.com\/ro\/wp-json\/wp\/v2\/types\/product"}],"replies":[{"embeddable":true,"href":"https:\/\/dutchchemlabs.com\/ro\/wp-json\/wp\/v2\/comments?post=1521"}],"version-history":[{"count":2,"href":"https:\/\/dutchchemlabs.com\/ro\/wp-json\/wp\/v2\/product\/1521\/revisions"}],"predecessor-version":[{"id":8940,"href":"https:\/\/dutchchemlabs.com\/ro\/wp-json\/wp\/v2\/product\/1521\/revisions\/8940"}],"wp:featuredmedia":[{"embeddable":true,"href":"https:\/\/dutchchemlabs.com\/ro\/wp-json\/wp\/v2\/media\/8939"}],"wp:attachment":[{"href":"https:\/\/dutchchemlabs.com\/ro\/wp-json\/wp\/v2\/media?parent=1521"}],"wp:term":[{"taxonomy":"product_brand","embeddable":true,"href":"https:\/\/dutchchemlabs.com\/ro\/wp-json\/wp\/v2\/product_brand?post=1521"},{"taxonomy":"product_cat","embeddable":true,"href":"https:\/\/dutchchemlabs.com\/ro\/wp-json\/wp\/v2\/product_cat?post=1521"},{"taxonomy":"product_tag","embeddable":true,"href":"https:\/\/dutchchemlabs.com\/ro\/wp-json\/wp\/v2\/product_tag?post=1521"}],"curies":[{"name":"wp","href":"https:\/\/api.w.org\/{rel}","templated":true}]}}