{"id":3754,"date":"2025-09-20T09:20:38","date_gmt":"2025-09-20T09:20:38","guid":{"rendered":"https:\/\/dutchchemlabs.com\/?post_type=product&#038;p=3754"},"modified":"2025-11-08T07:39:11","modified_gmt":"2025-11-08T07:39:11","slug":"poppers-rush-ultra-puternic-30ml","status":"publish","type":"product","link":"https:\/\/dutchchemlabs.com\/ro\/product\/poppers-rush-ultra-puternic-30ml\/","title":{"rendered":"Poppers Rush Ultra Strong 30ml"},"content":{"rendered":"<h1><strong>Poppers Rush Ultra Strong 30ml<\/strong><\/h1>\n<p>Experimenta\u021bi o senza\u021bie inegalabil\u0103 de putere \u0219i intensitate cu Poppers Rush Ultra Strong 30ml, disponibil la dutchchemlabs.com! Aceast\u0103 formul\u0103 puternic\u0103 este conceput\u0103 pentru a v\u0103 surprinde cu o grab\u0103 exploziv\u0103 care v\u0103 va duce la noi \u00een\u0103l\u021bimi ale pl\u0103cerii.<\/p>\n<p>Cu amestecul s\u0103u unic de nitrit de izopropil, Poppers Rush Ultra Strong ofer\u0103 un efect rapid \u0219i puternic care \u00ee\u021bi va excita sim\u021burile \u0219i \u00ee\u021bi va dep\u0103\u0219i limitele. Fie c\u0103 sunte\u021bi \u00een c\u0103utarea unui impuls suplimentar \u00een timpul momentelor intime sau a unui plus interesant pentru petrecerile dvs., aceste poppers ofer\u0103 o experien\u021b\u0103 de neuitat.<\/p>\n<p>Sticla convenabil\u0103 de 30 ml v\u0103 asigur\u0103 c\u0103 ave\u021bi \u00eentotdeauna la \u00eendem\u00e2n\u0103 suficient poppers pentru toate aventurile dvs. Fie c\u0103 ave\u021bi o sear\u0103 cu prietenii, o petrecere sau doar dori\u021bi s\u0103 ad\u0103uga\u021bi un plus de distrac\u021bie momentelor dvs. private, Poppers Rush Ultra Strong este companionul dvs. final.<\/p>\n<p>Opta\u021bi pentru putere \u0219i intensitate cu Poppers Rush Ultra Strong 30ml de la dutchchemlabs.com. Comanda\u021bi ast\u0103zi \u0219i descoperi\u021bi posibilit\u0103\u021bile nelimitate de pl\u0103cere \u0219i stimulare cu aceste poppers senza\u021bionale!<\/p>\n<h2>Cump\u0103ra\u021bi poppers de la dutchchemlabs.com<\/h2>\n<p>Pute\u021bi comanda poppers la dutchchemlabs.com recent. P<span class=\"HwtZe\" lang=\"nl\"><span class=\"jCAhz ChMk0b\"><span class=\"ryNqvb\">Cump\u0103rarea de oppere online este o modalitate excelent\u0103 de a \u00eencerca ceva nou \u0219i de a v\u0103 \u00eembun\u0103t\u0103\u021bi experien\u021bele sexuale.<\/span><\/span> <span class=\"jCAhz ChMk0b\"><span class=\"ryNqvb\">Cu o gam\u0103 larg\u0103 de formule diferite disponibile, poate fi dificil s\u0103 o alege\u021bi pe cea potrivit\u0103.<\/span><\/span> <span class=\"jCAhz ChMk0b\"><span class=\"ryNqvb\">Din fericire, smartshop-ul nostru online este specializat \u00een furnizarea de poppere de cea mai bun\u0103 calitate care ofer\u0103 poten\u021b\u0103 maxim\u0103.<\/span><\/span><\/span> \u00cen plus fa\u021b\u0103 de Super Rush Red 25 ml, oferim <a href=\"https:\/\/dutchchemlabs.com\/product-categorie\/poppers\/\">mai multe tipuri de poppers.<\/a><\/p>\n<h2>Comandat \u00eenainte de ora 18:00 = livrat m\u00e2ine!<\/h2>\n<p><strong>Comandat \u00eenainte de ora 18:00 = livrat m\u00e2ine! <\/strong>Comanda dvs. va fi expediat\u0103 anonim \u0219i discret cu partenerul nostru obi\u0219nuit, PostNL. \u00cen plus, pute\u021bi pl\u0103ti u\u0219or \u0219i rapid cu iDEAL sau Bancontact. Pentru comenzi \u00een cantit\u0103\u021bi mai mari, v\u0103 rug\u0103m s\u0103 trimite\u021bi un e-mail la info@dutchchemlabs.com. A\u0219tept\u0103m cu ner\u0103bdare s\u0103 v\u0103 primim comanda!<\/p>\n<p>dutchchemlabs.com vinde <a href=\"https:\/\/dutchchemlabs.com\/product-categorie\/research-chemicals\/\">Produse chimice de cercetare<\/a> \u0219i nu numai.<\/p>\n<p>&nbsp;<\/p>\n<div id=\"ConnectiveDocSignExtentionInstalled\" data-extension-version=\"1.0.4\"><\/div>","protected":false},"excerpt":{"rendered":"<ul>\n<li><strong>Transport discret \u0219i anonim<\/strong><\/li>\n<li><strong>Comandat \u00eenainte de ora 18:00 = livrat m\u00e2ine!<\/strong><\/li>\n<li><strong>Transport gratuit peste 50 \u20ac<\/strong><\/li>\n<\/ul>\n<div id=\"ConnectiveDocSignExtentionInstalled\" data-extension-version=\"1.0.4\"><\/div>","protected":false},"featured_media":3787,"comment_status":"open","ping_status":"closed","template":"","meta":[],"product_brand":[],"product_cat":[206,207],"product_tag":[],"class_list":{"0":"post-3754","1":"product","2":"type-product","3":"status-publish","4":"has-post-thumbnail","6":"product_cat-poppers","7":"product_cat-poppers-large","9":"first","10":"instock","11":"taxable","12":"shipping-taxable","13":"purchasable","14":"product-type-simple"},"jetpack_sharing_enabled":true,"_links":{"self":[{"href":"https:\/\/dutchchemlabs.com\/ro\/wp-json\/wp\/v2\/product\/3754","targetHints":{"allow":["GET"]}}],"collection":[{"href":"https:\/\/dutchchemlabs.com\/ro\/wp-json\/wp\/v2\/product"}],"about":[{"href":"https:\/\/dutchchemlabs.com\/ro\/wp-json\/wp\/v2\/types\/product"}],"replies":[{"embeddable":true,"href":"https:\/\/dutchchemlabs.com\/ro\/wp-json\/wp\/v2\/comments?post=3754"}],"version-history":[{"count":1,"href":"https:\/\/dutchchemlabs.com\/ro\/wp-json\/wp\/v2\/product\/3754\/revisions"}],"predecessor-version":[{"id":3788,"href":"https:\/\/dutchchemlabs.com\/ro\/wp-json\/wp\/v2\/product\/3754\/revisions\/3788"}],"wp:featuredmedia":[{"embeddable":true,"href":"https:\/\/dutchchemlabs.com\/ro\/wp-json\/wp\/v2\/media\/3787"}],"wp:attachment":[{"href":"https:\/\/dutchchemlabs.com\/ro\/wp-json\/wp\/v2\/media?parent=3754"}],"wp:term":[{"taxonomy":"product_brand","embeddable":true,"href":"https:\/\/dutchchemlabs.com\/ro\/wp-json\/wp\/v2\/product_brand?post=3754"},{"taxonomy":"product_cat","embeddable":true,"href":"https:\/\/dutchchemlabs.com\/ro\/wp-json\/wp\/v2\/product_cat?post=3754"},{"taxonomy":"product_tag","embeddable":true,"href":"https:\/\/dutchchemlabs.com\/ro\/wp-json\/wp\/v2\/product_tag?post=3754"}],"curies":[{"name":"wp","href":"https:\/\/api.w.org\/{rel}","templated":true}]}}