{"id":3756,"date":"2025-09-20T09:20:38","date_gmt":"2025-09-20T09:20:38","guid":{"rendered":"https:\/\/dutchchemlabs.com\/?post_type=product&#038;p=3756"},"modified":"2025-11-08T07:39:11","modified_gmt":"2025-11-08T07:39:11","slug":"poppers-jungle-juice-gold-retro-25ml","status":"publish","type":"product","link":"https:\/\/dutchchemlabs.com\/ro\/product\/poppers-jungle-juice-gold-retro-25ml\/","title":{"rendered":"Poppers Jungle Juice Gold Retro 25ml"},"content":{"rendered":"<h1><strong>Poppers Jungle Juice Gold Retro 25ml<\/strong><\/h1>\n<p>Beleef een retro-revival van plezier en opwinding met de Poppers Jungle Juice Gold Retro 25ml, verkrijgbaar bij dutchchemlabs.com! Deze klassieke poppers nemen je mee terug naar de gouden dagen van genot, met een krachtige formule die je naar ongekende hoogten van plezier zal brengen.<\/p>\n<p>Met zijn unieke blend van isopropyl nitriet, biedt de Poppers Jungle Juice Gold Retro een snelle en intense rush die je zintuigen zal prikkelen en je naar nieuwe hoogten van genot zal tillen. Of je nu op zoek bent naar een extra stimulans tijdens intieme momenten of naar een spannende toevoeging aan je feestjes, deze poppers bieden een onvergetelijke ervaring.<\/p>\n<p>De retro-verpakking van 25ml zorgt ervoor dat je altijd genoeg poppers bij de hand hebt voor al je avonturen. Of je nu een avondje uitgaat met vrienden, een feestje hebt of gewoon wat extra plezier wilt toevoegen aan je priv\u00e9momenten, de Poppers Jungle Juice Gold Retro is jouw ultieme metgezel.<\/p>\n<p>Ga terug in de tijd en beleef een gouden era van genot met de Poppers Jungle Juice Gold Retro 25ml van dutchchemlabs.com. Bestel vandaag nog en ontdek de grenzeloze mogelijkheden van plezier en opwinding met deze sensationele poppers!<\/p>\n<h2>Cump\u0103ra\u021bi poppers de la dutchchemlabs.com?<\/h2>\n<p>Suntem \u00eenc\u0103 ocupa\u021bi s\u0103 ne extindem gama de produse. Ave\u021bi sugestii privind popperele sau alte produse pe care le-am putea oferi? <a href=\"https:\/\/dutchchemlabs.com\/contact\">Contacta\u021bi-ne<\/a> \u0219i s\u0103 ne anun\u021ba\u021bi!<\/p>\n<h2>Comandat \u00eenainte de ora 18:00 = livrat m\u00e2ine!<\/h2>\n<p><strong>Comandat \u00eenainte de ora 18:00 = livrat m\u00e2ine! <\/strong>Comanda dvs. va fi expediat\u0103 anonim \u0219i discret cu partenerul nostru obi\u0219nuit, PostNL. \u00cen plus, pute\u021bi pl\u0103ti u\u0219or \u0219i rapid cu iDEAL sau Bancontact. Pentru comenzi \u00een cantit\u0103\u021bi mai mari, v\u0103 rug\u0103m s\u0103 trimite\u021bi un e-mail la info@dutchchemlabs.com. A\u0219tept\u0103m cu ner\u0103bdare s\u0103 v\u0103 primim comanda!<\/p>\n<p>dutchchemlabs.com vinde <a href=\"https:\/\/dutchchemlabs.com\/product-categorie\/research-chemicals\/\">Produse chimice de cercetare<\/a> \u0219i nu numai.<\/p>\n<div id=\"ConnectiveDocSignExtentionInstalled\" data-extension-version=\"1.0.4\"><\/div>","protected":false},"excerpt":{"rendered":"<ul>\n<li><strong>Transport discret \u0219i anonim<\/strong><\/li>\n<li><strong>Comandat \u00eenainte de ora 18:00 = livrat m\u00e2ine!<\/strong><\/li>\n<li><strong>Transport gratuit peste 50 \u20ac<\/strong><\/li>\n<\/ul>\n<div id=\"ConnectiveDocSignExtentionInstalled\" data-extension-version=\"1.0.4\"><\/div>","protected":false},"featured_media":3791,"comment_status":"open","ping_status":"closed","template":"","meta":[],"product_brand":[],"product_cat":[206,207],"product_tag":[],"class_list":{"0":"post-3756","1":"product","2":"type-product","3":"status-publish","4":"has-post-thumbnail","6":"product_cat-poppers","7":"product_cat-poppers-large","9":"first","10":"instock","11":"taxable","12":"shipping-taxable","13":"purchasable","14":"product-type-simple"},"jetpack_sharing_enabled":true,"_links":{"self":[{"href":"https:\/\/dutchchemlabs.com\/ro\/wp-json\/wp\/v2\/product\/3756","targetHints":{"allow":["GET"]}}],"collection":[{"href":"https:\/\/dutchchemlabs.com\/ro\/wp-json\/wp\/v2\/product"}],"about":[{"href":"https:\/\/dutchchemlabs.com\/ro\/wp-json\/wp\/v2\/types\/product"}],"replies":[{"embeddable":true,"href":"https:\/\/dutchchemlabs.com\/ro\/wp-json\/wp\/v2\/comments?post=3756"}],"version-history":[{"count":1,"href":"https:\/\/dutchchemlabs.com\/ro\/wp-json\/wp\/v2\/product\/3756\/revisions"}],"predecessor-version":[{"id":3792,"href":"https:\/\/dutchchemlabs.com\/ro\/wp-json\/wp\/v2\/product\/3756\/revisions\/3792"}],"wp:featuredmedia":[{"embeddable":true,"href":"https:\/\/dutchchemlabs.com\/ro\/wp-json\/wp\/v2\/media\/3791"}],"wp:attachment":[{"href":"https:\/\/dutchchemlabs.com\/ro\/wp-json\/wp\/v2\/media?parent=3756"}],"wp:term":[{"taxonomy":"product_brand","embeddable":true,"href":"https:\/\/dutchchemlabs.com\/ro\/wp-json\/wp\/v2\/product_brand?post=3756"},{"taxonomy":"product_cat","embeddable":true,"href":"https:\/\/dutchchemlabs.com\/ro\/wp-json\/wp\/v2\/product_cat?post=3756"},{"taxonomy":"product_tag","embeddable":true,"href":"https:\/\/dutchchemlabs.com\/ro\/wp-json\/wp\/v2\/product_tag?post=3756"}],"curies":[{"name":"wp","href":"https:\/\/api.w.org\/{rel}","templated":true}]}}