{"id":5964,"date":"2025-09-20T11:32:04","date_gmt":"2025-09-20T11:32:04","guid":{"rendered":"https:\/\/dutchchemlabs.com\/?post_type=product&#038;p=5964"},"modified":"2025-11-08T07:39:09","modified_gmt":"2025-11-08T07:39:09","slug":"flunitrazolam-pellets","status":"publish","type":"product","link":"https:\/\/dutchchemlabs.com\/ro\/product\/flunitrazolam-pellets\/","title":{"rendered":"Flunitrazolam Pellets"},"content":{"rendered":"<h1>Flunitrazolam pellets kopen<\/h1>\n<p>Flunitrazolam is een onderzoekschemische stof en niet bedoeld voor menselijke consumptie. Je kunt Flunitrazolam kopen bij dutchchemlabs.com. Als je v\u00f3\u00f3r 18:00 uur bestelt, wordt het de volgende dag al geleverd! Bij ons kun je veilig en gemakkelijk betalen met iDEAL, CreditCard, bankoverschrijving en crypto, zoals je gewend bent. Flunitrazolam bestellen doe je bij dutchchemlabs.com. Wij bieden ook <a href=\"https:\/\/dutchchemlabs.com\/product-categorie\/research-chemicals\/cathinonen\/2mmc-kopen\/\">2MMC<\/a>, <a href=\"https:\/\/dutchchemlabs.com\/product-categorie\/research-chemicals\/cathinonen\/pentedrone-nep\/\">Pentedrone (NEP)<\/a>,\u00a0<a href=\"https:\/\/dutchchemlabs.com\/product-categorie\/research-chemicals\/cathinonen\/3fmc\/\">3FMC<\/a> \u0219i alte substan\u021be chimice de cercetare pentru.<\/p>\n<h2>Flunitrazolam effecten<\/h2>\n<p>Flunitrazolam is een benzodiazepine met opvallende sedatieve en spierontspannende effecten, maar met beperkte angstvermindering en geen significante sedatie. Het vertoont dosisafhankelijke effecten, met lagere doses die milde effecten veroorzaken en hogere hoeveelheden die leiden tot geheugenverlies en zeer sterke sedatie. Fysieke effecten omvatten sedatie, verlies van motorische controle, ademhalingsdepressie, duizeligheid, en spierontspanning, met het zeldzame risico op toevallen bij zeer hoge hoeveelheden.<\/p>\n<p>Cognitieve effecten worden gekenmerkt door intense sedatie, geheugenverlies, vertraagde gedachten, onderdrukking van analyse, disinhibitie en het potentieel voor onterecht vertrouwen in nuchterheid, vooral bij zware doses. Slaperigheid en een groggy gevoel de ochtend na gebruik zijn veelvoorkomende nawerkingen.<\/p>\n<p>Het gebruik van flunitrazolam bij het uitvoeren van jouw onderzoek moet daarom met uiterste voorzichtigheid gebeuren vanwege het risico op geheugenverlies, afhankelijkheid en de onvoorspelbare aard van de effecten. Het kan leiden tot verslaving en heeft het potentieel voor ernstige bijwerkingen bij onjuist gebruik.<\/p>\n<p><span style=\"font-size: 23.04px; color: #333333;\">Comandat \u00eenainte de ora 18:00 = livrat m\u00e2ine!<\/span><\/p>\n<p><strong>Comandat \u00eenainte de ora 18:00 = livrat m\u00e2ine! <\/strong>Comanda dvs. va fi expediat\u0103 anonim \u0219i discret. \u00cen plus, pute\u021bi pl\u0103ti u\u0219or \u0219i rapid cu iDEAL sau Bancontact. Comanda\u021bi prin intermediul site-ului sau contacta\u021bi-ne prin chat. Dac\u0103 ave\u021bi \u00eentreb\u0103ri \u0219i\/sau comentarii, ne pute\u021bi suna oric\u00e2nd, trimite un e-mail sau ne pute\u021bi suna telefonic. Pentru comenzi \u00een cantit\u0103\u021bi mai mari, v\u0103 rug\u0103m s\u0103 trimite\u021bi un e-mail la info@dutchchemlabs.com. A\u0219tept\u0103m cu ner\u0103bdare s\u0103 v\u0103 primim comanda!<\/p>\n<h2>De asemenea, furniz\u0103m cantit\u0103\u021bi mari<\/h2>\n<p>Wil je graag Flunitrazolam pellets bestellen in grotere hoeveelheden? Neem dan via de chat contact met ons op. dutchchemlabs.com bied scherpe tarieven voor grotere hoeveelheden. Wacht niet langer en neem vandaag nog contact op.<\/p>\n<div id=\"ConnectiveDocSignExtentionInstalled\" data-extension-version=\"1.0.4\"><\/div>","protected":false},"excerpt":{"rendered":"<ul>\n<li><strong>Transport discret \u0219i anonim<\/strong><\/li>\n<li><strong>Comandat \u00eenainte de ora 18:00 = livrat m\u00e2ine!<\/strong><\/li>\n<li><strong>Transport gratuit peste 50 \u20ac<\/strong><\/li>\n<\/ul>\n<div id=\"ConnectiveDocSignExtentionInstalled\" data-extension-version=\"1.0.4\"><\/div>","protected":false},"featured_media":8700,"comment_status":"open","ping_status":"closed","template":"","meta":[],"product_brand":[],"product_cat":[323,329,573],"product_tag":[],"class_list":{"0":"post-5964","1":"product","2":"type-product","3":"status-publish","4":"has-post-thumbnail","6":"product_cat-benzodiazepinen","7":"product_cat-flunitrazolam","8":"product_cat-pellets","10":"first","11":"instock","12":"taxable","13":"shipping-taxable","14":"purchasable","15":"product-type-variable"},"jetpack_sharing_enabled":true,"_links":{"self":[{"href":"https:\/\/dutchchemlabs.com\/ro\/wp-json\/wp\/v2\/product\/5964","targetHints":{"allow":["GET"]}}],"collection":[{"href":"https:\/\/dutchchemlabs.com\/ro\/wp-json\/wp\/v2\/product"}],"about":[{"href":"https:\/\/dutchchemlabs.com\/ro\/wp-json\/wp\/v2\/types\/product"}],"replies":[{"embeddable":true,"href":"https:\/\/dutchchemlabs.com\/ro\/wp-json\/wp\/v2\/comments?post=5964"}],"version-history":[{"count":2,"href":"https:\/\/dutchchemlabs.com\/ro\/wp-json\/wp\/v2\/product\/5964\/revisions"}],"predecessor-version":[{"id":8701,"href":"https:\/\/dutchchemlabs.com\/ro\/wp-json\/wp\/v2\/product\/5964\/revisions\/8701"}],"wp:featuredmedia":[{"embeddable":true,"href":"https:\/\/dutchchemlabs.com\/ro\/wp-json\/wp\/v2\/media\/8700"}],"wp:attachment":[{"href":"https:\/\/dutchchemlabs.com\/ro\/wp-json\/wp\/v2\/media?parent=5964"}],"wp:term":[{"taxonomy":"product_brand","embeddable":true,"href":"https:\/\/dutchchemlabs.com\/ro\/wp-json\/wp\/v2\/product_brand?post=5964"},{"taxonomy":"product_cat","embeddable":true,"href":"https:\/\/dutchchemlabs.com\/ro\/wp-json\/wp\/v2\/product_cat?post=5964"},{"taxonomy":"product_tag","embeddable":true,"href":"https:\/\/dutchchemlabs.com\/ro\/wp-json\/wp\/v2\/product_tag?post=5964"}],"curies":[{"name":"wp","href":"https:\/\/api.w.org\/{rel}","templated":true}]}}