{"id":7860,"date":"2025-09-20T19:29:06","date_gmt":"2025-09-20T19:29:06","guid":{"rendered":"https:\/\/dutchchemlabs.com\/?post_type=product&#038;p=7860"},"modified":"2025-11-08T07:39:02","modified_gmt":"2025-11-08T07:39:02","slug":"gold-rush-extreme-formula-30ml-poppers","status":"publish","type":"product","link":"https:\/\/dutchchemlabs.com\/ro\/product\/gold-rush-extreme-formula-30ml-poppers\/","title":{"rendered":"Gold Rush Extreme Formula 30ml Poppers"},"content":{"rendered":"<h2>Gold Rush Extreme Formula poppers bestellen<\/h2>\n<p>De Gold Rush Extreme Formula 30 ml Poppers is de favoriete popper van vele popper fans. Super Rush Red is ook een van de meest verkochte poppers ter wereld. Poppers maken jouw intieme momenten nog leuker en spannender! Wanneer je direct uit het flesje snuift voel je direct het effect. Het effect duurt enkele minuten. Gold Rush Extreme Formula 30 ml poppers zijn een aantal keren gedistilleerd, waardoor de kwaliteit zeer zuiver is. Let op: Gebruik dit product niet in combinatie met erectiemiddelen.<\/p>\n<p>Wil je ook 3CMC kopen? Bij dutchchemlabs.com verkopen we ook <a href=\"https:\/\/dutchchemlabs.com\/product\/3cmc-kopen\/\">3CMC poeder<\/a>, <a href=\"https:\/\/dutchchemlabs.com\/product\/3cmc-kopen-kristallen\/\">3CMC kristallen<\/a> en <a href=\"https:\/\/dutchchemlabs.com\/product\/3cmc-kopen-capsules\/\">3CMC capsules<\/a>.<\/p>\n<h2>Gold Rush Extreme Formula review<\/h2>\n<p>Super Rush Red is een populaire popper die een nieuw erotisch avontuur belooft. Deze popper biedt ontspanning en een warm gevoel, waardoor het een geschikte keuze is voor jou en je partner. Rush poppers zijn bekend en geliefd vanwege hun kwaliteit en intense sensatie. De Super Rush Red popper is een populaire variant binnen het assortiment. Het product heeft perfecte aroma&#8217;s en biedt aangename effecten. dutchchemlabs.com hecht veel waarde aan kwaliteit en veiligheid en test al hun producten grondig. Door goede relaties met diverse poppers leveranciers kunnen ze hun klanten lage prijzen bieden, vooral bij grotere bestellingen. Het is echter belangrijk om poppers veilig te gebruiken en niet te combineren met andere stoffen. Beginnende gebruikers wordt geadviseerd om met een kleine dosis te beginnen en naarmate de ervaring groeit, kunnen ze overstappen naar intensere varianten. dutchchemlabs.com biedt hoogwaardige producten tegen een goede prijs.<\/p>\n<h2>Cump\u0103ra\u021bi poppers de la dutchchemlabs.com<\/h2>\n<p>Bij dutchchemlabs.com kan je sinds kort ook poppers bestellen. Wij zijn nog druk bezig ons assortiment uit te breiden. Heb jij nog suggesties over welke poppers of overige producten wij nog meer aan kunnen bieden? <a href=\"https:\/\/dutchchemlabs.com\/contact\">Contacta\u021bi-ne<\/a> op en laat het ons weten! Naast de Gold Rush Extreme Formula poppers bieden wij <a href=\"https:\/\/dutchchemlabs.com\/product-categorie\/poppers\/\">mai multe tipuri de poppers.<\/a><\/p>\n<h2>Comandat \u00eenainte de ora 18:00 = livrat m\u00e2ine!<\/h2>\n<p><strong>Comandat \u00eenainte de ora 18:00 = livrat m\u00e2ine! <\/strong>Comanda dvs. va fi expediat\u0103 anonim \u0219i discret cu partenerul nostru obi\u0219nuit, PostNL. \u00cen plus, pute\u021bi pl\u0103ti u\u0219or \u0219i rapid cu iDEAL sau Bancontact. Pentru comenzi \u00een cantit\u0103\u021bi mai mari, v\u0103 rug\u0103m s\u0103 trimite\u021bi un e-mail la info@dutchchemlabs.com. A\u0219tept\u0103m cu ner\u0103bdare s\u0103 v\u0103 primim comanda!<\/p>\n<p>dutchchemlabs.com vinde <a href=\"https:\/\/dutchchemlabs.com\/product-categorie\/research-chemicals\/\">Produse chimice de cercetare<\/a> \u0219i nu numai.<\/p>\n<div id=\"ConnectiveDocSignExtentionInstalled\" data-extension-version=\"1.0.4\"><\/div>","protected":false},"excerpt":{"rendered":"<ul>\n<li><strong>Transport discret \u0219i anonim<\/strong><\/li>\n<li><strong>Comandat \u00eenainte de ora 18:00 = livrat m\u00e2ine!<\/strong><\/li>\n<li><strong>Transport gratuit peste 50 \u20ac<\/strong><\/li>\n<\/ul>\n<div id=\"ConnectiveDocSignExtentionInstalled\" data-extension-version=\"1.0.4\"><\/div>","protected":false},"featured_media":7892,"comment_status":"open","ping_status":"closed","template":"","meta":[],"product_brand":[],"product_cat":[206,207,187],"product_tag":[],"class_list":{"0":"post-7860","1":"product","2":"type-product","3":"status-publish","4":"has-post-thumbnail","6":"product_cat-poppers","7":"product_cat-poppers-large","8":"product_cat-populair","10":"first","11":"instock","12":"taxable","13":"shipping-taxable","14":"purchasable","15":"product-type-simple"},"jetpack_sharing_enabled":true,"_links":{"self":[{"href":"https:\/\/dutchchemlabs.com\/ro\/wp-json\/wp\/v2\/product\/7860","targetHints":{"allow":["GET"]}}],"collection":[{"href":"https:\/\/dutchchemlabs.com\/ro\/wp-json\/wp\/v2\/product"}],"about":[{"href":"https:\/\/dutchchemlabs.com\/ro\/wp-json\/wp\/v2\/types\/product"}],"replies":[{"embeddable":true,"href":"https:\/\/dutchchemlabs.com\/ro\/wp-json\/wp\/v2\/comments?post=7860"}],"version-history":[{"count":1,"href":"https:\/\/dutchchemlabs.com\/ro\/wp-json\/wp\/v2\/product\/7860\/revisions"}],"predecessor-version":[{"id":7893,"href":"https:\/\/dutchchemlabs.com\/ro\/wp-json\/wp\/v2\/product\/7860\/revisions\/7893"}],"wp:featuredmedia":[{"embeddable":true,"href":"https:\/\/dutchchemlabs.com\/ro\/wp-json\/wp\/v2\/media\/7892"}],"wp:attachment":[{"href":"https:\/\/dutchchemlabs.com\/ro\/wp-json\/wp\/v2\/media?parent=7860"}],"wp:term":[{"taxonomy":"product_brand","embeddable":true,"href":"https:\/\/dutchchemlabs.com\/ro\/wp-json\/wp\/v2\/product_brand?post=7860"},{"taxonomy":"product_cat","embeddable":true,"href":"https:\/\/dutchchemlabs.com\/ro\/wp-json\/wp\/v2\/product_cat?post=7860"},{"taxonomy":"product_tag","embeddable":true,"href":"https:\/\/dutchchemlabs.com\/ro\/wp-json\/wp\/v2\/product_tag?post=7860"}],"curies":[{"name":"wp","href":"https:\/\/api.w.org\/{rel}","templated":true}]}}