{"id":7929,"date":"2025-09-20T19:29:19","date_gmt":"2025-09-20T19:29:19","guid":{"rendered":"https:\/\/dutchchemlabs.com\/?post_type=product&#038;p=7929"},"modified":"2025-11-08T07:39:02","modified_gmt":"2025-11-08T07:39:02","slug":"gidazepam-pellets-3mg","status":"publish","type":"product","link":"https:\/\/dutchchemlabs.com\/ro\/product\/gidazepam-pellets-3mg\/","title":{"rendered":"Gidazepam Pellets (3mg)"},"content":{"rendered":"<h1>Gidazepam pellets kopen<\/h1>\n<p>Gidazepam is een onderzoekschemische stof en niet bedoeld voor menselijke consumptie. Je kunt Gidazepam kopen bij dutchchemlabs.com. Als je v\u00f3\u00f3r 18:00 uur bestelt, wordt het de volgende dag al geleverd! Bij ons kun je veilig en gemakkelijk betalen met iDEAL, CreditCard, bankoverschrijving en crypto, zoals je gewend bent. Gidazepam bestellen doe je bij dutchchemlabs.com. Wij bieden ook <a href=\"https:\/\/dutchchemlabs.com\/product-categorie\/research-chemicals\/cathinonen\/2mmc-kopen\/\">2MMC<\/a>, <a href=\"https:\/\/dutchchemlabs.com\/product-categorie\/research-chemicals\/cathinonen\/pentedrone-nep\/\">Pentedrone (NEP)<\/a>,\u00a0<a href=\"https:\/\/dutchchemlabs.com\/product-categorie\/research-chemicals\/cathinonen\/3fmc\/\">3FMC<\/a> \u0219i alte substan\u021be chimice de cercetare pentru.<\/p>\n<h2>Wat is Gidazepam?<\/h2>\n<p>Gidazepam, ook bekend als hydazepam of hidazepam, is een atypisch benzodiazepine-derivaat dat ontwikkeld is in de Sovjet-Unie. Het staat bekend als een selectief anxiolytisch benzodiazepine met therapeutische waarde in de behandeling van bepaalde cardiovasculaire aandoeningen. Als prodrug dient Gidazepam voor zijn actieve metaboliet 7-bromo-2,3-dihydro-5-phenyl-1H-1,4-benzodiazepin-2-one, ook wel bekend als desalkylgidazepam of bromo-nordazepam.<\/p>\n<p>Het wordt gebruikt als een anxiolyticum, maar het duurt enkele uren voordat de anxiolytische effecten zich manifesteren, omdat het voornamelijk de actieve metaboliet is die deze effecten veroorzaakt. Nietewel heeft Gidazepam een van de langste halfwaardetijden van alle GABA-erge agonisten. Deze eigenschappen maken het een interessante substantie voor het onderzoek naar de behandeling van angst en cardiovasculaire aandoeningen, maar het is van belang om zich bewust te zijn van de vertraagde werkzaamheid en de bijbehorende farmacologische kenmerken.<\/p>\n<p>De asemenea, oferim <a href=\"https:\/\/dutchchemlabs.com\/product-categorie\/research-chemicals\/cathinonen\/2mmc-kopen\/\">2MMC<\/a> en <a href=\"https:\/\/dutchchemlabs.com\/product-categorie\/research-chemicals\/cathinonen\/pentedrone-nep\/\" data-cke-saved-href=\"https:\/\/dutchchemlabs.com\/product-categorie\/research-chemicals\/cathinonen\/pentedrone-nep\/\">Pentedrone (NEP)<\/a> \u0219i alte substan\u021be chimice de cercetare pentru.<\/p>\n<h2>Gidazepam effecten<\/h2>\n<p>Gidazepam, een benzodiazepine, wordt in de wetenschappelijke context ingezet voor het onderzoek naar de behandeling van angststoornissen en slaapstoornissen. Dit middel vertoont kalmerende, anxiolytische en spierverslappende eigenschappen. De farmacologische werking berust op de positieve modulatie van de neurotransmitter gamma-aminoboterzuur (GABA) in het centrale zenuwstelsel, wat resulteert in de onderdrukking van neuronale activiteit. Deze neuromodulatie leidt tot gevoelens van ontspanning, angstvermindering en een algemene staat van kalmte.<\/p>\n<p>Let op! Gidazepam kan tevens bijwerkingen met zich meebrengen, zoals slaperigheid, verminderde concentratie, co\u00f6rdinatiestoornissen en geheugenstoornissen. Het is van groot belang om Gidazepam uitsluitend in overeenstemming met de voorgeschreven dosering en onder toezicht van medisch personeel te gebruiken, gezien het potentieel voor verslaving en de risico\u2019s van onjuist gebruik.<\/p>\n<p>Wetenschappers dienen te allen tijde een arts te raadplegen alvorens Gidazepam in hun onderzoek toe te passen, om de juiste dosering vast te stellen en de mogelijke risico\u2019s te evalueren die gepaard gaan met de experimentele toepassing ervan.<\/p>\n<h2>Comandat \u00eenainte de ora 18:00 = livrat m\u00e2ine!<\/h2>\n<p><strong>Comandat \u00eenainte de ora 18:00 = livrat m\u00e2ine! <\/strong>Comanda dvs. va fi expediat\u0103 anonim \u0219i discret. \u00cen plus, pute\u021bi pl\u0103ti u\u0219or \u0219i rapid cu iDEAL sau Bancontact. Comanda\u021bi prin intermediul site-ului sau contacta\u021bi-ne prin chat. Dac\u0103 ave\u021bi \u00eentreb\u0103ri \u0219i\/sau comentarii, ne pute\u021bi suna oric\u00e2nd, trimite un e-mail sau ne pute\u021bi suna telefonic. Pentru comenzi \u00een cantit\u0103\u021bi mai mari, v\u0103 rug\u0103m s\u0103 trimite\u021bi un e-mail la info@dutchchemlabs.com. A\u0219tept\u0103m cu ner\u0103bdare s\u0103 v\u0103 primim comanda!<\/p>\n<h2>De asemenea, furniz\u0103m cantit\u0103\u021bi mari<\/h2>\n<p>Wil je graag Gidazepam Pellets bestellen in grotere hoeveelheden? Neem dan via de chat contact met ons op. dutchchemlabs.com bied scherpe tarieven voor grotere hoeveelheden. Wacht niet langer en neem vandaag nog contact op.<\/p>\n<div id=\"ConnectiveDocSignExtentionInstalled\" data-extension-version=\"1.0.4\"><\/div>","protected":false},"excerpt":{"rendered":"<ul>\n<li><strong>Transport discret \u0219i anonim<\/strong><\/li>\n<li><strong>Comandat \u00eenainte de ora 18:00 = livrat m\u00e2ine!<\/strong><\/li>\n<li><strong>Transport gratuit peste 50 \u20ac<\/strong><\/li>\n<\/ul>\n<div id=\"ConnectiveDocSignExtentionInstalled\" data-extension-version=\"1.0.4\"><\/div>","protected":false},"featured_media":8790,"comment_status":"open","ping_status":"closed","template":"","meta":[],"product_brand":[],"product_cat":[323,356,573],"product_tag":[],"class_list":{"0":"post-7929","1":"product","2":"type-product","3":"status-publish","4":"has-post-thumbnail","6":"product_cat-benzodiazepinen","7":"product_cat-gidazepam","8":"product_cat-pellets","10":"first","11":"instock","12":"taxable","13":"shipping-taxable","14":"purchasable","15":"product-type-variable"},"jetpack_sharing_enabled":true,"_links":{"self":[{"href":"https:\/\/dutchchemlabs.com\/ro\/wp-json\/wp\/v2\/product\/7929","targetHints":{"allow":["GET"]}}],"collection":[{"href":"https:\/\/dutchchemlabs.com\/ro\/wp-json\/wp\/v2\/product"}],"about":[{"href":"https:\/\/dutchchemlabs.com\/ro\/wp-json\/wp\/v2\/types\/product"}],"replies":[{"embeddable":true,"href":"https:\/\/dutchchemlabs.com\/ro\/wp-json\/wp\/v2\/comments?post=7929"}],"version-history":[{"count":2,"href":"https:\/\/dutchchemlabs.com\/ro\/wp-json\/wp\/v2\/product\/7929\/revisions"}],"predecessor-version":[{"id":8791,"href":"https:\/\/dutchchemlabs.com\/ro\/wp-json\/wp\/v2\/product\/7929\/revisions\/8791"}],"wp:featuredmedia":[{"embeddable":true,"href":"https:\/\/dutchchemlabs.com\/ro\/wp-json\/wp\/v2\/media\/8790"}],"wp:attachment":[{"href":"https:\/\/dutchchemlabs.com\/ro\/wp-json\/wp\/v2\/media?parent=7929"}],"wp:term":[{"taxonomy":"product_brand","embeddable":true,"href":"https:\/\/dutchchemlabs.com\/ro\/wp-json\/wp\/v2\/product_brand?post=7929"},{"taxonomy":"product_cat","embeddable":true,"href":"https:\/\/dutchchemlabs.com\/ro\/wp-json\/wp\/v2\/product_cat?post=7929"},{"taxonomy":"product_tag","embeddable":true,"href":"https:\/\/dutchchemlabs.com\/ro\/wp-json\/wp\/v2\/product_tag?post=7929"}],"curies":[{"name":"wp","href":"https:\/\/api.w.org\/{rel}","templated":true}]}}