{"id":2718,"date":"2025-09-20T09:15:28","date_gmt":"2025-09-20T09:15:28","guid":{"rendered":"https:\/\/dutchchemlabs.com\/?post_type=product&#038;p=2718"},"modified":"2025-11-08T07:39:15","modified_gmt":"2025-11-08T07:39:15","slug":"1d-lsd-10mcg-pelety","status":"publish","type":"product","link":"https:\/\/dutchchemlabs.com\/sk\/product\/1d-lsd-10mcg-pelety\/","title":{"rendered":"1D-LSD 10mcg pelety\u00a0"},"content":{"rendered":"<h1><strong>1D-LSD 10mcg pelety\u00a0<\/strong><\/h1>\n<p>Objavte v\u00fdhody mikrod\u00e1vkovania s na\u0161imi peletami 1D-LSD 10 MCG, ktor\u00e9 s\u00fa k dispoz\u00edcii v\u00fdhradne na str\u00e1nke dutchchemlabs.com. T\u00e1to pokro\u010dil\u00e1 v\u00fdskumn\u00e1 chemik\u00e1lia je navrhnut\u00e1 tak, aby pom\u00e1hala v\u00fdskumn\u00edkom sk\u00fama\u0165 jemn\u00e9 \u00fa\u010dinky mikrod\u00e1vkovania v kontrolovanom laborat\u00f3rnom prostred\u00ed.<\/p>\n<h2>\u010co je 1D-LSD?<\/h2>\n<h3>Vlastnosti produktu<\/h3>\n<ul>\n<li><strong>D\u00e1vkovanie<\/strong>: Ka\u017ed\u00e1 peleta obsahuje presn\u00fa d\u00e1vku 10 mikrogramov (MCG) 1D-LSD, ktor\u00e1 je ide\u00e1lna na \u0161t\u00fadie mikrod\u00e1vkovania.<\/li>\n<li><strong>Kvalita<\/strong>: Vyroben\u00e9 z \u010dist\u00fdch, vysokokvalitn\u00fdch zlo\u017eiek pre konzistentn\u00e9 a spo\u013eahliv\u00e9 v\u00fdsledky v\u00fdskumu.<\/li>\n<li><strong>Balenie<\/strong>: Hygienicky a bezpe\u010dne zabalen\u00e9, aby sa zabezpe\u010dila neporu\u0161enos\u0165 a \u00fa\u010dinnos\u0165 l\u00e1tky.<\/li>\n<li><strong>Pou\u017eite<\/strong>: \u0160peci\u00e1lne navrhnut\u00e9 na v\u00fdskumn\u00e9 \u00fa\u010dely. Nie je ur\u010den\u00fd na \u013eudsk\u00fa spotrebu.<\/li>\n<li><strong>\u00dalo\u017eisko<\/strong>: Skladujte na chladnom a suchom mieste, mimo dosahu priameho slne\u010dn\u00e9ho svetla, aby ste dosiahli optim\u00e1lnu trvanlivos\u0165 a stabilitu.<\/li>\n<\/ul>\n<h3>Aplik\u00e1cie<\/h3>\n<ul>\n<li><strong>Vedeck\u00fd v\u00fdskum<\/strong>: Ide\u00e1lne pre v\u00fdskumn\u00edkov a chemikov, ktor\u00ed chc\u00fa sk\u00fama\u0165 \u00fa\u010dinky mikrod\u00e1vok.<\/li>\n<li><strong>Akademick\u00e9 \u0161t\u00fadium<\/strong>: Vhodn\u00e9 na pou\u017eitie v akademick\u00fdch laborat\u00f3ri\u00e1ch na vzdel\u00e1vacie \u00fa\u010dely a v\u00fdskumn\u00e9 projekty.<\/li>\n<li><strong>Farmaceutick\u00fd v\u00fdskum<\/strong>: M\u00f4\u017ee sa pou\u017ei\u0165 v predklinick\u00fdch \u0161t\u00fadi\u00e1ch a in\u00fdch farmakologick\u00fdch v\u00fdskumn\u00fdch projektoch na z\u00edskanie nov\u00fdch poznatkov.<\/li>\n<\/ul>\n<h3>Bezpe\u010dnostn\u00e9 pokyny<\/h3>\n<p>Pelety 1D-LSD 10 MCG pou\u017e\u00edvajte len v kontrolovanom v\u00fdskumnom prostred\u00ed. Je nevyhnutn\u00e9 dodr\u017eiava\u0165 spr\u00e1vne bezpe\u010dnostn\u00e9 protokoly a zabezpe\u010di\u0165, aby sa v\u00fdrobok nepou\u017e\u00edval na \u013eudsk\u00fa spotrebu. V\u017edy si pre\u010d\u00edtajte karty bezpe\u010dnostn\u00fdch \u00fadajov a pou\u017e\u00edvajte osobn\u00e9 ochrann\u00e9 prostriedky.<\/p>\n<h3>Pre\u010do si vybra\u0165 1D-LSD 10mcg Pellets na dutchchemlabs.com?<\/h3>\n<p>V spolo\u010dnosti dutchchemlabs.com s\u00fa kvalita a spo\u013eahlivos\u0165 prvorad\u00e9. Na\u0161e pelety 1D-LSD 10 MCG s\u00fa vyr\u00e1ban\u00e9 pod\u013ea najvy\u0161\u0161\u00edch \u0161tandardov a s\u00fa \u0161peci\u00e1lne navrhnut\u00e9 tak, aby sp\u013a\u0148ali po\u017eiadavky vedeck\u00e9ho v\u00fdskumu. Spo\u013eahnite sa na n\u00e1s v pr\u00edpade konzistentn\u00fdch, \u010dist\u00fdch a vysokokvalitn\u00fdch v\u00fdskumn\u00fdch chemik\u00e1li\u00ed.<\/p>\n<h3>Kupujete 1D-LSD?<\/h3>\n<p>Objednajte si 1D-LSD 10 MCG Pellets - Microdose teraz na dutchchemlabs.com a vyu\u017eite r\u00fdchlu a diskr\u00e9tnu dopravu. Zabezpe\u010d\u00edme, aby ste dostali vysokokvalitn\u00e9 v\u00fdskumn\u00e9 chemik\u00e1lie, ktor\u00e9 sp\u013a\u0148aj\u00fa najvy\u0161\u0161ie \u0161tandardy \u010distoty a spo\u013eahlivosti.<\/p>","protected":false},"excerpt":{"rendered":"<ul>\n<li><strong>Diskr\u00e9tna a anonymn\u00e1 preprava<\/strong><\/li>\n<li><strong>Objednan\u00e9 do 18:00 = dodan\u00e9 zajtra!<\/strong><\/li>\n<li><strong>Doprava zdarma nad 50 \u20ac<\/strong><\/li>\n<\/ul>\n<div id=\"ConnectiveDocSignExtentionInstalled\" data-extension-version=\"1.0.4\"><\/div>","protected":false},"featured_media":8913,"comment_status":"open","ping_status":"closed","template":"","meta":[],"product_brand":[],"product_cat":[220,91,221,222,573],"product_tag":[],"class_list":{"0":"post-2718","1":"product","2":"type-product","3":"status-publish","4":"has-post-thumbnail","6":"product_cat-1d-lsd-pellets","7":"product_cat-lysergamides","8":"product_cat-microdose-lsd","9":"product_cat-microdose-shop","10":"product_cat-pellets","12":"first","13":"instock","14":"taxable","15":"shipping-taxable","16":"purchasable","17":"product-type-variable"},"jetpack_sharing_enabled":true,"_links":{"self":[{"href":"https:\/\/dutchchemlabs.com\/sk\/wp-json\/wp\/v2\/product\/2718","targetHints":{"allow":["GET"]}}],"collection":[{"href":"https:\/\/dutchchemlabs.com\/sk\/wp-json\/wp\/v2\/product"}],"about":[{"href":"https:\/\/dutchchemlabs.com\/sk\/wp-json\/wp\/v2\/types\/product"}],"replies":[{"embeddable":true,"href":"https:\/\/dutchchemlabs.com\/sk\/wp-json\/wp\/v2\/comments?post=2718"}],"version-history":[{"count":2,"href":"https:\/\/dutchchemlabs.com\/sk\/wp-json\/wp\/v2\/product\/2718\/revisions"}],"predecessor-version":[{"id":8914,"href":"https:\/\/dutchchemlabs.com\/sk\/wp-json\/wp\/v2\/product\/2718\/revisions\/8914"}],"wp:featuredmedia":[{"embeddable":true,"href":"https:\/\/dutchchemlabs.com\/sk\/wp-json\/wp\/v2\/media\/8913"}],"wp:attachment":[{"href":"https:\/\/dutchchemlabs.com\/sk\/wp-json\/wp\/v2\/media?parent=2718"}],"wp:term":[{"taxonomy":"product_brand","embeddable":true,"href":"https:\/\/dutchchemlabs.com\/sk\/wp-json\/wp\/v2\/product_brand?post=2718"},{"taxonomy":"product_cat","embeddable":true,"href":"https:\/\/dutchchemlabs.com\/sk\/wp-json\/wp\/v2\/product_cat?post=2718"},{"taxonomy":"product_tag","embeddable":true,"href":"https:\/\/dutchchemlabs.com\/sk\/wp-json\/wp\/v2\/product_tag?post=2718"}],"curies":[{"name":"wp","href":"https:\/\/api.w.org\/{rel}","templated":true}]}}