{"id":3388,"date":"2025-09-20T09:19:28","date_gmt":"2025-09-20T09:19:28","guid":{"rendered":"https:\/\/dutchchemlabs.com\/?post_type=product&#038;p=3388"},"modified":"2025-11-08T07:39:14","modified_gmt":"2025-11-08T07:39:14","slug":"2-pelety-fea-60-mg","status":"publish","type":"product","link":"https:\/\/dutchchemlabs.com\/sk\/product\/2-pelety-fea-60-mg\/","title":{"rendered":"Pelety 2-FEA (60 mg)"},"content":{"rendered":"<h1 id=\"titlewrap\">K\u00fapi\u0165 pelety 2-FEA<\/h1>\n<p>Objavte vynikaj\u00facu kvalitu na\u0161ich peliet 2-FEA, ktor\u00e9 s\u00fa k dispoz\u00edcii v\u00fdhradne na str\u00e1nke dutchchemlabs.com. T\u00e1to vysokokvalitn\u00e1 v\u00fdskumn\u00e1 chemik\u00e1lia je \u0161peci\u00e1lne navrhnut\u00e1 na vedeck\u00fd a laborat\u00f3rny v\u00fdskum a nie je ur\u010den\u00e1 na \u013eudsk\u00fa spotrebu.<\/p>\n<h3>Vlastnosti produktu<\/h3>\n<ul>\n<li><strong>Vysokokvalitn\u00e1 \u010distota<\/strong>: Na\u0161e pelety 2-FEA maj\u00fa najvy\u0161\u0161iu \u010distotu a s\u00fa ide\u00e1lne na presn\u00e9 a konzistentn\u00e9 v\u00fdsledky v\u00fdskumu.<\/li>\n<li><strong>Pr\u00edsna kontrola kvality<\/strong>: Ka\u017ed\u00e1 \u0161ar\u017ea podlieha pr\u00edsnej kontrole kvality, aby sa zabezpe\u010dila integrita a spo\u013eahlivos\u0165 v\u00e1\u0161ho v\u00fdskumu.<\/li>\n<li><strong>Bezpe\u010dn\u00e9 balenie<\/strong>: Pelety sa dod\u00e1vaj\u00fa vo vzduchotesnom obale na zachovanie kvality a stability.<\/li>\n<li><strong>V\u00fdskumn\u00e9 \u00fa\u010dely<\/strong>: \u0160peci\u00e1lne navrhnut\u00e9 na pou\u017eitie vo vedeckom v\u00fdskume a laborat\u00f3rnych experimentoch.<\/li>\n<\/ul>\n<h3>V\u00fdhody<\/h3>\n<ul>\n<li><strong>Konzistentn\u00e9 v\u00fdsledky<\/strong>: Vysok\u00e1 \u010distota a presn\u00e9 d\u00e1vkovanie zabezpe\u010duj\u00fa spo\u013eahliv\u00e9 a reprodukovate\u013en\u00e9 v\u00fdsledky v\u00fdskumu.<\/li>\n<li><strong>Bezpe\u010dn\u00e9 ukladanie<\/strong>: Vzduchotesn\u00fd obal zabezpe\u010duje stabilitu a ochranu peliet pred vonkaj\u0161\u00edmi vplyvmi.<\/li>\n<li><strong>\u0160irok\u00e1 \u0161k\u00e1la aplik\u00e1ci\u00ed<\/strong>: Vhodn\u00e9 na r\u00f4zne v\u00fdskumn\u00e9 a vedeck\u00e9 aplik\u00e1cie.<\/li>\n<\/ul>\n<h3>Bezpe\u010dnostn\u00e9 pokyny<\/h3>\n<ol>\n<li><strong>Len na v\u00fdskum<\/strong>: Tento v\u00fdrobok je ur\u010den\u00fd len na pou\u017eitie vo vedeckom v\u00fdskume a laborat\u00f3rnych experimentoch.<\/li>\n<li><strong>Nie je ur\u010den\u00e9 na \u013eudsk\u00fa spotrebu<\/strong>: 2-FEA Pellets nie je vhodn\u00fd na \u013eudsk\u00fa spotrebu a nemal by sa po\u017e\u00edva\u0165.<\/li>\n<li><strong>\u00dalo\u017eisko<\/strong>: Skladujte na chladnom a suchom mieste, mimo dosahu priameho slne\u010dn\u00e9ho svetla a det\u00ed.<\/li>\n<li><strong>Pou\u017e\u00edvanie ochrann\u00fdch pom\u00f4cok<\/strong>: Pri manipul\u00e1cii s peletami v\u017edy pou\u017e\u00edvajte vhodn\u00e9 osobn\u00e9 ochrann\u00e9 prostriedky.<\/li>\n<\/ol>\n<h1>\u00da\u010dinky 2FEA<\/h1>\n<p>2-FEA (2-flu\u00f3roetylamfetam\u00edn) m\u00e1 jemn\u00e9 \u00fa\u010dinky, ktor\u00e9 je \u0165a\u017ek\u00e9 charakterizova\u0165. Niektor\u00ed u\u017e\u00edvatelia uv\u00e1dzaj\u00fa, \u017ee je mierny a m\u00e1 m\u00e1lo ved\u013eaj\u0161\u00edch \u00fa\u010dinkov, podobne ako 2-FA, zatia\u013e \u010do in\u00ed poci\u0165uj\u00fa zv\u00fd\u0161enie fyzick\u00fdch ved\u013eaj\u0161\u00edch \u00fa\u010dinkov alebo seroton\u00ednergnej aktivity, podobne ako 3-FEA. Liek m\u00f4\u017ee ma\u0165 stimula\u010dn\u00e9 aj sedat\u00edvne \u00fa\u010dinky, pri\u010dom sed\u00e1cia sa pravdepodobne pripisuje uvo\u013e\u0148ovaniu seroton\u00ednu.<\/p>\n<p>Pozor! Pri vy\u0161\u0161\u00edch d\u00e1vkach m\u00f4\u017eu by\u0165 stimula\u010dn\u00e9 \u00fa\u010dinky dominantnej\u0161ie po obdob\u00ed vrcholu. Fyzik\u00e1lne \u00fa\u010dinky, ako je zv\u00fd\u0161en\u00e1 srdcov\u00e1 frekvencia, roz\u0161\u00edrenie zreni\u010diek a sucho v \u00fastach, sa vyskytuj\u00fa najm\u00e4 pri vy\u0161\u0161\u00edch d\u00e1vkach. Z kognit\u00edvneho h\u013eadiska m\u00f4\u017eu u\u017e\u00edvatelia poci\u0165ova\u0165 miernu stimul\u00e1ciu, ako je zlep\u0161enie s\u00fastredenia a motiv\u00e1cie, hoci vy\u0161\u0161ie d\u00e1vky m\u00f4\u017eu sp\u00f4sobi\u0165 \u00fazkos\u0165, paranoju a nutkav\u00e9 opakovan\u00e9 d\u00e1vkovanie.<\/p>\n<h3>Objedn\u00e1vanie a doprava<\/h3>\n<p>Objednajte si pelety 2-FEA od dutchchemlabs.com e\u0161te dnes a d\u00f4verujte kvalite a spo\u013eahlivosti v\u00e1\u0161ho v\u00fdskumu. Pon\u00fakame r\u00fdchlu a diskr\u00e9tnu prepravu, aby ste svoje v\u00fdrobky dostali bezpe\u010dne a v\u010das.<\/p>\n<h2>Objednan\u00e9 do 18:00 = dodan\u00e9 zajtra!<\/h2>\n<p><strong>Objednan\u00e9 do 18:00 = dodan\u00e9 zajtra! <\/strong>Va\u0161a objedn\u00e1vka bude odoslan\u00e1 anonymne a diskr\u00e9tne prostredn\u00edctvom n\u00e1\u0161ho st\u00e1leho partnera, spolo\u010dnosti PostNL. Okrem toho m\u00f4\u017eete \u013eahko a r\u00fdchlo zaplati\u0165 prostredn\u00edctvom iDEAL alebo Bancontact. Objedn\u00e1vajte prostredn\u00edctvom str\u00e1nky alebo n\u00e1s kontaktujte cez chat. M\u00f4\u017eete n\u00e1m tie\u017e kedyko\u013evek posla\u0165 spr\u00e1vu s ot\u00e1zkami a\/alebo pripomienkami. V pr\u00edpade objedn\u00e1vky v\u00e4\u010d\u0161ieho mno\u017estva po\u0161lite e-mail na adresu info@dutchchemlabs.com. Te\u0161\u00edme sa na va\u0161u objedn\u00e1vku!<\/p>\n<h2>Dod\u00e1vame aj ve\u013ek\u00e9 mno\u017estv\u00e1<\/h2>\n<p>Chcete si objedna\u0165 pelety 2-FEA vo v\u00e4\u010d\u0161om mno\u017estve? Potom n\u00e1s kontaktujte prostredn\u00edctvom chatu. dutchchemlabs.com pon\u00faka konkuren\u010dn\u00e9 ceny za v\u00e4\u010d\u0161ie mno\u017estv\u00e1. Potom n\u00e1s kontaktujte prostredn\u00edctvom chatu. dutchchemlabs.com pon\u00faka konkuren\u010dn\u00e9 ceny za v\u00e4\u010d\u0161ie mno\u017estv\u00e1. U\u017e ne\u010dakajte a kontaktujte n\u00e1s e\u0161te dnes.<\/p>\n<p>&nbsp;<\/p>","protected":false},"excerpt":{"rendered":"<ul>\n<li><strong>Diskr\u00e9tna a anonymn\u00e1 preprava<\/strong><\/li>\n<li><strong>Objednan\u00e9 do 18:00 = dodan\u00e9 zajtra!<\/strong><\/li>\n<li><strong>Doprava zdarma nad 50 \u20ac<\/strong><\/li>\n<\/ul>\n<div id=\"ConnectiveDocSignExtentionInstalled\" data-extension-version=\"1.0.4\"><\/div>","protected":false},"featured_media":8905,"comment_status":"open","ping_status":"closed","template":"","meta":[],"product_brand":[],"product_cat":[216,89,573],"product_tag":[],"class_list":{"0":"post-3388","1":"product","2":"type-product","3":"status-publish","4":"has-post-thumbnail","6":"product_cat-2fea","7":"product_cat-gefluoreerden","8":"product_cat-pellets","10":"first","11":"instock","12":"taxable","13":"shipping-taxable","14":"purchasable","15":"product-type-variable"},"jetpack_sharing_enabled":true,"_links":{"self":[{"href":"https:\/\/dutchchemlabs.com\/sk\/wp-json\/wp\/v2\/product\/3388","targetHints":{"allow":["GET"]}}],"collection":[{"href":"https:\/\/dutchchemlabs.com\/sk\/wp-json\/wp\/v2\/product"}],"about":[{"href":"https:\/\/dutchchemlabs.com\/sk\/wp-json\/wp\/v2\/types\/product"}],"replies":[{"embeddable":true,"href":"https:\/\/dutchchemlabs.com\/sk\/wp-json\/wp\/v2\/comments?post=3388"}],"version-history":[{"count":2,"href":"https:\/\/dutchchemlabs.com\/sk\/wp-json\/wp\/v2\/product\/3388\/revisions"}],"predecessor-version":[{"id":8906,"href":"https:\/\/dutchchemlabs.com\/sk\/wp-json\/wp\/v2\/product\/3388\/revisions\/8906"}],"wp:featuredmedia":[{"embeddable":true,"href":"https:\/\/dutchchemlabs.com\/sk\/wp-json\/wp\/v2\/media\/8905"}],"wp:attachment":[{"href":"https:\/\/dutchchemlabs.com\/sk\/wp-json\/wp\/v2\/media?parent=3388"}],"wp:term":[{"taxonomy":"product_brand","embeddable":true,"href":"https:\/\/dutchchemlabs.com\/sk\/wp-json\/wp\/v2\/product_brand?post=3388"},{"taxonomy":"product_cat","embeddable":true,"href":"https:\/\/dutchchemlabs.com\/sk\/wp-json\/wp\/v2\/product_cat?post=3388"},{"taxonomy":"product_tag","embeddable":true,"href":"https:\/\/dutchchemlabs.com\/sk\/wp-json\/wp\/v2\/product_tag?post=3388"}],"curies":[{"name":"wp","href":"https:\/\/api.w.org\/{rel}","templated":true}]}}