{"id":3671,"date":"2025-09-20T09:20:23","date_gmt":"2025-09-20T09:20:23","guid":{"rendered":"https:\/\/dutchchemlabs.com\/?post_type=product&#038;p=3671"},"modified":"2025-11-08T07:39:13","modified_gmt":"2025-11-08T07:39:13","slug":"poppers-white-rush-aroma-9ml","status":"publish","type":"product","link":"https:\/\/dutchchemlabs.com\/sk\/product\/poppers-white-rush-aroma-9ml\/","title":{"rendered":"Poppers White Rush Aroma 9ml"},"content":{"rendered":"<h1><strong>Poppers White Rush Aroma 9ml<\/strong><\/h1>\n<p>Za\u017eite vlnu vzru\u0161enia a nap\u00e4tia s v\u00f4\u0148ou Poppers White Rush 9ml, ktor\u00e1 je dostupn\u00e1 na dutchchemlabs.com! Tieto siln\u00e9 poppers s\u00fa \u0161peci\u00e1lne vyvinut\u00e9 tak, aby v\u00e1s prekvapili nev\u00eddan\u00fdm n\u00e1valom, ktor\u00fd v\u00e1s vynesie do nov\u00fdch v\u00fd\u0161in rozko\u0161e.<\/p>\n<p>V\u010faka svojmu jedine\u010dn\u00e9mu zlo\u017eeniu s izopropylnitritom pon\u00faka Poppers White Rush Aroma r\u00fdchly a intenz\u00edvny n\u00e1val, ktor\u00fd podnieti va\u0161e zmysly a zanech\u00e1 vo v\u00e1s expl\u00f3ziu rozko\u0161e. \u010ci u\u017e h\u013ead\u00e1te dodato\u010dn\u00fa vzpruhu po\u010das int\u00edmnych chv\u00ed\u013e alebo vzru\u0161uj\u00faci doplnok svojich ve\u010dierkov, tieto poppers pon\u00fakaj\u00fa nezabudnute\u013en\u00fd z\u00e1\u017eitok.<\/p>\n<p>V\u010faka praktickej 9ml f\u013ea\u0161ti\u010dke je v\u00f4\u0148a Poppers White Rush ide\u00e1lna na cesty. \u010ci u\u017e v\u00e1s \u010dak\u00e1 ve\u010der s priate\u013emi, ve\u010dierok, alebo len chcete doda\u0165 trochu pikantnosti svojim s\u00fakromn\u00fdm chv\u00ed\u013eam, tieto poppers s\u00fa va\u0161\u00edm dokonal\u00fdm spolo\u010dn\u00edkom.<\/p>\n<p>Vyberte si pote\u0161enie a vzru\u0161enie s Poppers White Rush Aroma 9ml od dutchchemlabs.com. Objednajte si e\u0161te dnes a objavte neobmedzen\u00e9 mo\u017enosti pote\u0161enia s t\u00fdmito senza\u010dn\u00fdmi poppers!<\/p>\n<h2>Objednan\u00e9 do 18:00 = dodan\u00e9 zajtra!<\/h2>\n<p><strong>Objednan\u00e9 do 18:00 = dodan\u00e9 zajtra! <\/strong>Va\u0161a objedn\u00e1vka bude odoslan\u00e1 anonymne a diskr\u00e9tne prostredn\u00edctvom n\u00e1\u0161ho st\u00e1leho partnera, spolo\u010dnosti PostNL. Okrem toho m\u00f4\u017eete \u013eahko a r\u00fdchlo zaplati\u0165 prostredn\u00edctvom iDEAL alebo Bancontact. Objedn\u00e1vajte prostredn\u00edctvom str\u00e1nky alebo n\u00e1s kontaktujte cez chat. Ak m\u00e1te ak\u00e9ko\u013evek ot\u00e1zky a\/alebo pripomienky, m\u00f4\u017eete n\u00e1m v\u017edy zavola\u0165, posla\u0165 e-mail alebo zatelefonova\u0165. V pr\u00edpade objedn\u00e1vky v\u00e4\u010d\u0161ieho mno\u017estva po\u0161lite e-mail na adresu info@dutchchemlabs.com. Te\u0161\u00edme sa na va\u0161u objedn\u00e1vku!<\/p>\n<p>Pon\u00fakame nieko\u013eko typov<a href=\"https:\/\/dutchchemlabs.com\/product-categorie\/poppers\/\">\u00a0Poppers<\/a>\u00a0na. Sme tie\u017e\u00a0<a href=\"https:\/\/dutchchemlabs.com\/product-categorie\/research-chemicals\/\">V\u00fdskumn\u00e9 chemik\u00e1lie<\/a>\u00a0\u0160pecialista.<\/p>\n<div id=\"ConnectiveDocSignExtentionInstalled\" data-extension-version=\"1.0.4\"><\/div>","protected":false},"excerpt":{"rendered":"<ul>\n<li><strong>Diskr\u00e9tna a anonymn\u00e1 preprava<\/strong><\/li>\n<li><strong>Objednan\u00e9 do 18:00 = dodan\u00e9 zajtra!<\/strong><\/li>\n<li><strong>Doprava zdarma nad 50 \u20ac<\/strong><\/li>\n<\/ul>\n<div id=\"ConnectiveDocSignExtentionInstalled\" data-extension-version=\"1.0.4\"><\/div>","protected":false},"featured_media":3732,"comment_status":"open","ping_status":"closed","template":"","meta":[],"product_brand":[],"product_cat":[206,209],"product_tag":[],"class_list":{"0":"post-3671","1":"product","2":"type-product","3":"status-publish","4":"has-post-thumbnail","6":"product_cat-poppers","7":"product_cat-poppers-small","9":"first","10":"instock","11":"taxable","12":"shipping-taxable","13":"purchasable","14":"product-type-simple"},"jetpack_sharing_enabled":true,"_links":{"self":[{"href":"https:\/\/dutchchemlabs.com\/sk\/wp-json\/wp\/v2\/product\/3671","targetHints":{"allow":["GET"]}}],"collection":[{"href":"https:\/\/dutchchemlabs.com\/sk\/wp-json\/wp\/v2\/product"}],"about":[{"href":"https:\/\/dutchchemlabs.com\/sk\/wp-json\/wp\/v2\/types\/product"}],"replies":[{"embeddable":true,"href":"https:\/\/dutchchemlabs.com\/sk\/wp-json\/wp\/v2\/comments?post=3671"}],"version-history":[{"count":1,"href":"https:\/\/dutchchemlabs.com\/sk\/wp-json\/wp\/v2\/product\/3671\/revisions"}],"predecessor-version":[{"id":3733,"href":"https:\/\/dutchchemlabs.com\/sk\/wp-json\/wp\/v2\/product\/3671\/revisions\/3733"}],"wp:featuredmedia":[{"embeddable":true,"href":"https:\/\/dutchchemlabs.com\/sk\/wp-json\/wp\/v2\/media\/3732"}],"wp:attachment":[{"href":"https:\/\/dutchchemlabs.com\/sk\/wp-json\/wp\/v2\/media?parent=3671"}],"wp:term":[{"taxonomy":"product_brand","embeddable":true,"href":"https:\/\/dutchchemlabs.com\/sk\/wp-json\/wp\/v2\/product_brand?post=3671"},{"taxonomy":"product_cat","embeddable":true,"href":"https:\/\/dutchchemlabs.com\/sk\/wp-json\/wp\/v2\/product_cat?post=3671"},{"taxonomy":"product_tag","embeddable":true,"href":"https:\/\/dutchchemlabs.com\/sk\/wp-json\/wp\/v2\/product_tag?post=3671"}],"curies":[{"name":"wp","href":"https:\/\/api.w.org\/{rel}","templated":true}]}}