{"id":3673,"date":"2025-09-20T09:20:23","date_gmt":"2025-09-20T09:20:23","guid":{"rendered":"https:\/\/dutchchemlabs.com\/?post_type=product&#038;p=3673"},"modified":"2025-11-08T07:39:13","modified_gmt":"2025-11-08T07:39:13","slug":"poppers-rush-ultra-strong-10ml","status":"publish","type":"product","link":"https:\/\/dutchchemlabs.com\/sk\/product\/poppers-rush-ultra-strong-10ml\/","title":{"rendered":"Poppers Rush Ultra Strong 10ml"},"content":{"rendered":"<h1><strong>Poppers Rush Ultra Strong 10ml<\/strong><\/h1>\n<p>Ervaar de ultieme sensatie van kracht en opwinding met Poppers Rush Ultra Strong 10ml, verkrijgbaar bij dutchchemlabs.com! Deze krachtige poppers zijn ontworpen om je te verrassen met een onge\u00ebvenaarde rush die je naar nieuwe hoogten van genot zal brengen.<\/p>\n<p>Met zijn unieke formule van isopropyl nitriet levert Poppers Rush Ultra Strong een snelle en intense rush die je zintuigen zal prikkelen en je zal laten genieten van een explosie van opwinding. Of je nu op zoek bent naar een extra stimulans tijdens intieme momenten of naar een spannende toevoeging aan je feestjes, deze poppers bieden een onvergetelijke ervaring.<\/p>\n<p>Dankzij de handige fles van 10ml is Poppers Rush Ultra Strong perfect voor onderweg. Of je nu een avondje uitgaat met vrienden, een feestje hebt of gewoon wat extra pit wilt toevoegen aan je priv\u00e9momenten, deze poppers zijn jouw ultieme metgezel.<\/p>\n<p>Kies voor ultieme kracht en opwinding met Poppers Rush Ultra Strong 10ml van dutchchemlabs.com. Bestel vandaag nog en ontdek de grenzeloze mogelijkheden van genot met deze sensationele poppers!<\/p>\n<h2>Objednan\u00e9 do 18:00 = dodan\u00e9 zajtra!<\/h2>\n<p><strong>Objednan\u00e9 do 18:00 = dodan\u00e9 zajtra! <\/strong>Va\u0161a objedn\u00e1vka bude odoslan\u00e1 anonymne a diskr\u00e9tne prostredn\u00edctvom n\u00e1\u0161ho st\u00e1leho partnera, spolo\u010dnosti PostNL. Okrem toho m\u00f4\u017eete \u013eahko a r\u00fdchlo zaplati\u0165 prostredn\u00edctvom iDEAL alebo Bancontact. Objedn\u00e1vajte prostredn\u00edctvom str\u00e1nky alebo n\u00e1s kontaktujte cez chat. Ak m\u00e1te ak\u00e9ko\u013evek ot\u00e1zky a\/alebo pripomienky, m\u00f4\u017eete n\u00e1m v\u017edy zavola\u0165, posla\u0165 e-mail alebo zatelefonova\u0165. V pr\u00edpade objedn\u00e1vky v\u00e4\u010d\u0161ieho mno\u017estva po\u0161lite e-mail na adresu info@dutchchemlabs.com. Te\u0161\u00edme sa na va\u0161u objedn\u00e1vku!<\/p>\n<p>Pon\u00fakame nieko\u013eko typov<a href=\"https:\/\/dutchchemlabs.com\/product-categorie\/poppers\/\">\u00a0Poppers<\/a>\u00a0na. Sme tie\u017e\u00a0<a href=\"https:\/\/dutchchemlabs.com\/product-categorie\/research-chemicals\/\">V\u00fdskumn\u00e9 chemik\u00e1lie<\/a>\u00a0\u0160pecialista.<\/p>\n<div id=\"ConnectiveDocSignExtentionInstalled\" data-extension-version=\"1.0.4\"><\/div>","protected":false},"excerpt":{"rendered":"<ul>\n<li><strong>Diskr\u00e9tna a anonymn\u00e1 preprava<\/strong><\/li>\n<li><strong>Objednan\u00e9 do 18:00 = dodan\u00e9 zajtra!<\/strong><\/li>\n<li><strong>Doprava zdarma nad 50 \u20ac<\/strong><\/li>\n<\/ul>\n<div id=\"ConnectiveDocSignExtentionInstalled\" data-extension-version=\"1.0.4\"><\/div>","protected":false},"featured_media":3736,"comment_status":"open","ping_status":"closed","template":"","meta":[],"product_brand":[],"product_cat":[206,209],"product_tag":[],"class_list":{"0":"post-3673","1":"product","2":"type-product","3":"status-publish","4":"has-post-thumbnail","6":"product_cat-poppers","7":"product_cat-poppers-small","9":"first","10":"instock","11":"taxable","12":"shipping-taxable","13":"purchasable","14":"product-type-simple"},"jetpack_sharing_enabled":true,"_links":{"self":[{"href":"https:\/\/dutchchemlabs.com\/sk\/wp-json\/wp\/v2\/product\/3673","targetHints":{"allow":["GET"]}}],"collection":[{"href":"https:\/\/dutchchemlabs.com\/sk\/wp-json\/wp\/v2\/product"}],"about":[{"href":"https:\/\/dutchchemlabs.com\/sk\/wp-json\/wp\/v2\/types\/product"}],"replies":[{"embeddable":true,"href":"https:\/\/dutchchemlabs.com\/sk\/wp-json\/wp\/v2\/comments?post=3673"}],"version-history":[{"count":1,"href":"https:\/\/dutchchemlabs.com\/sk\/wp-json\/wp\/v2\/product\/3673\/revisions"}],"predecessor-version":[{"id":3737,"href":"https:\/\/dutchchemlabs.com\/sk\/wp-json\/wp\/v2\/product\/3673\/revisions\/3737"}],"wp:featuredmedia":[{"embeddable":true,"href":"https:\/\/dutchchemlabs.com\/sk\/wp-json\/wp\/v2\/media\/3736"}],"wp:attachment":[{"href":"https:\/\/dutchchemlabs.com\/sk\/wp-json\/wp\/v2\/media?parent=3673"}],"wp:term":[{"taxonomy":"product_brand","embeddable":true,"href":"https:\/\/dutchchemlabs.com\/sk\/wp-json\/wp\/v2\/product_brand?post=3673"},{"taxonomy":"product_cat","embeddable":true,"href":"https:\/\/dutchchemlabs.com\/sk\/wp-json\/wp\/v2\/product_cat?post=3673"},{"taxonomy":"product_tag","embeddable":true,"href":"https:\/\/dutchchemlabs.com\/sk\/wp-json\/wp\/v2\/product_tag?post=3673"}],"curies":[{"name":"wp","href":"https:\/\/api.w.org\/{rel}","templated":true}]}}