{"id":3756,"date":"2025-09-20T09:20:38","date_gmt":"2025-09-20T09:20:38","guid":{"rendered":"https:\/\/dutchchemlabs.com\/?post_type=product&#038;p=3756"},"modified":"2025-11-08T07:39:11","modified_gmt":"2025-11-08T07:39:11","slug":"poppers-jungle-juice-gold-retro-25ml","status":"publish","type":"product","link":"https:\/\/dutchchemlabs.com\/sk\/product\/poppers-jungle-juice-gold-retro-25ml\/","title":{"rendered":"Poppers Jungle Juice Gold Retro 25ml"},"content":{"rendered":"<h1><strong>Poppers Jungle Juice Gold Retro 25ml<\/strong><\/h1>\n<p>Beleef een retro-revival van plezier en opwinding met de Poppers Jungle Juice Gold Retro 25ml, verkrijgbaar bij dutchchemlabs.com! Deze klassieke poppers nemen je mee terug naar de gouden dagen van genot, met een krachtige formule die je naar ongekende hoogten van plezier zal brengen.<\/p>\n<p>Met zijn unieke blend van isopropyl nitriet, biedt de Poppers Jungle Juice Gold Retro een snelle en intense rush die je zintuigen zal prikkelen en je naar nieuwe hoogten van genot zal tillen. Of je nu op zoek bent naar een extra stimulans tijdens intieme momenten of naar een spannende toevoeging aan je feestjes, deze poppers bieden een onvergetelijke ervaring.<\/p>\n<p>De retro-verpakking van 25ml zorgt ervoor dat je altijd genoeg poppers bij de hand hebt voor al je avonturen. Of je nu een avondje uitgaat met vrienden, een feestje hebt of gewoon wat extra plezier wilt toevoegen aan je priv\u00e9momenten, de Poppers Jungle Juice Gold Retro is jouw ultieme metgezel.<\/p>\n<p>Ga terug in de tijd en beleef een gouden era van genot met de Poppers Jungle Juice Gold Retro 25ml van dutchchemlabs.com. Bestel vandaag nog en ontdek de grenzeloze mogelijkheden van plezier en opwinding met deze sensationele poppers!<\/p>\n<h2>K\u00fapi\u0165 poppers od dutchchemlabs.com?<\/h2>\n<p>St\u00e1le sa venujeme roz\u0161irovaniu n\u00e1\u0161ho sortimentu. M\u00e1te nejak\u00e9 n\u00e1vrhy, ktor\u00e9 poppery alebo in\u00e9 v\u00fdrobky by sme mohli pon\u00faknu\u0165? <a href=\"https:\/\/dutchchemlabs.com\/contact\">Kontaktujte n\u00e1s<\/a> a dajte n\u00e1m vedie\u0165!<\/p>\n<h2>Objednan\u00e9 do 18:00 = dodan\u00e9 zajtra!<\/h2>\n<p><strong>Objednan\u00e9 do 18:00 = dodan\u00e9 zajtra! <\/strong>Va\u0161a objedn\u00e1vka bude odoslan\u00e1 anonymne a diskr\u00e9tne prostredn\u00edctvom n\u00e1\u0161ho st\u00e1leho partnera, spolo\u010dnosti PostNL. Okrem toho m\u00f4\u017eete \u013eahko a r\u00fdchlo zaplati\u0165 prostredn\u00edctvom iDEAL alebo Bancontact. V pr\u00edpade objedn\u00e1vky v\u00e4\u010d\u0161ieho mno\u017estva po\u0161lite e-mail na adresu info@dutchchemlabs.com. Te\u0161\u00edme sa na va\u0161u objedn\u00e1vku!<\/p>\n<p>dutchchemlabs.com pred\u00e1va <a href=\"https:\/\/dutchchemlabs.com\/product-categorie\/research-chemicals\/\">V\u00fdskumn\u00e9 chemik\u00e1lie<\/a> a \u010fal\u0161ie.<\/p>\n<div id=\"ConnectiveDocSignExtentionInstalled\" data-extension-version=\"1.0.4\"><\/div>","protected":false},"excerpt":{"rendered":"<ul>\n<li><strong>Diskr\u00e9tna a anonymn\u00e1 preprava<\/strong><\/li>\n<li><strong>Objednan\u00e9 do 18:00 = dodan\u00e9 zajtra!<\/strong><\/li>\n<li><strong>Doprava zdarma nad 50 \u20ac<\/strong><\/li>\n<\/ul>\n<div id=\"ConnectiveDocSignExtentionInstalled\" data-extension-version=\"1.0.4\"><\/div>","protected":false},"featured_media":3791,"comment_status":"open","ping_status":"closed","template":"","meta":[],"product_brand":[],"product_cat":[206,207],"product_tag":[],"class_list":{"0":"post-3756","1":"product","2":"type-product","3":"status-publish","4":"has-post-thumbnail","6":"product_cat-poppers","7":"product_cat-poppers-large","9":"first","10":"instock","11":"taxable","12":"shipping-taxable","13":"purchasable","14":"product-type-simple"},"jetpack_sharing_enabled":true,"_links":{"self":[{"href":"https:\/\/dutchchemlabs.com\/sk\/wp-json\/wp\/v2\/product\/3756","targetHints":{"allow":["GET"]}}],"collection":[{"href":"https:\/\/dutchchemlabs.com\/sk\/wp-json\/wp\/v2\/product"}],"about":[{"href":"https:\/\/dutchchemlabs.com\/sk\/wp-json\/wp\/v2\/types\/product"}],"replies":[{"embeddable":true,"href":"https:\/\/dutchchemlabs.com\/sk\/wp-json\/wp\/v2\/comments?post=3756"}],"version-history":[{"count":1,"href":"https:\/\/dutchchemlabs.com\/sk\/wp-json\/wp\/v2\/product\/3756\/revisions"}],"predecessor-version":[{"id":3792,"href":"https:\/\/dutchchemlabs.com\/sk\/wp-json\/wp\/v2\/product\/3756\/revisions\/3792"}],"wp:featuredmedia":[{"embeddable":true,"href":"https:\/\/dutchchemlabs.com\/sk\/wp-json\/wp\/v2\/media\/3791"}],"wp:attachment":[{"href":"https:\/\/dutchchemlabs.com\/sk\/wp-json\/wp\/v2\/media?parent=3756"}],"wp:term":[{"taxonomy":"product_brand","embeddable":true,"href":"https:\/\/dutchchemlabs.com\/sk\/wp-json\/wp\/v2\/product_brand?post=3756"},{"taxonomy":"product_cat","embeddable":true,"href":"https:\/\/dutchchemlabs.com\/sk\/wp-json\/wp\/v2\/product_cat?post=3756"},{"taxonomy":"product_tag","embeddable":true,"href":"https:\/\/dutchchemlabs.com\/sk\/wp-json\/wp\/v2\/product_tag?post=3756"}],"curies":[{"name":"wp","href":"https:\/\/api.w.org\/{rel}","templated":true}]}}