{"id":5872,"date":"2025-09-20T11:31:49","date_gmt":"2025-09-20T11:31:49","guid":{"rendered":"https:\/\/dutchchemlabs.com\/?post_type=product&#038;p=5872"},"modified":"2025-11-08T07:39:09","modified_gmt":"2025-11-08T07:39:09","slug":"3-fpm-poeder","status":"publish","type":"product","link":"https:\/\/dutchchemlabs.com\/sk\/product\/3-fpm-poeder\/","title":{"rendered":"Pr\u00e1\u0161ok 3-FPM"},"content":{"rendered":"<h1>3-FPM poeder kopen<\/h1>\n<p>3FPM Poeder is een onderzoekschemische stof en niet bedoeld voor menselijke consumptie. Je kunt 3FPM Poeder kopen bij dutchchemlabs.com. Als je v\u00f3\u00f3r 18:00 uur bestelt, wordt het de volgende dag al geleverd! Bij ons kun je veilig en gemakkelijk betalen met iDEAL, CreditCard, bankoverschrijving en crypto, zoals je gewend bent. 3FPM Poeder bestellen doe je bij dutchchemlabs.com. Wij bieden ook <a href=\"https:\/\/dutchchemlabs.com\/product-categorie\/research-chemicals\/cathinonen\/2mmc-kopen\/\">2MMC<\/a>, <a href=\"https:\/\/dutchchemlabs.com\/product-categorie\/research-chemicals\/cathinonen\/pentedrone-nep\/\">Pentedrone (NEP)<\/a>,\u00a0<a href=\"https:\/\/dutchchemlabs.com\/product-categorie\/research-chemicals\/cathinonen\/3fmc\/\">3FMC<\/a> a in\u00e9 v\u00fdskumn\u00e9 chemik\u00e1lie na.<\/p>\n<h2>Wat is 3FPM?<\/h2>\n<p>3FPM, of 3-Fluorophenmetrazine, is een stimulerende stof die behoort tot de klasse van fenethylamines. Deze verbinding staat bekend om haar opwekkende effecten, zoals verhoogde energie, verbeterde concentratie en een toename van de alertheid. Ons 3FPM poeder is van de hoogste kwaliteit en zorgvuldig geproduceerd om je een veilige en stimulerende ervaring te bieden. Wil je je energie en concentratie verhogen? Ontdek dan nu ons hoogwaardige 3FPM poeder, exclusief verkrijgbaar bij dutchchemlabs.com! Dit poeder is ideaal voor liefhebbers van stimulatie en verbeterde mentale alertheid.<\/p>\n<h2>3FPM effecten<\/h2>\n<p>3-FPM staat bekend als een subtiele stimulant, minder intens dan amfetamine of coca\u00efne, en wordt vaak gebruikt voor studie en productiviteit. Het bevordert fysieke activiteiten en veroorzaakt milde tot matige stimulatie, abnormale hartslag, verhoogde hartslag, onderdrukte eetlust, verhoogde transpiratie, uitdroging, en pupilverwijdering. Cognitieve effecten omvatten verbeterde focus, analyse en motivatie, evenals lichte euforie en gedachteversnelling. Na-effecten kunnen angst, cognitieve vermoeidheid, depressie en prikkelbaarheid omvatten. Visuele effecten zijn meestal mild en treden voornamelijk op bij hogere doseringen en slaaptekort. Over het algemeen biedt 3-FPM functionele voordelen met minder intense euforie en comedowns in vergelijking met sterkere stimulanten.<\/p>\n<h2>Objednan\u00e9 do 18:00 = dodan\u00e9 zajtra!<\/h2>\n<p><strong>Objednan\u00e9 do 18:00 = dodan\u00e9 zajtra! <\/strong>Va\u0161a objedn\u00e1vka bude odoslan\u00e1 anonymne a diskr\u00e9tne prostredn\u00edctvom n\u00e1\u0161ho st\u00e1leho partnera, spolo\u010dnosti PostNL. Okrem toho m\u00f4\u017eete \u013eahko a r\u00fdchlo zaplati\u0165 prostredn\u00edctvom iDEAL alebo Bancontact. Objedn\u00e1vajte prostredn\u00edctvom str\u00e1nky alebo n\u00e1s kontaktujte cez chat. M\u00f4\u017eete n\u00e1m tie\u017e kedyko\u013evek posla\u0165 spr\u00e1vu s ot\u00e1zkami a\/alebo pripomienkami. V pr\u00edpade objedn\u00e1vky v\u00e4\u010d\u0161ieho mno\u017estva po\u0161lite e-mail na adresu info@dutchchemlabs.com. Te\u0161\u00edme sa na va\u0161u objedn\u00e1vku!<\/p>\n<h2>Dod\u00e1vame aj ve\u013ek\u00e9 mno\u017estv\u00e1<\/h2>\n<p>Wil je graag 3-FPM Poeder bestellen in grotere hoeveelheden? Neem dan via de chat contact met ons op. dutchchemlabs.com bied scherpe tarieven voor grotere hoeveelheden. Neem dan via de chat contact met ons op. dutchchemlabs.com bied scherpe tarieven voor grotere hoeveelheden. Wacht niet langer en neem vandaag nog contact op.<\/p>\n<div id=\"ConnectiveDocSignExtentionInstalled\" data-extension-version=\"1.0.4\"><\/div>","protected":false},"excerpt":{"rendered":"<ul>\n<li><strong>Diskr\u00e9tna a anonymn\u00e1 preprava<\/strong><\/li>\n<li><strong>Objednan\u00e9 do 18:00 = dodan\u00e9 zajtra!<\/strong><\/li>\n<li><strong>Doprava zdarma nad 50 \u20ac<\/strong><\/li>\n<\/ul>\n<div id=\"ConnectiveDocSignExtentionInstalled\" data-extension-version=\"1.0.4\"><\/div>","protected":false},"featured_media":8866,"comment_status":"open","ping_status":"closed","template":"","meta":[],"product_brand":[],"product_cat":[325,89],"product_tag":[],"class_list":{"0":"post-5872","1":"product","2":"type-product","3":"status-publish","4":"has-post-thumbnail","6":"product_cat-3fpm","7":"product_cat-gefluoreerden","9":"first","10":"instock","11":"taxable","12":"shipping-taxable","13":"purchasable","14":"product-type-variable"},"jetpack_sharing_enabled":true,"_links":{"self":[{"href":"https:\/\/dutchchemlabs.com\/sk\/wp-json\/wp\/v2\/product\/5872","targetHints":{"allow":["GET"]}}],"collection":[{"href":"https:\/\/dutchchemlabs.com\/sk\/wp-json\/wp\/v2\/product"}],"about":[{"href":"https:\/\/dutchchemlabs.com\/sk\/wp-json\/wp\/v2\/types\/product"}],"replies":[{"embeddable":true,"href":"https:\/\/dutchchemlabs.com\/sk\/wp-json\/wp\/v2\/comments?post=5872"}],"version-history":[{"count":2,"href":"https:\/\/dutchchemlabs.com\/sk\/wp-json\/wp\/v2\/product\/5872\/revisions"}],"predecessor-version":[{"id":8867,"href":"https:\/\/dutchchemlabs.com\/sk\/wp-json\/wp\/v2\/product\/5872\/revisions\/8867"}],"wp:featuredmedia":[{"embeddable":true,"href":"https:\/\/dutchchemlabs.com\/sk\/wp-json\/wp\/v2\/media\/8866"}],"wp:attachment":[{"href":"https:\/\/dutchchemlabs.com\/sk\/wp-json\/wp\/v2\/media?parent=5872"}],"wp:term":[{"taxonomy":"product_brand","embeddable":true,"href":"https:\/\/dutchchemlabs.com\/sk\/wp-json\/wp\/v2\/product_brand?post=5872"},{"taxonomy":"product_cat","embeddable":true,"href":"https:\/\/dutchchemlabs.com\/sk\/wp-json\/wp\/v2\/product_cat?post=5872"},{"taxonomy":"product_tag","embeddable":true,"href":"https:\/\/dutchchemlabs.com\/sk\/wp-json\/wp\/v2\/product_tag?post=5872"}],"curies":[{"name":"wp","href":"https:\/\/api.w.org\/{rel}","templated":true}]}}