{"id":5964,"date":"2025-09-20T11:32:04","date_gmt":"2025-09-20T11:32:04","guid":{"rendered":"https:\/\/dutchchemlabs.com\/?post_type=product&#038;p=5964"},"modified":"2025-11-08T07:39:09","modified_gmt":"2025-11-08T07:39:09","slug":"flunitrazolam-pellets","status":"publish","type":"product","link":"https:\/\/dutchchemlabs.com\/sk\/product\/flunitrazolam-pellets\/","title":{"rendered":"Flunitrazolam pelety"},"content":{"rendered":"<h1>Flunitrazolam pellets kopen<\/h1>\n<p>Flunitrazolam is een onderzoekschemische stof en niet bedoeld voor menselijke consumptie. Je kunt Flunitrazolam kopen bij dutchchemlabs.com. Als je v\u00f3\u00f3r 18:00 uur bestelt, wordt het de volgende dag al geleverd! Bij ons kun je veilig en gemakkelijk betalen met iDEAL, CreditCard, bankoverschrijving en crypto, zoals je gewend bent. Flunitrazolam bestellen doe je bij dutchchemlabs.com. Wij bieden ook <a href=\"https:\/\/dutchchemlabs.com\/product-categorie\/research-chemicals\/cathinonen\/2mmc-kopen\/\">2MMC<\/a>, <a href=\"https:\/\/dutchchemlabs.com\/product-categorie\/research-chemicals\/cathinonen\/pentedrone-nep\/\">Pentedrone (NEP)<\/a>,\u00a0<a href=\"https:\/\/dutchchemlabs.com\/product-categorie\/research-chemicals\/cathinonen\/3fmc\/\">3FMC<\/a> a in\u00e9 v\u00fdskumn\u00e9 chemik\u00e1lie na.<\/p>\n<h2>Flunitrazolam effecten<\/h2>\n<p>Flunitrazolam is een benzodiazepine met opvallende sedatieve en spierontspannende effecten, maar met beperkte angstvermindering en geen significante sedatie. Het vertoont dosisafhankelijke effecten, met lagere doses die milde effecten veroorzaken en hogere hoeveelheden die leiden tot geheugenverlies en zeer sterke sedatie. Fysieke effecten omvatten sedatie, verlies van motorische controle, ademhalingsdepressie, duizeligheid, en spierontspanning, met het zeldzame risico op toevallen bij zeer hoge hoeveelheden.<\/p>\n<p>Cognitieve effecten worden gekenmerkt door intense sedatie, geheugenverlies, vertraagde gedachten, onderdrukking van analyse, disinhibitie en het potentieel voor onterecht vertrouwen in nuchterheid, vooral bij zware doses. Slaperigheid en een groggy gevoel de ochtend na gebruik zijn veelvoorkomende nawerkingen.<\/p>\n<p>Het gebruik van flunitrazolam bij het uitvoeren van jouw onderzoek moet daarom met uiterste voorzichtigheid gebeuren vanwege het risico op geheugenverlies, afhankelijkheid en de onvoorspelbare aard van de effecten. Het kan leiden tot verslaving en heeft het potentieel voor ernstige bijwerkingen bij onjuist gebruik.<\/p>\n<p><span style=\"font-size: 23.04px; color: #333333;\">Objednan\u00e9 do 18:00 = dodan\u00e9 zajtra!<\/span><\/p>\n<p><strong>Objednan\u00e9 do 18:00 = dodan\u00e9 zajtra! <\/strong>Va\u0161a objedn\u00e1vka bude odoslan\u00e1 anonymne a diskr\u00e9tne. Okrem toho m\u00f4\u017eete \u013eahko a r\u00fdchlo zaplati\u0165 prostredn\u00edctvom iDEAL alebo Bancontact. Objedn\u00e1vajte prostredn\u00edctvom str\u00e1nky alebo n\u00e1s kontaktujte cez chat. Ak m\u00e1te ak\u00e9ko\u013evek ot\u00e1zky a\/alebo pripomienky, m\u00f4\u017eete n\u00e1m v\u017edy zavola\u0165, posla\u0165 e-mail alebo zatelefonova\u0165. V pr\u00edpade objedn\u00e1vky v\u00e4\u010d\u0161ieho mno\u017estva po\u0161lite e-mail na adresu info@dutchchemlabs.com. Te\u0161\u00edme sa na va\u0161u objedn\u00e1vku!<\/p>\n<h2>Dod\u00e1vame aj ve\u013ek\u00e9 mno\u017estv\u00e1<\/h2>\n<p>Wil je graag Flunitrazolam pellets bestellen in grotere hoeveelheden? Neem dan via de chat contact met ons op. dutchchemlabs.com bied scherpe tarieven voor grotere hoeveelheden. Wacht niet langer en neem vandaag nog contact op.<\/p>\n<div id=\"ConnectiveDocSignExtentionInstalled\" data-extension-version=\"1.0.4\"><\/div>","protected":false},"excerpt":{"rendered":"<ul>\n<li><strong>Diskr\u00e9tna a anonymn\u00e1 preprava<\/strong><\/li>\n<li><strong>Objednan\u00e9 do 18:00 = dodan\u00e9 zajtra!<\/strong><\/li>\n<li><strong>Doprava zdarma nad 50 \u20ac<\/strong><\/li>\n<\/ul>\n<div id=\"ConnectiveDocSignExtentionInstalled\" data-extension-version=\"1.0.4\"><\/div>","protected":false},"featured_media":8700,"comment_status":"open","ping_status":"closed","template":"","meta":[],"product_brand":[],"product_cat":[323,329,573],"product_tag":[],"class_list":{"0":"post-5964","1":"product","2":"type-product","3":"status-publish","4":"has-post-thumbnail","6":"product_cat-benzodiazepinen","7":"product_cat-flunitrazolam","8":"product_cat-pellets","10":"first","11":"instock","12":"taxable","13":"shipping-taxable","14":"purchasable","15":"product-type-variable"},"jetpack_sharing_enabled":true,"_links":{"self":[{"href":"https:\/\/dutchchemlabs.com\/sk\/wp-json\/wp\/v2\/product\/5964","targetHints":{"allow":["GET"]}}],"collection":[{"href":"https:\/\/dutchchemlabs.com\/sk\/wp-json\/wp\/v2\/product"}],"about":[{"href":"https:\/\/dutchchemlabs.com\/sk\/wp-json\/wp\/v2\/types\/product"}],"replies":[{"embeddable":true,"href":"https:\/\/dutchchemlabs.com\/sk\/wp-json\/wp\/v2\/comments?post=5964"}],"version-history":[{"count":2,"href":"https:\/\/dutchchemlabs.com\/sk\/wp-json\/wp\/v2\/product\/5964\/revisions"}],"predecessor-version":[{"id":8701,"href":"https:\/\/dutchchemlabs.com\/sk\/wp-json\/wp\/v2\/product\/5964\/revisions\/8701"}],"wp:featuredmedia":[{"embeddable":true,"href":"https:\/\/dutchchemlabs.com\/sk\/wp-json\/wp\/v2\/media\/8700"}],"wp:attachment":[{"href":"https:\/\/dutchchemlabs.com\/sk\/wp-json\/wp\/v2\/media?parent=5964"}],"wp:term":[{"taxonomy":"product_brand","embeddable":true,"href":"https:\/\/dutchchemlabs.com\/sk\/wp-json\/wp\/v2\/product_brand?post=5964"},{"taxonomy":"product_cat","embeddable":true,"href":"https:\/\/dutchchemlabs.com\/sk\/wp-json\/wp\/v2\/product_cat?post=5964"},{"taxonomy":"product_tag","embeddable":true,"href":"https:\/\/dutchchemlabs.com\/sk\/wp-json\/wp\/v2\/product_tag?post=5964"}],"curies":[{"name":"wp","href":"https:\/\/api.w.org\/{rel}","templated":true}]}}