{"id":6898,"date":"2025-09-20T19:26:08","date_gmt":"2025-09-20T19:26:08","guid":{"rendered":"https:\/\/dutchchemlabs.com\/?post_type=product&#038;p=6898"},"modified":"2025-11-08T07:39:07","modified_gmt":"2025-11-08T07:39:07","slug":"highrise-city-30ml-poppers","status":"publish","type":"product","link":"https:\/\/dutchchemlabs.com\/sk\/product\/highrise-city-30ml-poppers\/","title":{"rendered":"Highrise City 30ml poppers"},"content":{"rendered":"<h2>Lockerroom Poppers Highrise City bestellen<\/h2>\n<p>Bent u op zoek naar een intense en sensationele ervaring? Dan is Lockerroom Poppers Highrise City 30ml het product dat u zoekt! Deze hoogwaardige poppers zijn speciaal ontwikkeld om u te helpen ontspannen en uw grenzen te verleggen, en zijn verkrijgbaar om te kopen of te bestellen bij dutchchemlabs.com.<\/p>\n<p>Lockerroom Poppers Highrise City 30ml is gemaakt van hoogwaardige ingredi\u00ebnten en biedt een snelle en effectieve rush. Deze krachtige formule is perfect voor mensen die op zoek zijn naar een intens gevoel van warmte en opwinding. Of u nu wilt ontspannen na een lange dag of gewoon een spannende ervaring wilt beleven, deze poppers zijn de ideale keuze.<\/p>\n<p>Bij dutchchemlabs.com kunt u eenvoudig en veilig poppers kopen of bestellen. Wij bieden een snelle en discrete verzending, zodat u snel kunt genieten van uw Lockerroom Poppers Highrise City 30ml. Wacht niet langer en ervaar zelf waarom deze poppers zo populair zijn bij onze klanten. Bestel nu en beleef een onvergetelijke ervaring!<\/p>\n<h2>Lockerroom Poppers Highrise City review<\/h2>\n<p>Lockerroom Poppers Highrise City is een opwindende toevoeging aan het assortiment poppers van Lockerroom. Met deze poppers kun je jezelf onderdompelen in de opwinding van de stad en genieten van een intense ervaring. Highrise City is speciaal ontworpen om je zintuigen te stimuleren en je naar nieuwe hoogten te brengen. De krachtige formule van deze poppers zorgt voor een snelle en langdurige werking, waardoor je kunt genieten van een langere en intensere roes. Of je nu op zoek bent naar een boost tijdens je feestavonden of een extra tintje wilt geven aan je intieme momenten, Lockerroom Poppers Highrise City biedt een betrouwbare en bevredigende ervaring. Vergeet niet om de aanwijzingen op te volgen en deze poppers alleen te gebruiken zoals voorgeschreven. Ontdek de opwindende wereld van Lockerroom Poppers Highrise City en laat je meeslepen door de sensaties van de stad.<\/p>\n<h2>K\u00fapi\u0165 poppers na dutchchemlabs.com<\/h2>\n<p>Na str\u00e1nke dutchchemlabs.com si m\u00f4\u017eete ned\u00e1vno objedna\u0165 poppery. St\u00e1le sa venujeme roz\u0161irovaniu n\u00e1\u0161ho sortimentu. M\u00e1te nejak\u00e9 n\u00e1vrhy, ktor\u00e9 poppery alebo in\u00e9 v\u00fdrobky by sme mohli pon\u00faknu\u0165? <a href=\"https:\/\/dutchchemlabs.com\/contact\">Kontaktujte n\u00e1s<\/a> op en laat het ons weten! Naast de Lockerroom Poppers Highrise City 30ml poppers bieden wij <a href=\"https:\/\/dutchchemlabs.com\/product-categorie\/poppers\/\">viacero typov popperov na<\/a>.<\/p>\n<h2>Objednan\u00e9 do 18:00 = dodan\u00e9 zajtra!<\/h2>\n<p><strong>Objednan\u00e9 do 18:00 = dodan\u00e9 zajtra! <\/strong>Va\u0161a objedn\u00e1vka bude odoslan\u00e1 anonymne a diskr\u00e9tne prostredn\u00edctvom n\u00e1\u0161ho st\u00e1leho partnera, spolo\u010dnosti PostNL. Okrem toho m\u00f4\u017eete \u013eahko a r\u00fdchlo zaplati\u0165 prostredn\u00edctvom iDEAL alebo Bancontact. Objedn\u00e1vajte prostredn\u00edctvom str\u00e1nky alebo n\u00e1s kontaktujte cez chat. Ak m\u00e1te ak\u00e9ko\u013evek ot\u00e1zky a\/alebo pripomienky, m\u00f4\u017eete n\u00e1m v\u017edy zavola\u0165, posla\u0165 e-mail alebo zatelefonova\u0165. V pr\u00edpade objedn\u00e1vky v\u00e4\u010d\u0161ieho mno\u017estva po\u0161lite e-mail na adresu info@dutchchemlabs.com. Te\u0161\u00edme sa na va\u0161u objedn\u00e1vku!<\/p>\n<p>Pon\u00fakame nieko\u013eko typov <a href=\"https:\/\/dutchchemlabs.com\/product-categorie\/poppers\/\">Poppers<\/a>\u00a0na. Sme tie\u017e\u00a0<a href=\"https:\/\/dutchchemlabs.com\/product-categorie\/research-chemicals\/\">V\u00fdskumn\u00e9 chemik\u00e1lie<\/a>\u00a0\u0160pecialista.<\/p>\n<div id=\"ConnectiveDocSignExtentionInstalled\" data-extension-version=\"1.0.4\"><\/div>","protected":false},"excerpt":{"rendered":"<ul>\n<li><strong>Diskr\u00e9tna a anonymn\u00e1 preprava<\/strong><\/li>\n<li><strong>Objednan\u00e9 do 18:00 = dodan\u00e9 zajtra!<\/strong><\/li>\n<li><strong>Doprava zdarma nad 50 \u20ac<\/strong><\/li>\n<\/ul>\n<div id=\"ConnectiveDocSignExtentionInstalled\" data-extension-version=\"1.0.4\"><\/div>","protected":false},"featured_media":6947,"comment_status":"open","ping_status":"closed","template":"","meta":[],"product_brand":[],"product_cat":[206,207],"product_tag":[],"class_list":{"0":"post-6898","1":"product","2":"type-product","3":"status-publish","4":"has-post-thumbnail","6":"product_cat-poppers","7":"product_cat-poppers-large","9":"first","10":"instock","11":"taxable","12":"shipping-taxable","13":"purchasable","14":"product-type-simple"},"jetpack_sharing_enabled":true,"_links":{"self":[{"href":"https:\/\/dutchchemlabs.com\/sk\/wp-json\/wp\/v2\/product\/6898","targetHints":{"allow":["GET"]}}],"collection":[{"href":"https:\/\/dutchchemlabs.com\/sk\/wp-json\/wp\/v2\/product"}],"about":[{"href":"https:\/\/dutchchemlabs.com\/sk\/wp-json\/wp\/v2\/types\/product"}],"replies":[{"embeddable":true,"href":"https:\/\/dutchchemlabs.com\/sk\/wp-json\/wp\/v2\/comments?post=6898"}],"version-history":[{"count":1,"href":"https:\/\/dutchchemlabs.com\/sk\/wp-json\/wp\/v2\/product\/6898\/revisions"}],"predecessor-version":[{"id":6948,"href":"https:\/\/dutchchemlabs.com\/sk\/wp-json\/wp\/v2\/product\/6898\/revisions\/6948"}],"wp:featuredmedia":[{"embeddable":true,"href":"https:\/\/dutchchemlabs.com\/sk\/wp-json\/wp\/v2\/media\/6947"}],"wp:attachment":[{"href":"https:\/\/dutchchemlabs.com\/sk\/wp-json\/wp\/v2\/media?parent=6898"}],"wp:term":[{"taxonomy":"product_brand","embeddable":true,"href":"https:\/\/dutchchemlabs.com\/sk\/wp-json\/wp\/v2\/product_brand?post=6898"},{"taxonomy":"product_cat","embeddable":true,"href":"https:\/\/dutchchemlabs.com\/sk\/wp-json\/wp\/v2\/product_cat?post=6898"},{"taxonomy":"product_tag","embeddable":true,"href":"https:\/\/dutchchemlabs.com\/sk\/wp-json\/wp\/v2\/product_tag?post=6898"}],"curies":[{"name":"wp","href":"https:\/\/api.w.org\/{rel}","templated":true}]}}