{"id":7399,"date":"2025-09-20T19:27:49","date_gmt":"2025-09-20T19:27:49","guid":{"rendered":"https:\/\/dutchchemlabs.com\/?post_type=product&#038;p=7399"},"modified":"2025-11-08T07:39:04","modified_gmt":"2025-11-08T07:39:04","slug":"1p-lsd-blotters-100mcg","status":"publish","type":"product","link":"https:\/\/dutchchemlabs.com\/sk\/product\/1p-lsd-blotters-100mcg\/","title":{"rendered":"1P-LSD Blotters (100mcg)"},"content":{"rendered":"<h2>1P-LSD Blotters kopen<\/h2>\n<p>1P-LSD is een onderzoekschemische stof en niet bedoeld voor menselijke consumptie. Je kunt 1P-LSD kopen bij dutchchemlabs.com. Als je v\u00f3\u00f3r 18:00 uur bestelt, wordt het de volgende dag al geleverd! Bij ons kun je veilig en gemakkelijk betalen met iDEAL, CreditCard, bankoverschrijving en crypto, zoals je gewend bent. 1P-LSD bestellen doe je bij dutchchemlabs.com. Wij bieden ook <a href=\"https:\/\/dutchchemlabs.com\/product-categorie\/research-chemicals\/cathinonen\/2mmc-kopen\/\">2MMC<\/a>, <a href=\"https:\/\/dutchchemlabs.com\/product-categorie\/research-chemicals\/cathinonen\/pentedrone-nep\/\">Pentedrone (NEP)<\/a>,\u00a0<a href=\"https:\/\/dutchchemlabs.com\/product-categorie\/research-chemicals\/cathinonen\/3fmc\/\">3FMC<\/a> a in\u00e9 v\u00fdskumn\u00e9 chemik\u00e1lie na.<\/p>\n<h2>Wat is 1P-LSD?<\/h2>\n<p>Dietylamid kyseliny 1-propionyl-d-lyzergovej (1P-LSD), \u010dlen triedy lyzergamidov, sa presl\u00e1vil ako nov\u00e1 psychedelick\u00e1 droga \u0161trukt\u00farne pr\u00edbuzn\u00e1 LSD. Predpoklad\u00e1 sa, \u017ee interaguje so seroton\u00ednov\u00fdmi receptormi v mozgu, a hoci presn\u00fd d\u00e1tum jeho synt\u00e9zy nie je zn\u00e1my, na trh s v\u00fdskumnou ch\u00e9miou online sa dostal v roku 2015. Napriek ch\u00fdbaj\u00facej predch\u00e1dzaj\u00facej hist\u00f3rii vo v\u00fdskumnej literat\u00fare bola uveden\u00e1 na trh ako leg\u00e1lna alternat\u00edva LSD. Navrhuje sa ako prodrug pre LSD, \u010do podporuje \u0161t\u00fadia, ktor\u00e1 uk\u00e1zala, \u017ee sa u potkanov metabolizuje na LSD. Inform\u00e1cie o jeho farmakol\u00f3gii, metabolizme a toxicite s\u00fa obmedzen\u00e9, \u010do si vy\u017eaduje opatrnos\u0165 a uplat\u0148ovanie postupov na zni\u017eovanie \u0161k\u00f4d pri jeho pou\u017e\u00edvan\u00ed vo va\u0161om v\u00fdskume.<\/p>\n<h2>1P-LSD effecten<\/h2>\n<p>Pod\u013ea mnoh\u00fdch u\u017e\u00edvate\u013eov s\u00fa subjekt\u00edvne \u00fa\u010dinky 1P-LSD tak\u00e9 podobn\u00e9 \u00fa\u010dinkom LSD, \u017ee s\u00fa prakticky nerozoznate\u013en\u00e9. V porovnan\u00ed s in\u00fdmi psychedelick\u00fdmi l\u00e1tkami, ako s\u00fa psilocyb\u00edn, LSA a ayahuasca, je 1P-LSD podstatne stimuluj\u00facej\u0161\u00ed a r\u00fdchlej\u0161\u00ed vo svojom \u0161pecifickom \u0161t\u00fdle fyzick\u00fdch a kognit\u00edvnych \u00fa\u010dinkov. \u00da\u010dinky zah\u0155\u0148aj\u00fa intenz\u00edvnu euf\u00f3riu, zv\u00fd\u0161en\u00fa introspekciu, konceptu\u00e1lne myslenie, fyzick\u00fa stimul\u00e1ciu a vizu\u00e1lne halucin\u00e1cie. Vedie k pocitu fyzick\u00e9ho pohodlia, tepla, l\u00e1sky a bla\u017eenosti, pri\u010dom m\u00e1 \u010diasto\u010dne stimula\u010dn\u00e9 vlastnosti, ktor\u00e9 m\u00f4\u017eu podporova\u0165 fyzick\u00e9 aktivity, ako je beh, ch\u00f4dza, lezenie alebo tanec. Zosil\u0148uj\u00fa sa hmatov\u00e9 vnemy a m\u00f4\u017ee d\u00f4js\u0165 k zlep\u0161eniu vytrvalosti.<\/p>\n<p>Pozor! Je v\u0161ak d\u00f4le\u017eit\u00e9, aby ste si boli vedom\u00ed mo\u017en\u00fdch riz\u00edk pri vykon\u00e1van\u00ed \u0161t\u00fadie, ako je zv\u00fd\u0161enie srdcovej frekvencie, vazokonstrikcia, nevo\u013enos\u0165 a mo\u017enos\u0165 vzniku z\u00e1vislosti a v\u00e1\u017enych neh\u00f4d pri vysok\u00fdch d\u00e1vkach. Vizu\u00e1lne \u00fa\u010dinky 1P-LSD siahaj\u00fa od zv\u00fd\u0161en\u00e9ho vn\u00edmania farieb, rozpozn\u00e1vania vzorov a zrakovej ostrosti a\u017e po zrakov\u00e9 deform\u00e1cie, ako s\u00fa pohybliv\u00e9 vzory, zmeny farieb a stopy.<\/p>\n<h2>Objednan\u00e9 do 18:00 = dodan\u00e9 zajtra!<\/h2>\n<p><strong>Objednan\u00e9 do 18:00 = dodan\u00e9 zajtra! <\/strong>Va\u0161a objedn\u00e1vka bude odoslan\u00e1 anonymne a diskr\u00e9tne prostredn\u00edctvom n\u00e1\u0161ho st\u00e1leho partnera, spolo\u010dnosti PostNL. Okrem toho m\u00f4\u017eete \u013eahko a r\u00fdchlo zaplati\u0165 prostredn\u00edctvom iDEAL alebo Bancontact. Objedn\u00e1vajte prostredn\u00edctvom str\u00e1nky alebo n\u00e1s kontaktujte cez chat. Ak m\u00e1te ak\u00e9ko\u013evek ot\u00e1zky a\/alebo pripomienky, m\u00f4\u017eete n\u00e1m v\u017edy zavola\u0165, posla\u0165 e-mail alebo zatelefonova\u0165. V pr\u00edpade objedn\u00e1vky v\u00e4\u010d\u0161ieho mno\u017estva po\u0161lite e-mail na adresu info@dutchchemlabs.com. Te\u0161\u00edme sa na va\u0161u objedn\u00e1vku!<\/p>\n<h2>Dod\u00e1vame aj ve\u013ek\u00e9 mno\u017estv\u00e1<\/h2>\n<p>1P-LSD wordt verkocht in verschillende hoeveelheden. Wil je graag 1P-LSD bestellen in grotere hoeveelheden? Neem dan via de chat contact met ons op. dutchchemlabs.com bied scherpe tarieven voor grotere hoeveelheden. Wacht niet langer en neem vandaag nog contact op.<\/p>\n<div id=\"ConnectiveDocSignExtentionInstalled\" data-extension-version=\"1.0.4\"><\/div>","protected":false},"excerpt":{"rendered":"<ul>\n<li><strong>Diskr\u00e9tna a anonymn\u00e1 preprava<\/strong><\/li>\n<li><strong>Objednan\u00e9 do 18:00 = dodan\u00e9 zajtra!<\/strong><\/li>\n<li><strong>Doprava zdarma nad 50 \u20ac<\/strong><\/li>\n<\/ul>\n<div id=\"ConnectiveDocSignExtentionInstalled\" data-extension-version=\"1.0.4\"><\/div>","protected":false},"featured_media":8970,"comment_status":"open","ping_status":"closed","template":"","meta":[],"product_brand":[],"product_cat":[232,574,91,187],"product_tag":[],"class_list":{"0":"post-7399","1":"product","2":"type-product","3":"status-publish","4":"has-post-thumbnail","6":"product_cat-1p-lsd","7":"product_cat-blotters","8":"product_cat-lysergamides","9":"product_cat-populair","11":"first","12":"instock","13":"taxable","14":"shipping-taxable","15":"purchasable","16":"product-type-variable"},"jetpack_sharing_enabled":true,"_links":{"self":[{"href":"https:\/\/dutchchemlabs.com\/sk\/wp-json\/wp\/v2\/product\/7399","targetHints":{"allow":["GET"]}}],"collection":[{"href":"https:\/\/dutchchemlabs.com\/sk\/wp-json\/wp\/v2\/product"}],"about":[{"href":"https:\/\/dutchchemlabs.com\/sk\/wp-json\/wp\/v2\/types\/product"}],"replies":[{"embeddable":true,"href":"https:\/\/dutchchemlabs.com\/sk\/wp-json\/wp\/v2\/comments?post=7399"}],"version-history":[{"count":2,"href":"https:\/\/dutchchemlabs.com\/sk\/wp-json\/wp\/v2\/product\/7399\/revisions"}],"predecessor-version":[{"id":8971,"href":"https:\/\/dutchchemlabs.com\/sk\/wp-json\/wp\/v2\/product\/7399\/revisions\/8971"}],"wp:featuredmedia":[{"embeddable":true,"href":"https:\/\/dutchchemlabs.com\/sk\/wp-json\/wp\/v2\/media\/8970"}],"wp:attachment":[{"href":"https:\/\/dutchchemlabs.com\/sk\/wp-json\/wp\/v2\/media?parent=7399"}],"wp:term":[{"taxonomy":"product_brand","embeddable":true,"href":"https:\/\/dutchchemlabs.com\/sk\/wp-json\/wp\/v2\/product_brand?post=7399"},{"taxonomy":"product_cat","embeddable":true,"href":"https:\/\/dutchchemlabs.com\/sk\/wp-json\/wp\/v2\/product_cat?post=7399"},{"taxonomy":"product_tag","embeddable":true,"href":"https:\/\/dutchchemlabs.com\/sk\/wp-json\/wp\/v2\/product_tag?post=7399"}],"curies":[{"name":"wp","href":"https:\/\/api.w.org\/{rel}","templated":true}]}}