{"id":7879,"date":"2025-09-20T19:29:06","date_gmt":"2025-09-20T19:29:06","guid":{"rendered":"https:\/\/dutchchemlabs.com\/?post_type=product&#038;p=7879"},"modified":"2025-11-08T07:39:02","modified_gmt":"2025-11-08T07:39:02","slug":"pyrazolam-pellets-3mg","status":"publish","type":"product","link":"https:\/\/dutchchemlabs.com\/sk\/product\/pyrazolam-pellets-3mg\/","title":{"rendered":"Pyrazolam pelety (3 mg)"},"content":{"rendered":"<h1>Pyrazolam pellets kopen<\/h1>\n<p>Pyrazolam is een onderzoekschemische stof en niet bedoeld voor menselijke consumptie. Je kunt Pyrazolam kopen bij dutchchemlabs.com. Als je v\u00f3\u00f3r 18:00 uur bestelt, wordt het de volgende dag al geleverd! Bij ons kun je veilig en gemakkelijk betalen met iDEAL, CreditCard, bankoverschrijving en crypto, zoals je gewend bent. Pyrazolam bestellen doe je bij dutchchemlabs.com. Wij bieden ook <a href=\"https:\/\/dutchchemlabs.com\/product-categorie\/research-chemicals\/cathinonen\/2mmc-kopen\/\">2MMC<\/a>, <a href=\"https:\/\/dutchchemlabs.com\/product-categorie\/research-chemicals\/cathinonen\/pentedrone-nep\/\">Pentedrone (NEP)<\/a>,\u00a0<a href=\"https:\/\/dutchchemlabs.com\/product-categorie\/research-chemicals\/cathinonen\/3fmc\/\">3FMC<\/a> a in\u00e9 v\u00fdskumn\u00e9 chemik\u00e1lie na.<\/p>\n<h2>Wat is Pyrazolam?<\/h2>\n<p>Pyrazolam, een recente depressieve stof behorend tot de benzodiazepineklasse, werd oorspronkelijk ontwikkeld door Hoffman-La Roche in de jaren 1970 en kreeg later aandacht als onderzoekschemische stof vanaf 2012. In vergelijking met andere benzodiazepines staat Pyrazolam bekend om zijn nadruk op sedatie en verminderde euforische effecten, wat onderzoek ernaar interessant maakt.<\/p>\n<h2>Pyrazolam effecten<\/h2>\n<p>De effecten van pyrazolam worden vaak beschreven als een aanzienlijke mate van sedatie en angstvermindering. Mensen die hun ervaringen online delen ervaren vaak een gevoel van ontspanning en verminderde angstgevoelens, wat kan leiden tot een verbeterde gemoedstoestand en een gevoel van kalmte. Bovendien staat pyrazolam bekend om zijn vermogen om spieren te ontspannen, wat kan bijdragen aan een gevoel van fysieke comfort en verlichting van spanning.<\/p>\n<p>Let op! Het is echter van groot belang op te merken dat pyrazolam niet zonder risico is. In sommige gevallen kunnen paradoxale reacties optreden bij het uitvoeren van jouw onderzoek, zoals verhoogde angst, agressie, impulscontroleverlies en zelfs su\u00efcidale neigingen. Hoewel deze reacties zeldzaam zijn bij de algemene bevolking, kunnen ze vaker voorkomen bij recreatieve gebruikers, personen met mentale aandoeningen, kinderen en personen die hoge doses gebruiken. Daarom is voorzichtigheid geboden bij het gebruik van pyrazolam in jouw labo, en het moet altijd worden genomen in overeenstemming met de voorgeschreven dosering en onder medisch toezicht om mogelijke bijwerkingen en gezondheidsrisico\u2019s te minimaliseren.<\/p>\n<h2>Objednan\u00e9 do 18:00 = dodan\u00e9 zajtra!<\/h2>\n<p><strong>Objednan\u00e9 do 18:00 = dodan\u00e9 zajtra! <\/strong>Va\u0161a objedn\u00e1vka bude odoslan\u00e1 anonymne a diskr\u00e9tne. Okrem toho m\u00f4\u017eete \u013eahko a r\u00fdchlo zaplati\u0165 prostredn\u00edctvom iDEAL alebo Bancontact. Objedn\u00e1vajte prostredn\u00edctvom str\u00e1nky alebo n\u00e1s kontaktujte cez chat. Ak m\u00e1te ak\u00e9ko\u013evek ot\u00e1zky a\/alebo pripomienky, m\u00f4\u017eete n\u00e1m v\u017edy zavola\u0165, posla\u0165 e-mail alebo zatelefonova\u0165. V pr\u00edpade objedn\u00e1vky v\u00e4\u010d\u0161ieho mno\u017estva po\u0161lite e-mail na adresu info@dutchchemlabs.com. Te\u0161\u00edme sa na va\u0161u objedn\u00e1vku!<\/p>\n<h2>Dod\u00e1vame aj ve\u013ek\u00e9 mno\u017estv\u00e1<\/h2>\n<p>Wil je graag Pyrazolam Pellets bestellen in grotere hoeveelheden? Neem dan via de chat contact met ons op. dutchchemlabs.com bied scherpe tarieven voor grotere hoeveelheden. Wacht niet langer en neem vandaag nog contact op.<\/p>\n<div id=\"ConnectiveDocSignExtentionInstalled\" data-extension-version=\"1.0.4\"><\/div>","protected":false},"excerpt":{"rendered":"<ul>\n<li><strong>Diskr\u00e9tna a anonymn\u00e1 preprava<\/strong><\/li>\n<li><strong>Objednan\u00e9 do 18:00 = dodan\u00e9 zajtra!<\/strong><\/li>\n<li><strong>Doprava zdarma nad 50 \u20ac<\/strong><\/li>\n<\/ul>\n<div id=\"ConnectiveDocSignExtentionInstalled\" data-extension-version=\"1.0.4\"><\/div>","protected":false},"featured_media":8792,"comment_status":"open","ping_status":"closed","template":"","meta":[],"product_brand":[],"product_cat":[323,573,187,358],"product_tag":[],"class_list":{"0":"post-7879","1":"product","2":"type-product","3":"status-publish","4":"has-post-thumbnail","6":"product_cat-benzodiazepinen","7":"product_cat-pellets","8":"product_cat-populair","9":"product_cat-pyrazolam","11":"first","12":"instock","13":"taxable","14":"shipping-taxable","15":"purchasable","16":"product-type-variable"},"jetpack_sharing_enabled":true,"_links":{"self":[{"href":"https:\/\/dutchchemlabs.com\/sk\/wp-json\/wp\/v2\/product\/7879","targetHints":{"allow":["GET"]}}],"collection":[{"href":"https:\/\/dutchchemlabs.com\/sk\/wp-json\/wp\/v2\/product"}],"about":[{"href":"https:\/\/dutchchemlabs.com\/sk\/wp-json\/wp\/v2\/types\/product"}],"replies":[{"embeddable":true,"href":"https:\/\/dutchchemlabs.com\/sk\/wp-json\/wp\/v2\/comments?post=7879"}],"version-history":[{"count":2,"href":"https:\/\/dutchchemlabs.com\/sk\/wp-json\/wp\/v2\/product\/7879\/revisions"}],"predecessor-version":[{"id":8793,"href":"https:\/\/dutchchemlabs.com\/sk\/wp-json\/wp\/v2\/product\/7879\/revisions\/8793"}],"wp:featuredmedia":[{"embeddable":true,"href":"https:\/\/dutchchemlabs.com\/sk\/wp-json\/wp\/v2\/media\/8792"}],"wp:attachment":[{"href":"https:\/\/dutchchemlabs.com\/sk\/wp-json\/wp\/v2\/media?parent=7879"}],"wp:term":[{"taxonomy":"product_brand","embeddable":true,"href":"https:\/\/dutchchemlabs.com\/sk\/wp-json\/wp\/v2\/product_brand?post=7879"},{"taxonomy":"product_cat","embeddable":true,"href":"https:\/\/dutchchemlabs.com\/sk\/wp-json\/wp\/v2\/product_cat?post=7879"},{"taxonomy":"product_tag","embeddable":true,"href":"https:\/\/dutchchemlabs.com\/sk\/wp-json\/wp\/v2\/product_tag?post=7879"}],"curies":[{"name":"wp","href":"https:\/\/api.w.org\/{rel}","templated":true}]}}