{"id":8074,"date":"2025-09-20T19:29:54","date_gmt":"2025-09-20T19:29:54","guid":{"rendered":"https:\/\/dutchchemlabs.com\/?post_type=product&#038;p=8074"},"modified":"2025-11-08T07:39:01","modified_gmt":"2025-11-08T07:39:01","slug":"2mmc-kristallen","status":"publish","type":"product","link":"https:\/\/dutchchemlabs.com\/sk\/product\/2mmc-kristallen\/","title":{"rendered":"Kry\u0161t\u00e1ly 2MMC"},"content":{"rendered":"<h1>2MMC kristallen kopen<\/h1>\n<p>2MMC kopen doe je bij dutchchemlabs.com. Ben je op zoek naar een research chemical met stimulerende effecten? Ontdek dan nu onze hoogwaardige 2MMC kristallen, verkrijgbaar bij dutchchemlabs.com! Naast 2MMC kristallen verkopen we ook <a href=\"https:\/\/dutchchemlabs.com\/product\/2mmc-poeder-kopen-3mmc-vervanger\/\">Pr\u00e1\u0161ok 2MMC<\/a>, <a href=\"https:\/\/dutchchemlabs.com\/product\/2mmc-capsules-kopen\/\">2MMC capsules<\/a> a <a href=\"https:\/\/dutchchemlabs.com\/product\/2mmc-pellets-220mg\/\">2MMC <\/a>pellets. Wij bieden ook <a href=\"https:\/\/dutchchemlabs.com\/product-categorie\/research-chemicals\/cathinonen\/pentedrone-nep\/\" data-cke-saved-href=\"https:\/\/dutchchemlabs.com\/product-categorie\/research-chemicals\/cathinonen\/pentedrone-nep\/\">Pentedrone (NEP)<\/a>,\u00a0<a href=\"https:\/\/dutchchemlabs.com\/product-categorie\/research-chemicals\/cathinonen\/3fmc\/\" data-cke-saved-href=\"https:\/\/dutchchemlabs.com\/product-categorie\/research-chemicals\/cathinonen\/3fmc\/\">3FMC<\/a> a in\u00e9 v\u00fdskumn\u00e9 chemik\u00e1lie na.<\/p>\n<h2>\u010co je 2MMC?<\/h2>\n<p>2-Methylmethcathinone (2-MMC), ook bekend als ortomephedrone, is een research chemical met stimulerende en euforische effecten. Het is een gesubstitueerde cathinon afgeleide, nauw verwant aan bekendere stoffen zoals 3-methylmethcathinone en 4-methylmethcathinone (mephedrone). Chemisch gezien heeft 2-MMC de molecuulformule C11H15NO en een molaire massa van 177.247 g\u00b7mol\u22121. De stof werkt door het be\u00efnvloeden van neurotransmitters in de hersenen, wat leidt tot verhoogde alertheid, energie en een gevoel van euforie. De wetenschappelijke interesse in 2-MMC ligt voornamelijk in de manier waarop het het centrale zenuwstelsel stimuleert, wat het vergelijkbaar maakt met andere amfetamine-achtige verbindingen.<\/p>\n<h2>\u00da\u010dinky 2MMC<\/h2>\n<p>2MMC alebo 2-metylmetkatin\u00f3n je syntetick\u00fd stimulant, ktor\u00fd je chemicky podobn\u00fd katin\u00f3nom, ako je mefedr\u00f3n. Pou\u017eitie 2MMC vo va\u0161om v\u00fdskume m\u00f4\u017ee sp\u00f4sobi\u0165 cel\u00fd rad \u00fa\u010dinkov, fyzick\u00fdch aj psychick\u00fdch. Testovan\u00e9 osoby \u010dasto uv\u00e1dzaj\u00fa zv\u00fd\u0161en\u00fa energiu, euf\u00f3riu a zv\u00fd\u0161en\u00fd pocit bdelosti a s\u00fastredenia. To je niekedy sprev\u00e1dzan\u00e9 zv\u00fd\u0161enou srdcovou frekvenciou, poten\u00edm a suchom v \u00fastach. Z psychick\u00e9ho h\u013eadiska sa m\u00f4\u017eu objavi\u0165 pocity zv\u00fd\u0161en\u00e9ho sebavedomia a soci\u00e1lneho prepojenia. U\u017e\u00edvanie 2MMC v\u0161ak m\u00f4\u017ee ma\u0165 aj negat\u00edvne \u00fa\u010dinky, ako s\u00fa \u00fazkos\u0165, paranoja, nepokoj a v niektor\u00fdch pr\u00edpadoch kolaps po u\u017eit\u00ed, pri ktorom sa m\u00f4\u017ee objavi\u0165 \u00fanava a skleslos\u0165. Ke\u010f\u017ee ide o relat\u00edvne nov\u00fa a m\u00e1lo presk\u00faman\u00fa l\u00e1tku, jej dlhodob\u00e9 \u00fa\u010dinky a bezpe\u010dnostn\u00e9 rizik\u00e1 s\u00fa st\u00e1le do ve\u013ekej miery nezn\u00e1me.<\/p>\n<h2>Objednan\u00e9 do 18:00 = dodan\u00e9 zajtra!<\/h2>\n<p><strong>Objednan\u00e9 do 18:00 = dodan\u00e9 zajtra! <\/strong>Va\u0161a objedn\u00e1vka bude odoslan\u00e1 anonymne a diskr\u00e9tne prostredn\u00edctvom n\u00e1\u0161ho st\u00e1leho partnera, spolo\u010dnosti PostNL. Okrem toho m\u00f4\u017eete \u013eahko a r\u00fdchlo zaplati\u0165 prostredn\u00edctvom iDEAL alebo Bancontact. Objedn\u00e1vajte prostredn\u00edctvom str\u00e1nky alebo n\u00e1s kontaktujte cez chat. Ak m\u00e1te ak\u00e9ko\u013evek ot\u00e1zky a\/alebo pripomienky, m\u00f4\u017eete n\u00e1m v\u017edy zavola\u0165, posla\u0165 e-mail alebo zatelefonova\u0165. V pr\u00edpade objedn\u00e1vky v\u00e4\u010d\u0161ieho mno\u017estva po\u0161lite e-mail na adresu info@dutchchemlabs.com. Te\u0161\u00edme sa na va\u0161u objedn\u00e1vku!<\/p>\n<h2>Dod\u00e1vame aj ve\u013ek\u00e9 mno\u017estv\u00e1<\/h2>\n<p>Wil je graag 2MMC Kristallen bestellen in grotere hoeveelheden? Neem dan via de chat contact met ons op. dutchchemlabs.com biedt scherpe tarieven voor grotere hoeveelheden. Wacht niet langer en neem vandaag nog contact op.<\/p>\n<div id=\"ConnectiveDocSignExtentionInstalled\" data-extension-version=\"1.0.4\"><\/div>","protected":false},"excerpt":{"rendered":"<ul>\n<li><strong>Diskr\u00e9tna a anonymn\u00e1 preprava<\/strong><\/li>\n<li><strong>Objednan\u00e9 do 18:00 = dodan\u00e9 zajtra!<\/strong><\/li>\n<li><strong>Doprava zdarma nad 50 \u20ac<\/strong><\/li>\n<\/ul>\n<div id=\"ConnectiveDocSignExtentionInstalled\" data-extension-version=\"1.0.4\"><\/div>","protected":false},"featured_media":8749,"comment_status":"open","ping_status":"closed","template":"","meta":[],"product_brand":[],"product_cat":[320,102,187],"product_tag":[],"class_list":{"0":"post-8074","1":"product","2":"type-product","3":"status-publish","4":"has-post-thumbnail","6":"product_cat-2mmc","7":"product_cat-cathinonen","8":"product_cat-populair","10":"first","11":"instock","12":"sale","13":"taxable","14":"shipping-taxable","15":"purchasable","16":"product-type-variable"},"jetpack_sharing_enabled":true,"_links":{"self":[{"href":"https:\/\/dutchchemlabs.com\/sk\/wp-json\/wp\/v2\/product\/8074","targetHints":{"allow":["GET"]}}],"collection":[{"href":"https:\/\/dutchchemlabs.com\/sk\/wp-json\/wp\/v2\/product"}],"about":[{"href":"https:\/\/dutchchemlabs.com\/sk\/wp-json\/wp\/v2\/types\/product"}],"replies":[{"embeddable":true,"href":"https:\/\/dutchchemlabs.com\/sk\/wp-json\/wp\/v2\/comments?post=8074"}],"version-history":[{"count":2,"href":"https:\/\/dutchchemlabs.com\/sk\/wp-json\/wp\/v2\/product\/8074\/revisions"}],"predecessor-version":[{"id":8750,"href":"https:\/\/dutchchemlabs.com\/sk\/wp-json\/wp\/v2\/product\/8074\/revisions\/8750"}],"wp:featuredmedia":[{"embeddable":true,"href":"https:\/\/dutchchemlabs.com\/sk\/wp-json\/wp\/v2\/media\/8749"}],"wp:attachment":[{"href":"https:\/\/dutchchemlabs.com\/sk\/wp-json\/wp\/v2\/media?parent=8074"}],"wp:term":[{"taxonomy":"product_brand","embeddable":true,"href":"https:\/\/dutchchemlabs.com\/sk\/wp-json\/wp\/v2\/product_brand?post=8074"},{"taxonomy":"product_cat","embeddable":true,"href":"https:\/\/dutchchemlabs.com\/sk\/wp-json\/wp\/v2\/product_cat?post=8074"},{"taxonomy":"product_tag","embeddable":true,"href":"https:\/\/dutchchemlabs.com\/sk\/wp-json\/wp\/v2\/product_tag?post=8074"}],"curies":[{"name":"wp","href":"https:\/\/api.w.org\/{rel}","templated":true}]}}