{"id":8291,"date":"2025-09-20T19:30:34","date_gmt":"2025-09-20T19:30:34","guid":{"rendered":"https:\/\/dutchchemlabs.com\/?post_type=product&#038;p=8291"},"modified":"2025-11-08T07:39:00","modified_gmt":"2025-11-08T07:39:00","slug":"4fma-capsules","status":"publish","type":"product","link":"https:\/\/dutchchemlabs.com\/sk\/product\/4fma-capsules\/","title":{"rendered":"Kapsule 4FMA"},"content":{"rendered":"<h1>K\u00fapi\u0165 pelety 4FMA<\/h1>\n<p>4-FMA is een onderzoekschemische stof en niet bedoeld voor menselijke consumptie. Je kunt 4FMA kopen bij dutchchemlabs.com. Als je v\u00f3\u00f3r 18:00 uur bestelt, wordt het de volgende dag al geleverd! Bij ons kun je veilig en gemakkelijk betalen met iDEAL, CreditCard, bankoverschrijving en crypto, zoals je gewend bent. 4FMA bestellen doe je bij dutchchemlabs.com. Wij bieden ook <a href=\"https:\/\/dutchchemlabs.com\/product-categorie\/research-chemicals\/cathinonen\/2mmc-kopen\/\">2MMC<\/a>, <a href=\"https:\/\/dutchchemlabs.com\/product-categorie\/research-chemicals\/cathinonen\/pentedrone-nep\/\">Pentedrone (NEP)<\/a>,\u00a0<a href=\"https:\/\/dutchchemlabs.com\/product-categorie\/research-chemicals\/cathinonen\/3fmc\/\">3FMC<\/a> a in\u00e9 v\u00fdskumn\u00e9 chemik\u00e1lie na.<\/p>\n<h2>4FMA effecten<\/h2>\n<p>De effecten van 4-FMA zijn onderwerp van discussie, maar er zijn enkele rapporten die suggereren dat het enkele aantrekkelijke eigenschappen heeft. In lage doses wordt 4-FMA beschreven als een no\u00f6tropisch middel dat de algemene productiviteit kan verbeteren. Sommige gebruikers melden een verhoogde motivatie, verbeterde focus en een zekere mate van empathie en sociabiliteit. De euforische golven die sporadisch optreden, kunnen als plezierig worden ervaren. Het biedt ook een zekere mate van fysieke euforie, die echter intenser kan zijn dan de fysieke stimulatie zelf.<\/p>\n<p>Let op! Desondanks is het van cruciaal belang om te benadrukken dat frequent gebruik van enig entactogeen, inclusief 4-FMA, als gevaarlijk wordt beschouwd. Het kan leiden tot neurotoxiciteit en andere schadelijke bijwerkingen. Bovendien kunnen bij hogere doseringen disfunctie en recreatieve effecten optreden. Het is essentieel om de mogelijke risico\u2019s in overweging te nemen en verantwoordelijkheid te tonen bij het uitvoeren van jouw onderzoek. Het misbruik ervan kan leiden tot verslaving, ernstige schade of zelfs de dood. Gebruik met mate en wees je bewust van de mogelijke gevaren.<\/p>\n<h2>Objednan\u00e9 do 18:00 = dodan\u00e9 zajtra!<\/h2>\n<p><strong>Objednan\u00e9 do 18:00 = dodan\u00e9 zajtra! <\/strong>Va\u0161a objedn\u00e1vka bude odoslan\u00e1 anonymne a diskr\u00e9tne prostredn\u00edctvom n\u00e1\u0161ho st\u00e1leho partnera, spolo\u010dnosti PostNL. Okrem toho m\u00f4\u017eete \u013eahko a r\u00fdchlo zaplati\u0165 prostredn\u00edctvom iDEAL alebo Bancontact. Objedn\u00e1vajte prostredn\u00edctvom str\u00e1nky alebo n\u00e1s kontaktujte cez chat. Ak m\u00e1te ak\u00e9ko\u013evek ot\u00e1zky a\/alebo pripomienky, m\u00f4\u017eete n\u00e1m v\u017edy zavola\u0165, posla\u0165 e-mail alebo zatelefonova\u0165. V pr\u00edpade objedn\u00e1vky v\u00e4\u010d\u0161ieho mno\u017estva po\u0161lite e-mail na adresu info@dutchchemlabs.com. Te\u0161\u00edme sa na va\u0161u objedn\u00e1vku!<\/p>\n<h2>Dod\u00e1vame aj ve\u013ek\u00e9 mno\u017estv\u00e1<\/h2>\n<p>Wil je graag 4FMA Capsules bestellen in grotere hoeveelheden? Neem dan via de chat contact met ons op. dutchchemlabs.com bied scherpe tarieven voor grotere hoeveelheden. Wacht niet langer en neem vandaag nog contact op.<\/p>\n<div id=\"ConnectiveDocSignExtentionInstalled\" data-extension-version=\"1.0.4\"><\/div>","protected":false},"excerpt":{"rendered":"<ul>\n<li><strong>Diskr\u00e9tna a anonymn\u00e1 preprava<\/strong><\/li>\n<li><strong>Objednan\u00e9 do 18:00 = dodan\u00e9 zajtra!<\/strong><\/li>\n<li><strong>Doprava zdarma nad 50 \u20ac<\/strong><\/li>\n<\/ul>\n<div id=\"ConnectiveDocSignExtentionInstalled\" data-extension-version=\"1.0.4\"><\/div>","protected":false},"featured_media":8711,"comment_status":"open","ping_status":"closed","template":"","meta":[],"product_brand":[],"product_cat":[137,89],"product_tag":[],"class_list":{"0":"post-8291","1":"product","2":"type-product","3":"status-publish","4":"has-post-thumbnail","6":"product_cat-4fma","7":"product_cat-gefluoreerden","9":"first","10":"instock","11":"sale","12":"taxable","13":"shipping-taxable","14":"purchasable","15":"product-type-variable"},"jetpack_sharing_enabled":true,"_links":{"self":[{"href":"https:\/\/dutchchemlabs.com\/sk\/wp-json\/wp\/v2\/product\/8291","targetHints":{"allow":["GET"]}}],"collection":[{"href":"https:\/\/dutchchemlabs.com\/sk\/wp-json\/wp\/v2\/product"}],"about":[{"href":"https:\/\/dutchchemlabs.com\/sk\/wp-json\/wp\/v2\/types\/product"}],"replies":[{"embeddable":true,"href":"https:\/\/dutchchemlabs.com\/sk\/wp-json\/wp\/v2\/comments?post=8291"}],"version-history":[{"count":2,"href":"https:\/\/dutchchemlabs.com\/sk\/wp-json\/wp\/v2\/product\/8291\/revisions"}],"predecessor-version":[{"id":8712,"href":"https:\/\/dutchchemlabs.com\/sk\/wp-json\/wp\/v2\/product\/8291\/revisions\/8712"}],"wp:featuredmedia":[{"embeddable":true,"href":"https:\/\/dutchchemlabs.com\/sk\/wp-json\/wp\/v2\/media\/8711"}],"wp:attachment":[{"href":"https:\/\/dutchchemlabs.com\/sk\/wp-json\/wp\/v2\/media?parent=8291"}],"wp:term":[{"taxonomy":"product_brand","embeddable":true,"href":"https:\/\/dutchchemlabs.com\/sk\/wp-json\/wp\/v2\/product_brand?post=8291"},{"taxonomy":"product_cat","embeddable":true,"href":"https:\/\/dutchchemlabs.com\/sk\/wp-json\/wp\/v2\/product_cat?post=8291"},{"taxonomy":"product_tag","embeddable":true,"href":"https:\/\/dutchchemlabs.com\/sk\/wp-json\/wp\/v2\/product_tag?post=8291"}],"curies":[{"name":"wp","href":"https:\/\/api.w.org\/{rel}","templated":true}]}}