{"id":2403,"date":"2025-09-20T09:13:58","date_gmt":"2025-09-20T09:13:58","guid":{"rendered":"https:\/\/dutchchemlabs.com\/?post_type=product&#038;p=2403"},"modified":"2025-11-08T07:39:15","modified_gmt":"2025-11-08T07:39:15","slug":"poppers-garderoba-10ml","status":"publish","type":"product","link":"https:\/\/dutchchemlabs.com\/sl\/product\/poppers-garderoba-10ml\/","title":{"rendered":"Poppers Locker Room (10ml)"},"content":{"rendered":"<h1>Kupite Poppers Locker Room (10ml)<\/h1>\n<p>Do\u017eivite neprekosljivo vznemirjenje in sprostitev s Poppers Locker Room 10ml, ki je na voljo izklju\u010dno na dutchchemlabs.com. Ti mo\u010dni poppersi ponujajo intenzivno izku\u0161njo, ki je kot nala\u0161\u010d za za\u010detnike in izku\u0161ene uporabnike, ki \u017eelijo spodbuditi svoje \u010dute.<\/p>\n<h2>Kaj so Poppers iz Locker Rooma?<\/h2>\n<h3>Zna\u010dilnosti izdelka<\/h3>\n<ul>\n<li><strong>Formula Premium<\/strong>: Izdelan iz visokokakovostnih sestavin za mo\u010dan in dolgotrajen u\u010dinek, ki spodbuja va\u0161e \u010dute.<\/li>\n<li><strong>Kompaktna velikost<\/strong>: Priro\u010dna 10ml stekleni\u010dka je idealna za diskretno uporabo in shranjevanje, zato lahko u\u017eivate kadarkoli in kjerkoli.<\/li>\n<li><strong>Elegantna zasnova<\/strong>: Stekleni\u010dka ima sodobno in elegantno obliko, ki je idealna za vsako prilo\u017enost.<\/li>\n<li><strong>Hitro delujo\u010di<\/strong>: U\u010dinki Poppers Locker Room so opazni v nekaj sekundah, zato lahko takoj u\u017eivate v pove\u010dani ob\u010dutljivosti in sprostitvi.<\/li>\n<li><strong>Vsestranska uporaba<\/strong>: Idealen tako za samostojno uporabo kot za partnerja, da okrepite svoje spolne izku\u0161nje.<\/li>\n<\/ul>\n<h3>Prednosti<\/h3>\n<ul>\n<li><strong>Pove\u010dane ob\u010dutke<\/strong>: Mo\u010dna formula zagotavlja ve\u010djo ob\u010dutljivost in intenzivna do\u017eivetja.<\/li>\n<li><strong>Hitro delovanje<\/strong>: V nekaj sekundah za\u010dutite u\u010dinke, ki zagotavljajo spro\u0161\u010den in \u010duten ob\u010dutek.<\/li>\n<li><strong>Kompakten in priro\u010den<\/strong>: 10ml stekleni\u010dka je preprosta za prena\u0161anje in diskretno shranjevanje, zato ste vedno pripravljeni.<\/li>\n<li><strong>Uporabniku prijazen<\/strong>: Stekleni\u010dko je enostavno odpreti in uporabljati, zato lahko hitro u\u017eivate v prednostih poppersa.<\/li>\n<li><strong>Diskretno in prenosno<\/strong>: Zaradi kompaktne velikosti lahko poperje diskretno shranite in jih nosite s seboj, kjer koli ste.<\/li>\n<\/ul>\n<h3>Zakaj izbrati Poppers iz Locker Rooma?<\/h3>\n<p>Poppers Locker Room 10ml je odli\u010dna izbira za vse, ki i\u0161\u010dejo mo\u010dan in vznemirljiv na\u010din za okrepitev svojih spolnih izku\u0161enj. S svojo vrhunsko formulo, hitrim delovanjem in priro\u010dno velikostjo ta poppers ponuja edinstveno in vznemirljivo izku\u0161njo, ki jo boste \u017eeleli vedno znova ponoviti.<\/p>\n<h3>Navodila za uporabo<\/h3>\n<ol>\n<li><strong>Priprava<\/strong>: Pred uporabo poppersa se prepri\u010dajte, da ste v udobnem in spro\u0161\u010denem okolju.<\/li>\n<li><strong>Odpri<\/strong>: Previdno odprite stekleni\u010dko in jo dr\u017eite pod nosom.<\/li>\n<li><strong>Vdihavanje<\/strong>: Ne\u017eno vdihujte hlape in u\u017eivajte v hitrih in vznemirljivih u\u010dinkih.<\/li>\n<li><strong>Shrani<\/strong>: Po uporabi stekleni\u010dko tesno zaprite in jo hranite na hladnem in suhem mestu, za\u0161\u010diteno pred neposredno son\u010dno svetlobo.<\/li>\n<\/ol>\n<h3>Naro\u010danje poppersov pri podjetju dutchchemlabs.com<\/h3>\n<p>Naro\u010dite Poppers Locker Room 10ml na dutchchemlabs.com \u0161e danes in izkusite vrhunsko kombinacijo intenzivnega u\u017eitka in sprostitve. Ponujamo hitro in diskretno dostavo, zato lahko hitro u\u017eivate v tem vznemirljivem dodatku v svoji zbirki.<\/p>\n<h2>Naro\u010deno pred 18:00 = dostavljeno jutri!<\/h2>\n<p><strong>Naro\u010deno pred 18:00 = dostavljeno jutri! <\/strong>Va\u0161e naro\u010dilo bo anonimno in diskretno poslano z na\u0161im stalnim partnerjem, dru\u017ebo PostNL. Poleg tega lahko preprosto in hitro pla\u010date z iDEAL ali Bancontact. Naro\u010dite prek spletnega mesta ali nas kontaktirajte prek klepeta. \u010ce imate kakr\u0161na koli vpra\u0161anja in\/ali pripombe, nas lahko vedno pokli\u010dete, po\u0161ljete e-po\u0161to ali nas pokli\u010dete. Za naro\u010dila ve\u010djih koli\u010din po\u0161ljite elektronsko sporo\u010dilo na naslov info@dutchchemlabs.com. Veselimo se va\u0161ega naro\u010dila!<\/p>\n<p>Ponujamo ve\u010d vrst<a href=\"https:\/\/dutchchemlabs.com\/product-categorie\/poppers\/\">\u00a0Poppers<\/a>\u00a0za. Prav tako smo\u00a0<a href=\"https:\/\/dutchchemlabs.com\/product-categorie\/research-chemicals\/\">Raziskovalne kemikalije<\/a>\u00a0Strokovnjak.<\/p>\n<div id=\"ConnectiveDocSignExtentionInstalled\" data-extension-version=\"1.0.4\"><\/div>","protected":false},"excerpt":{"rendered":"<ul>\n<li><strong>Diskretno in anonimno po\u0161iljanje<\/strong><\/li>\n<li><strong>Naro\u010deno pred 18:00 = dostavljeno jutri!<\/strong><\/li>\n<li><strong>Brezpla\u010dna dostava nad 50 \u20ac<\/strong><\/li>\n<\/ul>\n<div id=\"ConnectiveDocSignExtentionInstalled\" data-extension-version=\"1.0.4\"><\/div>","protected":false},"featured_media":2438,"comment_status":"open","ping_status":"closed","template":"","meta":[],"product_brand":[],"product_cat":[206,209],"product_tag":[],"class_list":{"0":"post-2403","1":"product","2":"type-product","3":"status-publish","4":"has-post-thumbnail","6":"product_cat-poppers","7":"product_cat-poppers-small","9":"first","10":"instock","11":"taxable","12":"shipping-taxable","13":"purchasable","14":"product-type-simple"},"jetpack_sharing_enabled":true,"_links":{"self":[{"href":"https:\/\/dutchchemlabs.com\/sl\/wp-json\/wp\/v2\/product\/2403","targetHints":{"allow":["GET"]}}],"collection":[{"href":"https:\/\/dutchchemlabs.com\/sl\/wp-json\/wp\/v2\/product"}],"about":[{"href":"https:\/\/dutchchemlabs.com\/sl\/wp-json\/wp\/v2\/types\/product"}],"replies":[{"embeddable":true,"href":"https:\/\/dutchchemlabs.com\/sl\/wp-json\/wp\/v2\/comments?post=2403"}],"version-history":[{"count":1,"href":"https:\/\/dutchchemlabs.com\/sl\/wp-json\/wp\/v2\/product\/2403\/revisions"}],"predecessor-version":[{"id":2439,"href":"https:\/\/dutchchemlabs.com\/sl\/wp-json\/wp\/v2\/product\/2403\/revisions\/2439"}],"wp:featuredmedia":[{"embeddable":true,"href":"https:\/\/dutchchemlabs.com\/sl\/wp-json\/wp\/v2\/media\/2438"}],"wp:attachment":[{"href":"https:\/\/dutchchemlabs.com\/sl\/wp-json\/wp\/v2\/media?parent=2403"}],"wp:term":[{"taxonomy":"product_brand","embeddable":true,"href":"https:\/\/dutchchemlabs.com\/sl\/wp-json\/wp\/v2\/product_brand?post=2403"},{"taxonomy":"product_cat","embeddable":true,"href":"https:\/\/dutchchemlabs.com\/sl\/wp-json\/wp\/v2\/product_cat?post=2403"},{"taxonomy":"product_tag","embeddable":true,"href":"https:\/\/dutchchemlabs.com\/sl\/wp-json\/wp\/v2\/product_tag?post=2403"}],"curies":[{"name":"wp","href":"https:\/\/api.w.org\/{rel}","templated":true}]}}