{"id":3661,"date":"2025-09-20T09:20:23","date_gmt":"2025-09-20T09:20:23","guid":{"rendered":"https:\/\/dutchchemlabs.com\/?post_type=product&#038;p=3661"},"modified":"2025-11-08T07:39:13","modified_gmt":"2025-11-08T07:39:13","slug":"high-class-gold-24ml-kopen","status":"publish","type":"product","link":"https:\/\/dutchchemlabs.com\/sl\/product\/high-class-gold-24ml-kopen\/","title":{"rendered":"High Class Gold 24ml Kopen"},"content":{"rendered":"<h1><strong>Poppers High Class Gold 24ml<\/strong><\/h1>\n<p>Laat jezelf verwennen met de exclusieve sensatie van Poppers High Class Gold 24ml, verkrijgbaar bij dutchchemlabs.com! Deze premium poppers zijn een symbool van luxe en genot, ontworpen om je te betoveren met een onge\u00ebvenaarde ervaring.<\/p>\n<p>Met zijn unieke formule van isopropyl nitriet biedt Poppers High Class Gold een snelle en intense rush die je zintuigen zal prikkelen en je zal laten genieten van een onvergetelijke sensatie. Of je nu op zoek bent naar een extra stimulans tijdens intieme momenten of naar een spannende toevoeging aan je feestjes, deze poppers zullen je verwachtingen overtreffen.<\/p>\n<p>Dankzij de royale fles van 24ml kun je langdurig genieten van Poppers High Class Gold. Of je nu een avondje uitgaat met vrienden, een feestje hebt of gewoon wat extra pit wilt toevoegen aan je priv\u00e9momenten, deze poppers zijn altijd binnen handbereik.<\/p>\n<p>Ervaar de ultieme luxe met Poppers High Class Gold 24ml van dutchchemlabs.com. Bestel vandaag nog en laat je betoveren door de weelderige sensaties van deze sensationele poppers!<\/p>\n<h2>Naro\u010deno pred 18:00 = dostavljeno jutri!<\/h2>\n<p><strong>Naro\u010deno pred 18:00 = dostavljeno jutri! <\/strong>Va\u0161e naro\u010dilo bo anonimno in diskretno poslano z na\u0161im stalnim partnerjem, dru\u017ebo PostNL. Poleg tega lahko preprosto in hitro pla\u010date z iDEAL ali Bancontact. Naro\u010dite prek spletnega mesta ali nas kontaktirajte prek klepeta. \u010ce imate kakr\u0161na koli vpra\u0161anja in\/ali pripombe, nas lahko vedno pokli\u010dete, po\u0161ljete e-po\u0161to ali nas pokli\u010dete. Za naro\u010dila ve\u010djih koli\u010din po\u0161ljite elektronsko sporo\u010dilo na naslov info@dutchchemlabs.com. Veselimo se va\u0161ega naro\u010dila!<\/p>\n<p>dutchchemlabs.com verkoopt meerdere soorten <a href=\"https:\/\/dutchchemlabs.com\/product-categorie\/poppers\/\">poppers<\/a>, <a href=\"https:\/\/dutchchemlabs.com\/product-categorie\/research-chemicals\/\">Raziskovalne kemikalije<\/a> in \u0161e ve\u010d.<\/p>\n<p>&nbsp;<\/p>\n<div id=\"ConnectiveDocSignExtentionInstalled\" data-extension-version=\"1.0.4\"><\/div>","protected":false},"excerpt":{"rendered":"<ul>\n<li><strong>Diskretno in anonimno po\u0161iljanje<\/strong><\/li>\n<li><strong>Naro\u010deno pred 18:00 = dostavljeno jutri!<\/strong><\/li>\n<li><strong>Brezpla\u010dna dostava nad 50 \u20ac<\/strong><\/li>\n<\/ul>\n<div id=\"ConnectiveDocSignExtentionInstalled\" data-extension-version=\"1.0.4\"><\/div>","protected":false},"featured_media":3712,"comment_status":"open","ping_status":"closed","template":"","meta":[],"product_brand":[],"product_cat":[206,207],"product_tag":[],"class_list":{"0":"post-3661","1":"product","2":"type-product","3":"status-publish","4":"has-post-thumbnail","6":"product_cat-poppers","7":"product_cat-poppers-large","9":"first","10":"instock","11":"taxable","12":"shipping-taxable","13":"purchasable","14":"product-type-simple"},"jetpack_sharing_enabled":true,"_links":{"self":[{"href":"https:\/\/dutchchemlabs.com\/sl\/wp-json\/wp\/v2\/product\/3661","targetHints":{"allow":["GET"]}}],"collection":[{"href":"https:\/\/dutchchemlabs.com\/sl\/wp-json\/wp\/v2\/product"}],"about":[{"href":"https:\/\/dutchchemlabs.com\/sl\/wp-json\/wp\/v2\/types\/product"}],"replies":[{"embeddable":true,"href":"https:\/\/dutchchemlabs.com\/sl\/wp-json\/wp\/v2\/comments?post=3661"}],"version-history":[{"count":1,"href":"https:\/\/dutchchemlabs.com\/sl\/wp-json\/wp\/v2\/product\/3661\/revisions"}],"predecessor-version":[{"id":3713,"href":"https:\/\/dutchchemlabs.com\/sl\/wp-json\/wp\/v2\/product\/3661\/revisions\/3713"}],"wp:featuredmedia":[{"embeddable":true,"href":"https:\/\/dutchchemlabs.com\/sl\/wp-json\/wp\/v2\/media\/3712"}],"wp:attachment":[{"href":"https:\/\/dutchchemlabs.com\/sl\/wp-json\/wp\/v2\/media?parent=3661"}],"wp:term":[{"taxonomy":"product_brand","embeddable":true,"href":"https:\/\/dutchchemlabs.com\/sl\/wp-json\/wp\/v2\/product_brand?post=3661"},{"taxonomy":"product_cat","embeddable":true,"href":"https:\/\/dutchchemlabs.com\/sl\/wp-json\/wp\/v2\/product_cat?post=3661"},{"taxonomy":"product_tag","embeddable":true,"href":"https:\/\/dutchchemlabs.com\/sl\/wp-json\/wp\/v2\/product_tag?post=3661"}],"curies":[{"name":"wp","href":"https:\/\/api.w.org\/{rel}","templated":true}]}}