{"id":3747,"date":"2025-09-20T09:20:37","date_gmt":"2025-09-20T09:20:37","guid":{"rendered":"https:\/\/dutchchemlabs.com\/?post_type=product&#038;p=3747"},"modified":"2025-11-08T07:39:12","modified_gmt":"2025-11-08T07:39:12","slug":"poppers-jungle-juice-plus-15ml","status":"publish","type":"product","link":"https:\/\/dutchchemlabs.com\/sl\/product\/poppers-jungle-juice-plus-15ml\/","title":{"rendered":"Poppers Jungle Juice Plus 15ml"},"content":{"rendered":"<h1><strong>Poppers Jungle Juice Plus 15ml<\/strong><\/h1>\n<p>Duik in een wereld van opwinding en genot met de Poppers Jungle Juice Plus 15ml, verkrijgbaar bij dutchchemlabs.com! Deze krachtige poppers zijn samengesteld met een unieke mix van isopropyl nitriet en zijn ontworpen om je avonturen naar nieuwe hoogten van plezier te tillen.<\/p>\n<p>De Poppers Jungle Juice Plus biedt een snelle en intense rush die je zintuigen zal prikkelen en je in een staat van zalige extase zal brengen. Of je nu op zoek bent naar een extra stimulans tijdens intieme momenten of naar een spannende toevoeging aan je feestjes, deze poppers leveren een onvergetelijke ervaring.<\/p>\n<p>Met zijn handige fles van 15ml is de Poppers Jungle Juice Plus perfect voor onderweg. Of je nu een avondje uitgaat met vrienden, een feestje hebt of gewoon wat extra pit wilt toevoegen aan je priv\u00e9momenten, deze poppers zijn jouw ultieme metgezel.<\/p>\n<p>Kies voor plezier en opwinding met de Poppers Jungle Juice Plus 15ml van dutchchemlabs.com. Bestel vandaag nog en ontdek de grenzeloze mogelijkheden van genot en stimulatie met deze sensationele poppers!<\/p>\n<h2>Naro\u010deno pred 18:00 = dostavljeno jutri!<\/h2>\n<p><strong>Naro\u010deno pred 18:00 = dostavljeno jutri! <\/strong>Va\u0161e naro\u010dilo bo anonimno in diskretno poslano z na\u0161im stalnim partnerjem, dru\u017ebo PostNL. Poleg tega lahko preprosto in hitro pla\u010date z iDEAL ali Bancontact. Naro\u010dite prek spletnega mesta ali nas kontaktirajte prek klepeta. \u010ce imate kakr\u0161na koli vpra\u0161anja in\/ali pripombe, nas lahko vedno pokli\u010dete, po\u0161ljete e-po\u0161to ali nas pokli\u010dete. Za naro\u010dila ve\u010djih koli\u010din po\u0161ljite elektronsko sporo\u010dilo na naslov info@dutchchemlabs.com. Veselimo se va\u0161ega naro\u010dila!<\/p>\n<p>dutchchemlabs.com prodaja <a href=\"https:\/\/dutchchemlabs.com\/product-categorie\/research-chemicals\/\">Raziskovalne kemikalije<\/a> in \u0161e ve\u010d.<\/p>\n<div id=\"ConnectiveDocSignExtentionInstalled\" data-extension-version=\"1.0.4\"><\/div>","protected":false},"excerpt":{"rendered":"<ul>\n<li><strong>Diskretno in anonimno po\u0161iljanje<\/strong><\/li>\n<li><strong>Naro\u010deno pred 18:00 = dostavljeno jutri!<\/strong><\/li>\n<li><strong>Brezpla\u010dna dostava nad 50 \u20ac<\/strong><\/li>\n<\/ul>\n<div id=\"ConnectiveDocSignExtentionInstalled\" data-extension-version=\"1.0.4\"><\/div>","protected":false},"featured_media":3773,"comment_status":"open","ping_status":"closed","template":"","meta":[],"product_brand":[],"product_cat":[206,208],"product_tag":[],"class_list":{"0":"post-3747","1":"product","2":"type-product","3":"status-publish","4":"has-post-thumbnail","6":"product_cat-poppers","7":"product_cat-poppers-medium","9":"first","10":"instock","11":"taxable","12":"shipping-taxable","13":"purchasable","14":"product-type-simple"},"jetpack_sharing_enabled":true,"_links":{"self":[{"href":"https:\/\/dutchchemlabs.com\/sl\/wp-json\/wp\/v2\/product\/3747","targetHints":{"allow":["GET"]}}],"collection":[{"href":"https:\/\/dutchchemlabs.com\/sl\/wp-json\/wp\/v2\/product"}],"about":[{"href":"https:\/\/dutchchemlabs.com\/sl\/wp-json\/wp\/v2\/types\/product"}],"replies":[{"embeddable":true,"href":"https:\/\/dutchchemlabs.com\/sl\/wp-json\/wp\/v2\/comments?post=3747"}],"version-history":[{"count":1,"href":"https:\/\/dutchchemlabs.com\/sl\/wp-json\/wp\/v2\/product\/3747\/revisions"}],"predecessor-version":[{"id":3774,"href":"https:\/\/dutchchemlabs.com\/sl\/wp-json\/wp\/v2\/product\/3747\/revisions\/3774"}],"wp:featuredmedia":[{"embeddable":true,"href":"https:\/\/dutchchemlabs.com\/sl\/wp-json\/wp\/v2\/media\/3773"}],"wp:attachment":[{"href":"https:\/\/dutchchemlabs.com\/sl\/wp-json\/wp\/v2\/media?parent=3747"}],"wp:term":[{"taxonomy":"product_brand","embeddable":true,"href":"https:\/\/dutchchemlabs.com\/sl\/wp-json\/wp\/v2\/product_brand?post=3747"},{"taxonomy":"product_cat","embeddable":true,"href":"https:\/\/dutchchemlabs.com\/sl\/wp-json\/wp\/v2\/product_cat?post=3747"},{"taxonomy":"product_tag","embeddable":true,"href":"https:\/\/dutchchemlabs.com\/sl\/wp-json\/wp\/v2\/product_tag?post=3747"}],"curies":[{"name":"wp","href":"https:\/\/api.w.org\/{rel}","templated":true}]}}