{"id":5327,"date":"2025-09-20T09:25:40","date_gmt":"2025-09-20T09:25:40","guid":{"rendered":"https:\/\/dutchchemlabs.com\/?post_type=product&#038;p=5327"},"modified":"2025-11-08T07:39:11","modified_gmt":"2025-11-08T07:39:11","slug":"d-mex-dmxe-peleti-40-mg","status":"publish","type":"product","link":"https:\/\/dutchchemlabs.com\/sl\/product\/d-mex-dmxe-peleti-40-mg\/","title":{"rendered":"D-MEX DMXE peleti (40 mg)"},"content":{"rendered":"<h1>Kupite pelete D-MEX DMXE<\/h1>\n<p>D-MEX DMXE je raziskovalna kemikalija in ni namenjena za prehrano ljudi. D-MEX DMXE lahko kupite na dutchchemlabs.com. \u010ce ga naro\u010dite pred 18:00, bo dostavljen naslednji dan! Pri nas lahko varno in enostavno pla\u010date z iDEAL, kreditno kartico, ban\u010dnim nakazilom in kriptovalutami, kot ste navajeni. Naro\u010dite D-MEX DMXE na dutchchemlabs.com. Ponujamo tudi <a href=\"https:\/\/dutchchemlabs.com\/product-categorie\/research-chemicals\/cathinonen\/2mmc-kopen\/\">2MMC<\/a>, <a href=\"https:\/\/dutchchemlabs.com\/product-categorie\/research-chemicals\/cathinonen\/pentedrone-nep\/\">Pentedrone (NEP)<\/a>,\u00a0<a href=\"https:\/\/dutchchemlabs.com\/product-categorie\/research-chemicals\/cathinonen\/3fmc\/\">3FMC<\/a> in druge raziskovalne kemikalije za.<\/p>\n<h2>Zakaj je D-MEX DMXE tako poseben?<\/h2>\n<p><strong>1. Kakovost Premium:<\/strong> Na\u0161i peleti vsebujejo naj\u010distej\u0161i D-MEX DMXE, ki je natan\u010dno odmerjen po 40 mg na pelet, kar zagotavlja dosledno in mo\u010dno izku\u0161njo.<\/p>\n<p><strong>2. Natan\u010dno odmerjanje:<\/strong> Vsaka peleta zagotavlja natan\u010den odmerek, zato pri odmerjanju odmerka ni treba ugibati.<\/p>\n<p><strong>3. Varnost na prvem mestu:<\/strong> Varnost na\u0161ih strank je za nas najpomembnej\u0161a. Na\u0161e izdelke temeljito testiramo glede \u010distosti in kakovosti, da vam zagotovimo varno in odgovorno potovanje.<\/p>\n<p><strong>4. Globoka mistika:<\/strong> D-MEX DMXE je znan po tem, da je sposoben spodbuditi globoko introspekcijo, vizualne zaznave in ob\u010dutek povezanosti z vesoljem. Je vrhunsko iskanje notranje modrosti.<\/p>\n<p><strong>5. Diskretno pakiranje:<\/strong> Va\u0161e naro\u010dilo bo zapakirano in poslano diskretno, da bo zagotovljena va\u0161a zasebnost.<\/p>\n<p>OPOZORILO: Ti peleti so namenjeni le izku\u0161enim uporabnikom in z njimi je treba ravnati previdno. Pred preizku\u0161anjem novih snovi se vedno posvetujte z zdravstvenim delavcem, ta izdelek pa uporabljajte le v varnem in zaupanja vrednem okolju.<\/p>\n<p>Naro\u010dite D-MEX DMXE 40 mg pelete \u0161e danes in se pripravite na izjemno potovanje v neznano. Pri D-MEXPellets.co.uk smo vam pripravljeni ponuditi najbolj fascinantno in transformativno izku\u0161njo med va\u0161im iskanjem notranjega odkritja.<\/p>\n<h2>Tveganja D-MEX DMXE<\/h2>\n<ul>\n<li>D-MEX DMXE 40 mg peleti lahko povzro\u010di dra\u017eenje dihal.<\/li>\n<li>D-MEX DMXE 40 mg peleti lahko povzro\u010di dra\u017eenje o\u010di.<\/li>\n<li>D-MEX DMXE 40mg Pellets ni namenjen za prehrano ljudi<\/li>\n<\/ul>\n<h2>Naro\u010deno pred 18:00 = dostavljeno jutri!<\/h2>\n<p><strong>Naro\u010deno pred 18:00 = dostavljeno jutri!\u00a0<\/strong>Va\u0161e naro\u010dilo bo anonimno in diskretno poslano z na\u0161im stalnim partnerjem, dru\u017ebo PostNL. Poleg tega lahko preprosto in hitro pla\u010date z iDeal ali Bancontact. Naro\u010dite prek spletnega mesta ali nas kontaktirajte prek klepeta. Za vpra\u0161anja in\/ali komentarje nas lahko vedno pokli\u010dete, po\u0161ljete e-po\u0161to ali nas pokli\u010dete. Za naro\u010dila ve\u010djih koli\u010din po\u0161ljite elektronsko sporo\u010dilo na naslov info@dutchchemlabs.com. Veselimo se va\u0161ega naro\u010dila!<\/p>\n<h2>Naro\u010danje velikih koli\u010din peletov D-MEX DMXE<\/h2>\n<p>\u017delite naro\u010diti D-MEX DMXE 40 mg Pellets v ve\u010djih koli\u010dinah? Potem nas kontaktirajte prek klepeta. dutchchemlabs.com ponuja konkuren\u010dne cene za ve\u010dje koli\u010dine. Ne \u010dakajte ve\u010d in stopite v stik \u0161e danes.<\/p>\n<div id=\"ConnectiveDocSignExtentionInstalled\" data-extension-version=\"1.0.4\"><\/div>","protected":false},"excerpt":{"rendered":"<ul>\n<li><strong>Diskretno in anonimno po\u0161iljanje<\/strong><\/li>\n<li><strong>Naro\u010deno pred 18:00 = dostavljeno jutri!<\/strong><\/li>\n<li><strong>Brezpla\u010dna dostava nad 50 \u20ac<\/strong><\/li>\n<\/ul>\n<div id=\"ConnectiveDocSignExtentionInstalled\" data-extension-version=\"1.0.4\"><\/div>","protected":false},"featured_media":8896,"comment_status":"open","ping_status":"closed","template":"","meta":[],"product_brand":[],"product_cat":[184,308,573],"product_tag":[],"class_list":{"0":"post-5327","1":"product","2":"type-product","3":"status-publish","4":"has-post-thumbnail","6":"product_cat-arylcyclohexylamine","7":"product_cat-dmxe","8":"product_cat-pellets","10":"first","11":"instock","12":"taxable","13":"shipping-taxable","14":"purchasable","15":"product-type-variable"},"jetpack_sharing_enabled":true,"_links":{"self":[{"href":"https:\/\/dutchchemlabs.com\/sl\/wp-json\/wp\/v2\/product\/5327","targetHints":{"allow":["GET"]}}],"collection":[{"href":"https:\/\/dutchchemlabs.com\/sl\/wp-json\/wp\/v2\/product"}],"about":[{"href":"https:\/\/dutchchemlabs.com\/sl\/wp-json\/wp\/v2\/types\/product"}],"replies":[{"embeddable":true,"href":"https:\/\/dutchchemlabs.com\/sl\/wp-json\/wp\/v2\/comments?post=5327"}],"version-history":[{"count":2,"href":"https:\/\/dutchchemlabs.com\/sl\/wp-json\/wp\/v2\/product\/5327\/revisions"}],"predecessor-version":[{"id":8897,"href":"https:\/\/dutchchemlabs.com\/sl\/wp-json\/wp\/v2\/product\/5327\/revisions\/8897"}],"wp:featuredmedia":[{"embeddable":true,"href":"https:\/\/dutchchemlabs.com\/sl\/wp-json\/wp\/v2\/media\/8896"}],"wp:attachment":[{"href":"https:\/\/dutchchemlabs.com\/sl\/wp-json\/wp\/v2\/media?parent=5327"}],"wp:term":[{"taxonomy":"product_brand","embeddable":true,"href":"https:\/\/dutchchemlabs.com\/sl\/wp-json\/wp\/v2\/product_brand?post=5327"},{"taxonomy":"product_cat","embeddable":true,"href":"https:\/\/dutchchemlabs.com\/sl\/wp-json\/wp\/v2\/product_cat?post=5327"},{"taxonomy":"product_tag","embeddable":true,"href":"https:\/\/dutchchemlabs.com\/sl\/wp-json\/wp\/v2\/product_tag?post=5327"}],"curies":[{"name":"wp","href":"https:\/\/api.w.org\/{rel}","templated":true}]}}