{"id":5595,"date":"2025-09-20T11:30:04","date_gmt":"2025-09-20T11:30:04","guid":{"rendered":"https:\/\/dutchchemlabs.com\/?post_type=product&#038;p=5595"},"modified":"2025-11-08T07:39:10","modified_gmt":"2025-11-08T07:39:10","slug":"2f-ketamine-2fdck-pellets-100mg","status":"publish","type":"product","link":"https:\/\/dutchchemlabs.com\/sl\/product\/2f-ketamine-2fdck-pellets-100mg\/","title":{"rendered":"2F-Ketamine (2FDCK) pellets 100mg"},"content":{"rendered":"<h1>2F-Ketamine (2FDCK) pellets kopen<\/h1>\n<p>2F Ketamine is een onderzoekschemische stof en niet bedoeld voor menselijke consumptie. Je kunt 2F Ketamine kopen bij dutchchemlabs.com. Als je v\u00f3\u00f3r 18:00 uur bestelt, wordt het de volgende dag al geleverd! Bij ons kun je veilig en gemakkelijk betalen met iDEAL, CreditCard, bankoverschrijving en crypto, zoals je gewend bent. 2F Ketamine bestellen doe je bij dutchchemlabs.com. Wij bieden ook <a href=\"https:\/\/dutchchemlabs.com\/product-categorie\/research-chemicals\/cathinonen\/2mmc-kopen\/\">2MMC<\/a>, <a href=\"https:\/\/dutchchemlabs.com\/product-categorie\/research-chemicals\/cathinonen\/pentedrone-nep\/\">Pentedrone (NEP)<\/a>,\u00a0<a href=\"https:\/\/dutchchemlabs.com\/product-categorie\/research-chemicals\/cathinonen\/3fmc\/\">3FMC<\/a> in druge raziskovalne kemikalije za.<\/p>\n<h2>Wat is 2F-Ketamine (2-FDCK)<\/h2>\n<p><strong>Productkenmerken:<\/strong><\/p>\n<ul>\n<li><strong>Hoogwaardige Kwaliteit:<\/strong> Elke pellet bevat exact 100mg 2F-Ketamine (2FDCK), waardoor nauwkeurige dosering en consistentie verzekerd zijn.<\/li>\n<li><strong>Onderzoekstoepassing:<\/strong> Speciaal ontwikkeld voor gebruik in wetenschappelijk onderzoek, waarbij de zuiverheid en samenstelling van het grootste belang zijn.<\/li>\n<li><strong>Veilig Verpakt:<\/strong> De pellets zijn veilig en discreet verpakt, waarbij de integriteit van het product gewaarborgd blijft.<\/li>\n<\/ul>\n<p><strong>Voordelen:<\/strong><\/p>\n<ul>\n<li>Nauwkeurige dosering voor betrouwbare onderzoeksresultaten.<\/li>\n<li>Ideaal voor laboratoria en onderzoeksinstituten die streven naar precisie.<\/li>\n<li>Gemakkelijk hanteerbare vorm voor effici\u00ebnte opslag en gebruik.<\/li>\n<\/ul>\n<p><strong>Gebruik en Opslag:<\/strong> Deze pellets zijn uitsluitend bedoeld voor onderzoeksdoeleinden. Bewaar ze op een koele, droge plaats, buiten bereik van direct zonlicht. Zorg voor een veilige opslag, buiten bereik van onbevoegden.<\/p>\n<p><strong>Belangrijke Informatie:<\/strong> Dit product is niet bestemd voor menselijke consumptie of enig gebruik buiten een gecontroleerde onderzoeksomgeving. Het is de verantwoordelijkheid van de gebruiker om alle relevante wet- en regelgeving te volgen. dutchchemlabs.com is niet verantwoordelijk voor oneigenlijk gebruik van dit product.<\/p>\n<p>Bestel nu uw 2F-Ketamine (2FDCK) Pellets 100mg bij dutchchemlabs.com en ervaar de kwaliteit en betrouwbaarheid die essentieel zijn voor uw onderzoeksbehoeften.<\/p>\n<h2>Naro\u010deno pred 18:00 = dostavljeno jutri!<\/h2>\n<p>2F-Ketamine (2FDCK) pelletskopen? Bestel vandaag nog de allerhoogste kwaliteit 2F-Ketamine (2FDCK) pellets bij dutchchemlabs.com.<strong> Naro\u010deno pred 18:00 = dostavljeno jutri! <\/strong>Va\u0161e naro\u010dilo bo poslano anonimno in diskretno z na\u0161o redno kurirsko slu\u017ebo. Poleg tega lahko preprosto in hitro pla\u010date z iDEAL, Bancontact ali Crypto. Naro\u010dite prek spletnega mesta ali nas kontaktirajte prek klepeta. \u010ce imate kakr\u0161na koli vpra\u0161anja in\/ali pripombe, nas lahko vedno pokli\u010dete, po\u0161ljete e-po\u0161to ali nas pokli\u010dete. Za naro\u010dila ve\u010djih koli\u010din po\u0161ljite e-po\u0161to na naslov info@dutchchemlabs.com. Veselimo se va\u0161ega naro\u010dila!<\/p>\n<h2>Dobavljamo tudi velike koli\u010dine<\/h2>\n<p>Wil je graag 2F-Ketamine (2FDCK) pellets bestellen in grotere hoeveelheden? Neem dan contact op via de chat. dutchchemlabs.com bied scherpe tarieven voor grotere hoeveelheden. Wacht niet langer en neem vandaag nog contact op. Contacteer ons via de chat. dutchchemlabs.com biedt scherpe tarieven voor grotere hoeveelheden.<\/p>\n<div id=\"ConnectiveDocSignExtentionInstalled\" data-extension-version=\"1.0.4\"><\/div>","protected":false},"excerpt":{"rendered":"<ul>\n<li><strong>Diskretno in anonimno po\u0161iljanje<\/strong><\/li>\n<li><strong>Naro\u010deno pred 18:00 = dostavljeno jutri!<\/strong><\/li>\n<li><strong>Brezpla\u010dna dostava nad 50 \u20ac<\/strong><\/li>\n<\/ul>\n<div id=\"ConnectiveDocSignExtentionInstalled\" data-extension-version=\"1.0.4\"><\/div>","protected":false},"featured_media":8976,"comment_status":"open","ping_status":"closed","template":"","meta":[],"product_brand":[],"product_cat":[319,184,573],"product_tag":[],"class_list":{"0":"post-5595","1":"product","2":"type-product","3":"status-publish","4":"has-post-thumbnail","6":"product_cat-2f-ketamine-2fdck","7":"product_cat-arylcyclohexylamine","8":"product_cat-pellets","10":"first","11":"instock","12":"taxable","13":"shipping-taxable","14":"purchasable","15":"product-type-variable"},"jetpack_sharing_enabled":true,"_links":{"self":[{"href":"https:\/\/dutchchemlabs.com\/sl\/wp-json\/wp\/v2\/product\/5595","targetHints":{"allow":["GET"]}}],"collection":[{"href":"https:\/\/dutchchemlabs.com\/sl\/wp-json\/wp\/v2\/product"}],"about":[{"href":"https:\/\/dutchchemlabs.com\/sl\/wp-json\/wp\/v2\/types\/product"}],"replies":[{"embeddable":true,"href":"https:\/\/dutchchemlabs.com\/sl\/wp-json\/wp\/v2\/comments?post=5595"}],"version-history":[{"count":3,"href":"https:\/\/dutchchemlabs.com\/sl\/wp-json\/wp\/v2\/product\/5595\/revisions"}],"predecessor-version":[{"id":8887,"href":"https:\/\/dutchchemlabs.com\/sl\/wp-json\/wp\/v2\/product\/5595\/revisions\/8887"}],"wp:featuredmedia":[{"embeddable":true,"href":"https:\/\/dutchchemlabs.com\/sl\/wp-json\/wp\/v2\/media\/8976"}],"wp:attachment":[{"href":"https:\/\/dutchchemlabs.com\/sl\/wp-json\/wp\/v2\/media?parent=5595"}],"wp:term":[{"taxonomy":"product_brand","embeddable":true,"href":"https:\/\/dutchchemlabs.com\/sl\/wp-json\/wp\/v2\/product_brand?post=5595"},{"taxonomy":"product_cat","embeddable":true,"href":"https:\/\/dutchchemlabs.com\/sl\/wp-json\/wp\/v2\/product_cat?post=5595"},{"taxonomy":"product_tag","embeddable":true,"href":"https:\/\/dutchchemlabs.com\/sl\/wp-json\/wp\/v2\/product_tag?post=5595"}],"curies":[{"name":"wp","href":"https:\/\/api.w.org\/{rel}","templated":true}]}}